{"id":893,"date":"2025-01-24T08:48:43","date_gmt":"2025-01-24T11:48:43","guid":{"rendered":"https:\/\/delec.com.uy\/?post_type=product&#038;p=893"},"modified":"2025-03-06T12:37:49","modified_gmt":"2025-03-06T15:37:49","slug":"trunerv-block-trucorp","status":"publish","type":"product","link":"https:\/\/delec.com.uy\/en\/product\/trunerv-block-trucorp\/","title":{"rendered":"TNB110 &#8211; TruNerv Block &#8211; TruCorp"},"content":{"rendered":"<div class=\"tc__pro-content first\">\n<div class=\"headline_area\">\n<div class=\"product_shot_secr\">\n<p>Este innovador modelo de ultrasonido 3 en 1 brinda capacitaci\u00f3n pr\u00e1ctica en:<\/p>\n<ul>\n<li><strong>Bloqueos nerviosos guiados por ecograf\u00eda<\/strong>\u00a0con capacidad para verificar la ubicaci\u00f3n de la punta de la aguja<\/li>\n<li><strong>Inserci\u00f3n intravenosa por ultrasonido<\/strong>\u00a0con vasos incrustados y flashback de sangre realista<\/li>\n<li><strong>Imagen \u00f3sea por ultrasonido<\/strong>\u00a0presentando una estructura \u00f3sea fracturada<\/li>\n<\/ul>\n<p><strong>Formaci\u00f3n efectiva en anestesia regional guiada por ecograf\u00eda<\/strong><\/p>\n<p>Los anestesistas en formaci\u00f3n desarrollan, practican y mantienen las habilidades necesarias para utilizar el ultrasonido para guiar la anestesia regional y los procedimientos de acceso vascular. Se puede inyectar l\u00edquido anest\u00e9sico simulado alrededor del nervio.<\/p>\n<p><strong>Realista. Durable. F\u00e1cil de configurar.<\/strong><\/p>\n<p>TruNerve Block es ideal para medicina de emergencia, radiolog\u00eda, programas de capacitaci\u00f3n quir\u00fargica, programas de capacitaci\u00f3n en ultrasonido, centros de simulaci\u00f3n, centros de habilidades quir\u00fargicas, instalaciones de educaci\u00f3n m\u00e9dica y fabricantes para educaci\u00f3n y demostraciones de ultrasonido.<\/p>\n<\/div>\n<\/div>\n<\/div>\n<div class=\"tc__pro-content first\">\n<h6 class=\"tc__last-title tc__pink-txt\">Caracter\u00edsticas del modelo<\/h6>\n<ul class=\"tc__icon\">\n<li>Contiene una capa epid\u00e9rmica, dos vasos simulados (4 mm), un haz de nervios (con arteria y vena circundantes), un hueso fracturado y capas de fascia.<\/li>\n<li>El haz de nervios permite la entrada y salida de l\u00edquidos para la administraci\u00f3n de l\u00edquidos anest\u00e9sicos.<\/li>\n<li>Flujo de fluido positivo cuando se accede con precisi\u00f3n a los vasos<\/li>\n<li>Flujo sangu\u00edneo constante para un flashback realista<\/li>\n<li>Im\u00e1genes de flujo Doppler color<\/li>\n<li>M\u00e1s de 1000 incisiones con aguja con autocuraci\u00f3n\/regeneraci\u00f3n del material TruUltra<\/li>\n<li>Las huellas de las agujas desaparecen con un da\u00f1o m\u00ednimo al material.<\/li>\n<li>Opciones de visualizaci\u00f3n anat\u00f3mica longitudinal y transversal<\/li>\n<li>Identificaci\u00f3n y artefacto realistas de la punta de la aguja<\/li>\n<li>\u00daselo con cualquier sistema de im\u00e1genes de ultrasonido con sonda transcuder adecuada (se recomienda un transductor de matriz lineal de alta frecuencia de 5 a 12 mhz)<\/li>\n<li>Peso: 1,8 kg (4 lb) [Inserto de ultrasonido = 800 g (1,8 lb) y z\u00f3calo del producto = 1 kg (2,2 lb)]<\/li>\n<li>Dimensiones: 350 mm x 150 mm x 110 mm (inserto de ultrasonido -160 mm x 140 mm x 40 mm)<\/li>\n<\/ul>\n<\/div>\n","protected":false},"excerpt":{"rendered":"<p>Modelo 3 en 1 de ultrasonido para entrenamiento en bloqueos nerviosos y acceso vascular. [&#8230;]<\/p>\n<p><a class=\"btn btn-secondary understrap-read-more-link\" href=\"https:\/\/delec.com.uy\/en\/product\/trunerv-block-trucorp\/\">Read More&#8230;<span class=\"screen-reader-text\"> from TNB110 &#8211; TruNerv Block &#8211; TruCorp<\/span><\/a><\/p>\n","protected":false},"featured_media":4494,"template":"","meta":{"_acf_changed":false,"_joinchat":[]},"product_brand":[65],"product_cat":[63,52],"product_tag":[],"class_list":{"0":"post-893","1":"product","2":"type-product","3":"status-publish","4":"has-post-thumbnail","6":"product_brand-trucorp","7":"product_cat-todos","8":"product_cat-anestesiologia","10":"first","11":"instock","12":"shipping-taxable","13":"purchasable","14":"product-type-simple"},"acf":[],"jetpack_sharing_enabled":true,"_links":{"self":[{"href":"https:\/\/delec.com.uy\/en\/wp-json\/wp\/v2\/product\/893","targetHints":{"allow":["GET"]}}],"collection":[{"href":"https:\/\/delec.com.uy\/en\/wp-json\/wp\/v2\/product"}],"about":[{"href":"https:\/\/delec.com.uy\/en\/wp-json\/wp\/v2\/types\/product"}],"wp:featuredmedia":[{"embeddable":true,"href":"https:\/\/delec.com.uy\/en\/wp-json\/wp\/v2\/media\/4494"}],"wp:attachment":[{"href":"https:\/\/delec.com.uy\/en\/wp-json\/wp\/v2\/media?parent=893"}],"wp:term":[{"taxonomy":"product_brand","embeddable":true,"href":"https:\/\/delec.com.uy\/en\/wp-json\/wp\/v2\/product_brand?post=893"},{"taxonomy":"product_cat","embeddable":true,"href":"https:\/\/delec.com.uy\/en\/wp-json\/wp\/v2\/product_cat?post=893"},{"taxonomy":"product_tag","embeddable":true,"href":"https:\/\/delec.com.uy\/en\/wp-json\/wp\/v2\/product_tag?post=893"}],"curies":[{"name":"wp","href":"https:\/\/api.w.org\/{rel}","templated":true}]}}