{"id":824,"date":"2025-02-07T16:44:01","date_gmt":"2025-02-07T19:44:01","guid":{"rendered":"https:\/\/delec.com.uy\/?post_type=product&#038;p=824"},"modified":"2025-02-20T10:45:01","modified_gmt":"2025-02-20T13:45:01","slug":"simulador-de-paciente-lucina","status":"publish","type":"product","link":"https:\/\/delec.com.uy\/en\/product\/simulador-de-paciente-lucina\/","title":{"rendered":"Lucina &#8211; Elevate Healthcare"},"content":{"rendered":"<p>Ofrezca una experiencia de capacitaci\u00f3n inmersiva antes y despu\u00e9s del parto con este simulador materno avanzado dise\u00f1ado para todo, desde la atenci\u00f3n cotidiana hasta partos dif\u00edciles.<\/p>\n<p>Lucina ofrece una experiencia de simulaci\u00f3n integral. Dise\u00f1ado para demostrar situaciones de embarazo y no embarazo, este maniqu\u00ed inal\u00e1mbrico incluye un feto para ense\u00f1ar los cuidados adecuados antes, durante y despu\u00e9s del parto, as\u00ed como un abdomen sin embarazo para situaciones cl\u00ednicas no relacionadas con la maternidad.<\/p>\n<p>Brindar atenci\u00f3n de parto normal y de emergencia.<br \/>\nLucina, que cuenta con un sistema de modelado fisiol\u00f3gico materno-fetal integrado, reacciona autom\u00e1ticamente a las intervenciones m\u00e9dicas; el beb\u00e9 llora al nacer y siente la cantidad de fuerza que se aplica en su cuello. Lucina es compatible con afecciones del embarazo, como parto de nalgas, distocia de hombros y hemorragia posparto. Hay equipo adicional disponible para ayudar a ense\u00f1ar la posici\u00f3n de parto en cuatro patas. Lucina, que cuenta con funciones avanzadas y m\u00faltiples experiencias cl\u00ednicas simuladas, ayuda a los alumnos a:<\/p>\n<p>\ud83d\udfe2Evaluar los sonidos pulmonares anteriores y posteriores<\/p>\n<p>\ud83d\udfe2Sea testigo de contracciones uterinas realistas<\/p>\n<p>\ud83d\udfe2Monitorizar signos vitales y datos maternos<\/p>\n<p>\ud83d\udfe2Escuchar los latidos del coraz\u00f3n fetal<\/p>\n<p>\ud83d\udfe2Cortar y pinzar cordones umbilicales<\/p>\n<p>\ud83d\udfe2Controlar el sangrado posparto y las inversiones uterinas<\/p>\n<p>\ud83d\udfe2Realizar RCP y analizar m\u00e9tricas<\/p>\n","protected":false},"excerpt":{"rendered":"<p>Lucina es un simulador materno avanzado que ofrece formaci\u00f3n realista en atenci\u00f3n prenatal, parto y emergencias obst\u00e9tricas, mejorando la capacitaci\u00f3n m\u00e9dica. [&#8230;]<\/p>\n<p><a class=\"btn btn-secondary understrap-read-more-link\" href=\"https:\/\/delec.com.uy\/en\/product\/simulador-de-paciente-lucina\/\">Read More&#8230;<span class=\"screen-reader-text\"> from Lucina &#8211; Elevate Healthcare<\/span><\/a><\/p>\n","protected":false},"featured_media":2776,"template":"","meta":{"_acf_changed":false,"_joinchat":[]},"product_brand":[62],"product_cat":[63,39,61],"product_tag":[],"class_list":{"0":"post-824","1":"product","2":"type-product","3":"status-publish","4":"has-post-thumbnail","6":"product_brand-elevate-heathcare","7":"product_cat-todos","8":"product_cat-pacientes-de-alta-fidelidad","9":"product_cat-simulador-de-paciente","11":"first","12":"instock","13":"shipping-taxable","14":"purchasable","15":"product-type-simple"},"acf":[],"jetpack_sharing_enabled":true,"_links":{"self":[{"href":"https:\/\/delec.com.uy\/en\/wp-json\/wp\/v2\/product\/824","targetHints":{"allow":["GET"]}}],"collection":[{"href":"https:\/\/delec.com.uy\/en\/wp-json\/wp\/v2\/product"}],"about":[{"href":"https:\/\/delec.com.uy\/en\/wp-json\/wp\/v2\/types\/product"}],"wp:featuredmedia":[{"embeddable":true,"href":"https:\/\/delec.com.uy\/en\/wp-json\/wp\/v2\/media\/2776"}],"wp:attachment":[{"href":"https:\/\/delec.com.uy\/en\/wp-json\/wp\/v2\/media?parent=824"}],"wp:term":[{"taxonomy":"product_brand","embeddable":true,"href":"https:\/\/delec.com.uy\/en\/wp-json\/wp\/v2\/product_brand?post=824"},{"taxonomy":"product_cat","embeddable":true,"href":"https:\/\/delec.com.uy\/en\/wp-json\/wp\/v2\/product_cat?post=824"},{"taxonomy":"product_tag","embeddable":true,"href":"https:\/\/delec.com.uy\/en\/wp-json\/wp\/v2\/product_tag?post=824"}],"curies":[{"name":"wp","href":"https:\/\/api.w.org\/{rel}","templated":true}]}}