{"id":815,"date":"2025-01-22T19:28:26","date_gmt":"2025-01-22T19:28:26","guid":{"rendered":"https:\/\/delec.com.uy\/?post_type=product&#038;p=815"},"modified":"2025-02-24T17:11:46","modified_gmt":"2025-02-24T20:11:46","slug":"ares-elevate","status":"publish","type":"product","link":"https:\/\/delec.com.uy\/en\/product\/ares-elevate\/","title":{"rendered":"Simulador de Paciente &#8211; JUNO"},"content":{"rendered":"<p>Un simulador de pacientes dise\u00f1ado para mejorar y optimizar las habilidades de enfermer\u00eda cl\u00ednica, desde el entrenamiento de tareas hasta la atenci\u00f3n avanzada al paciente.<br \/>\nJuno es un simulador de fidelidad media, dise\u00f1ado para ofrecer capacitaci\u00f3n integral en habilidades de enfermer\u00eda cl\u00ednica, incluida la traqueotom\u00eda, la ostom\u00eda y el cuidado bucal.<\/p>\n<p>Permite explorar habilidades de enfermer\u00eda cl\u00ednica b\u00e1sicas y avanzadas.<br \/>\nGracias a su amplia gama de articulaciones realistas, Juno puede sentarse erguido en un \u00e1ngulo de 90 grados. Aumente el realismo de las prioridades conflictivas de los pacientes ejecutando simulaciones sincronizadas en varios maniqu\u00edes Juno simult\u00e1neamente. Este maniqu\u00ed inal\u00e1mbrico y sin ataduras de fidelidad media es ideal para:<\/p>\n<p>\ud83d\udfe2 Administraci\u00f3n de l\u00edquidos (ojos y o\u00eddos)<\/p>\n<p>\ud83d\udfe2 Inyecciones intramusculares<\/p>\n<p>\ud83d\udfe2 Cuidado y mantenimiento de: &#8211; Sondas nasog\u00e1stricas &#8211; Sondas tor\u00e1cicas &#8211; Estomas &#8211; Traqueotom\u00edas<\/p>\n<p>\ud83d\udfe2 Inserciones intravenosas<\/p>\n","protected":false},"excerpt":{"rendered":"<p>Juno es un simulador de fidelidad media, dise\u00f1ado para ofrecer capacitaci\u00f3n integral en habilidades de enfermer\u00eda cl\u00ednica, incluida la traqueotom\u00eda, la ostom\u00eda y el cuidado bucal. [&#8230;]<\/p>\n<p><a class=\"btn btn-secondary understrap-read-more-link\" href=\"https:\/\/delec.com.uy\/en\/product\/ares-elevate\/\">Read More&#8230;<span class=\"screen-reader-text\"> from Simulador de Paciente &#8211; JUNO<\/span><\/a><\/p>\n","protected":false},"featured_media":2766,"template":"","meta":{"_acf_changed":false,"_joinchat":[]},"product_brand":[62],"product_cat":[63,39,61],"product_tag":[],"class_list":{"0":"post-815","1":"product","2":"type-product","3":"status-publish","4":"has-post-thumbnail","6":"product_brand-elevate-heathcare","7":"product_cat-todos","8":"product_cat-pacientes-de-alta-fidelidad","9":"product_cat-simulador-de-paciente","11":"first","12":"instock","13":"shipping-taxable","14":"purchasable","15":"product-type-simple"},"acf":[],"jetpack_sharing_enabled":true,"_links":{"self":[{"href":"https:\/\/delec.com.uy\/en\/wp-json\/wp\/v2\/product\/815","targetHints":{"allow":["GET"]}}],"collection":[{"href":"https:\/\/delec.com.uy\/en\/wp-json\/wp\/v2\/product"}],"about":[{"href":"https:\/\/delec.com.uy\/en\/wp-json\/wp\/v2\/types\/product"}],"wp:featuredmedia":[{"embeddable":true,"href":"https:\/\/delec.com.uy\/en\/wp-json\/wp\/v2\/media\/2766"}],"wp:attachment":[{"href":"https:\/\/delec.com.uy\/en\/wp-json\/wp\/v2\/media?parent=815"}],"wp:term":[{"taxonomy":"product_brand","embeddable":true,"href":"https:\/\/delec.com.uy\/en\/wp-json\/wp\/v2\/product_brand?post=815"},{"taxonomy":"product_cat","embeddable":true,"href":"https:\/\/delec.com.uy\/en\/wp-json\/wp\/v2\/product_cat?post=815"},{"taxonomy":"product_tag","embeddable":true,"href":"https:\/\/delec.com.uy\/en\/wp-json\/wp\/v2\/product_tag?post=815"}],"curies":[{"name":"wp","href":"https:\/\/api.w.org\/{rel}","templated":true}]}}