{"id":4655,"date":"2025-03-06T17:31:07","date_gmt":"2025-03-06T20:31:07","guid":{"rendered":"https:\/\/delec.com.uy\/?post_type=product&#038;p=4655"},"modified":"2025-07-31T13:49:10","modified_gmt":"2025-07-31T16:49:10","slug":"p90pnd-simulador-de-parto-pro-p90-de-3b-scientific","status":"publish","type":"product","link":"https:\/\/delec.com.uy\/en\/product\/p90pnd-simulador-de-parto-pro-p90-de-3b-scientific\/","title":{"rendered":"P90PND Simulador de parto PRO P90 de &#8211; 3B Scientific"},"content":{"rendered":"<p>Simulaci\u00f3n\u00a0obst\u00e9trica para potenciar los efectos de la pr\u00e1ctica:<br \/>\nSimulador\u00a0de parto PRO P90 de 3B Scientific\u00ae ha sido desarrollado para la pr\u00e1ctica de competencias en partos normales y complicados y para las urgencias\u00a0obst\u00e9tricas. Se ha comprobado que la simulaci\u00f3n\u00a0obst\u00e9trica potencia los efectos de la pr\u00e1ctica de las competencias relacionadas con el parto, el respeto de los protocolos y la reacci\u00f3n en situaciones de emergencia.<\/p>\n<p>Evaluaci\u00f3n y manipulaci\u00f3n de las posiciones fetales:<br \/>\nLas complicaciones en el parto son generalmente menos habituales cuando se detectan las posiciones o presentaciones fetales an\u00f3malas antes del inicio del proceso. Mediante la simulaci\u00f3n\u00a0obst\u00e9trica, los estudiantes aprender\u00e1n a detectar posiciones y presentaciones an\u00f3malas y la manera de utilizar las t\u00e9cnicas manuales para asistir al proceso. La pr\u00e1ctica de las maniobras manuales de asistencia al parto (como Leopold o Pinard) es necesaria para aplicar las medidas correctas durante partos complicados. Adem\u00e1s, los estudiantes aprender\u00e1n cu\u00e1ndo aplicar intervenciones de emergencia\u00a0obst\u00e9trica (como la ces\u00e1rea). El\u00a0Simulador\u00a0de parto P90 PRO de 3B Scientific\u00ae permite visualizar c\u00f3mo afectan las maniobras manuales al feto en el \u00fatero y\u00a0practicar las siguientes competencias y t\u00e9cnicas para el parto:<\/p>\n<p>Parto vaginal normal<br \/>\nParto normal de cord\u00f3n umbilical y placenta<br \/>\nPalpaci\u00f3n y evaluaci\u00f3n de la posici\u00f3n y la presentaci\u00f3n fetal<br \/>\nDiagn\u00f3stico de todas las posiciones y presentaciones fetales normales y an\u00f3malas (cara, cuello, ceja) para representar alumbramientos tanto rutinarios como dif\u00edciles<br \/>\nManipulaci\u00f3n intrauterina del feto<br \/>\nDemostraci\u00f3n y gesti\u00f3n de distocia de hombros (canal de parto y huesos p\u00e9lvicos adaptables)<br \/>\nPartos en posici\u00f3n pod\u00e1lica (completa, incompleta o modo pie y franca)<br \/>\nPalpaci\u00f3n de las caracter\u00edsticas de las fontanelas fetales<br \/>\nAlumbramiento completo e incompleto de la placenta<br \/>\nDemostraci\u00f3n de la placenta previa: total, parcial y marginal<br \/>\nProlapso del cord\u00f3n umbilical<br \/>\nCord\u00f3n umbilical nucal<br \/>\nParto por ces\u00e1rea con incisi\u00f3n<br \/>\nRotura artificial de membranas (RAM, amniotom\u00eda)<br \/>\nPinzamiento y corte del cord\u00f3n umbilical<br \/>\nSucci\u00f3n simulada de la boca y la nariz del beb\u00e9<br \/>\nManiobra de Leopold<br \/>\nManiobra de Pinard<br \/>\nManiobra de Mauriceu<br \/>\nManiobra de Praga<br \/>\nManiobra de Woods<\/p>\n","protected":false},"excerpt":{"rendered":"<p>Simulador de parto para practicar partos normales, complicados y emergencias. [&#8230;]<\/p>\n<p><a class=\"btn btn-secondary understrap-read-more-link\" href=\"https:\/\/delec.com.uy\/en\/product\/p90pnd-simulador-de-parto-pro-p90-de-3b-scientific\/\">Read More&#8230;<span class=\"screen-reader-text\"> from P90PND Simulador de parto PRO P90 de &#8211; 3B Scientific<\/span><\/a><\/p>\n","protected":false},"featured_media":4662,"template":"","meta":{"_acf_changed":false,"_joinchat":[]},"product_brand":[60],"product_cat":[63,48],"product_tag":[],"class_list":{"0":"post-4655","1":"product","2":"type-product","3":"status-publish","4":"has-post-thumbnail","6":"product_brand-3b-scientific","7":"product_cat-todos","8":"product_cat-habilidades-clinicas","10":"first","11":"instock","12":"shipping-taxable","13":"purchasable","14":"product-type-simple"},"acf":[],"jetpack_sharing_enabled":true,"_links":{"self":[{"href":"https:\/\/delec.com.uy\/en\/wp-json\/wp\/v2\/product\/4655","targetHints":{"allow":["GET"]}}],"collection":[{"href":"https:\/\/delec.com.uy\/en\/wp-json\/wp\/v2\/product"}],"about":[{"href":"https:\/\/delec.com.uy\/en\/wp-json\/wp\/v2\/types\/product"}],"wp:featuredmedia":[{"embeddable":true,"href":"https:\/\/delec.com.uy\/en\/wp-json\/wp\/v2\/media\/4662"}],"wp:attachment":[{"href":"https:\/\/delec.com.uy\/en\/wp-json\/wp\/v2\/media?parent=4655"}],"wp:term":[{"taxonomy":"product_brand","embeddable":true,"href":"https:\/\/delec.com.uy\/en\/wp-json\/wp\/v2\/product_brand?post=4655"},{"taxonomy":"product_cat","embeddable":true,"href":"https:\/\/delec.com.uy\/en\/wp-json\/wp\/v2\/product_cat?post=4655"},{"taxonomy":"product_tag","embeddable":true,"href":"https:\/\/delec.com.uy\/en\/wp-json\/wp\/v2\/product_tag?post=4655"}],"curies":[{"name":"wp","href":"https:\/\/api.w.org\/{rel}","templated":true}]}}