{"id":4641,"date":"2025-03-06T17:17:42","date_gmt":"2025-03-06T20:17:42","guid":{"rendered":"https:\/\/delec.com.uy\/?post_type=product&#038;p=4641"},"modified":"2025-03-06T17:20:55","modified_gmt":"2025-03-06T20:20:55","slug":"3011905-intro-conjunto-de-laboratorio-pro-para-obstetricia-3b-scientific","status":"publish","type":"product","link":"https:\/\/delec.com.uy\/en\/product\/3011905-intro-conjunto-de-laboratorio-pro-para-obstetricia-3b-scientific\/","title":{"rendered":"3011905 Intro Conjunto de Laboratorio Pro para Obstetricia &#8211; 3B Scientific"},"content":{"rendered":"<p>El kit de laboratorio de obstetricia para estudiar la obstetricia, desde la concepci\u00f3n hasta el parto.<\/p>\n<p>Esta es la versi\u00f3n avanzada de nuestro Kit de laboratorio para OB, con m\u00e1s productos que la versi\u00f3n Basic. Observe el crecimiento y desarrollo de un embri\u00f3n hasta su estado fetal en modelos detallados de tama\u00f1o real montados sobre una base. Estudie las fases del nacimiento desde el cuello uterino cerrado hasta el desplazamiento del feto por la pelvis y la expulsi\u00f3n de la placenta. Obtenga experiencia pr\u00e1ctica en la identificaci\u00f3n del progreso del parto, sobre partos en situaciones normales y complicadas, y realice episiotom\u00edas de distinta gravedad usando los simuladores de 3B Scientific. \u00a1Id\u00f3neo para cualquier clase sobre obstetricia!<\/p>\n<p>Incluye:<br \/>\nP90P Simulador de parto Pro<br \/>\nP94 Simulador de fases del parto<br \/>\nP95 Simulador de episiotom\u00eda y sutura<br \/>\nL11\/9 Serie de embarazo Basic<br \/>\nVG393 Modelo de fases del parto<\/p>\n<p>Cada modelo anat\u00f3mico original de 3B Scientific\u00ae le proporciona acceso directo a su gemelo digital en un smartphone, tablet o dispositivo de sobremesa.<\/p>\n<p>Disfrute de contenido anat\u00f3mico virtual exclusivo con las siguientes caracter\u00edsticas:<\/p>\n<p>Rotaci\u00f3n libre, aumento y reducci\u00f3n del modelo digital<br \/>\nVisualizaci\u00f3n de las zonas activas y sus estructuras anat\u00f3micas<br \/>\nInicio del modelo de anatom\u00eda virtual mediante realidad aumentada (AR)<br \/>\nCuestionarios de anatom\u00eda para probar y mejorar su nivel de conocimientos anat\u00f3micos con resultados instant\u00e1neos y puntuaci\u00f3n final de evaluaci\u00f3n<br \/>\nFunci\u00f3n de dibujo para personalizar, guardar y compartir im\u00e1genes<br \/>\nFunci\u00f3n de notas \u00fatiles para ayudarlo con su aprendizaje personal<br \/>\nAprendizaje de anatom\u00eda masculina y femenina<br \/>\nF\u00e1cil acceso a contenido 3D con y sin conexi\u00f3n<br \/>\nDisponible en 11 idiomas<\/p>\n","protected":false},"excerpt":{"rendered":"<p>Kit avanzado de obstetricia para estudiar embarazo, parto y episiotom\u00eda. [&#8230;]<\/p>\n<p><a class=\"btn btn-secondary understrap-read-more-link\" href=\"https:\/\/delec.com.uy\/en\/product\/3011905-intro-conjunto-de-laboratorio-pro-para-obstetricia-3b-scientific\/\">Read More&#8230;<span class=\"screen-reader-text\"> from 3011905 Intro Conjunto de Laboratorio Pro para Obstetricia &#8211; 3B Scientific<\/span><\/a><\/p>\n","protected":false},"featured_media":4642,"template":"","meta":{"_acf_changed":false,"_joinchat":[]},"product_brand":[60],"product_cat":[63,48,59],"product_tag":[],"class_list":{"0":"post-4641","1":"product","2":"type-product","3":"status-publish","4":"has-post-thumbnail","6":"product_brand-3b-scientific","7":"product_cat-todos","8":"product_cat-habilidades-clinicas","9":"product_cat-modelos-anatomicos","11":"first","12":"instock","13":"shipping-taxable","14":"purchasable","15":"product-type-simple"},"acf":[],"jetpack_sharing_enabled":true,"_links":{"self":[{"href":"https:\/\/delec.com.uy\/en\/wp-json\/wp\/v2\/product\/4641","targetHints":{"allow":["GET"]}}],"collection":[{"href":"https:\/\/delec.com.uy\/en\/wp-json\/wp\/v2\/product"}],"about":[{"href":"https:\/\/delec.com.uy\/en\/wp-json\/wp\/v2\/types\/product"}],"wp:featuredmedia":[{"embeddable":true,"href":"https:\/\/delec.com.uy\/en\/wp-json\/wp\/v2\/media\/4642"}],"wp:attachment":[{"href":"https:\/\/delec.com.uy\/en\/wp-json\/wp\/v2\/media?parent=4641"}],"wp:term":[{"taxonomy":"product_brand","embeddable":true,"href":"https:\/\/delec.com.uy\/en\/wp-json\/wp\/v2\/product_brand?post=4641"},{"taxonomy":"product_cat","embeddable":true,"href":"https:\/\/delec.com.uy\/en\/wp-json\/wp\/v2\/product_cat?post=4641"},{"taxonomy":"product_tag","embeddable":true,"href":"https:\/\/delec.com.uy\/en\/wp-json\/wp\/v2\/product_tag?post=4641"}],"curies":[{"name":"wp","href":"https:\/\/api.w.org\/{rel}","templated":true}]}}