{"id":4632,"date":"2025-03-06T17:15:19","date_gmt":"2025-03-06T20:15:19","guid":{"rendered":"https:\/\/delec.com.uy\/?post_type=product&#038;p=4632"},"modified":"2025-03-06T17:15:19","modified_gmt":"2025-03-06T20:15:19","slug":"p94-entrenador-de-las-fases-del-parto-3b-scientific","status":"publish","type":"product","link":"https:\/\/delec.com.uy\/en\/product\/p94-entrenador-de-las-fases-del-parto-3b-scientific\/","title":{"rendered":"P94 Entrenador de las fases del parto &#8211; 3B Scientific"},"content":{"rendered":"<p>El entrenador de las fases del parto permite a los estudiantes y aprendices del \u00e1mbito profesional de asistencia al parto (matrona y obstetra) aprender a realizar una evaluaci\u00f3n correcta de la evoluci\u00f3n del parto mediante exploraci\u00f3n manual. La preparaci\u00f3n con el entrenador de las fases del parto permite mejorar ostensiblemente los est\u00e1ndares de asistencia al parto en el d\u00eda a d\u00eda cl\u00ednico.<\/p>\n<p>El entrenador se compone de un conjunto de 6 piezas que representan distintos estados de la dilataci\u00f3n y la permeabilidad cervicales. Las piezas se pueden emplear por separado o como m\u00f3dulos de ampliaci\u00f3n del simulador de parto P90. Desde fuera resulta imposible distinguir cada pieza, aunque cuentan con un c\u00f3digo num\u00e9rico en la parte posterior gracias al cual se identifica en qu\u00e9 fase del parto se encuentra la c\u00e9rvix de cada pieza.<\/p>\n<p>Se representan las siguientes alturas de presentaci\u00f3n y fases del parto:<br \/>\nPieza n\u00fam. 1: C\u00e9rvix cerrada (0,5 cm), altura -2<br \/>\nPieza n\u00fam. 2: Apertura c\u00e9rvix 2 cm, altura -2<br \/>\nPieza n\u00fam. 3: Apertura c\u00e9rvix 3 cm, semipermeable; altura -2<br \/>\nPieza n\u00fam. 4: Apertura c\u00e9rvix 5 cm, permeable; altura -1<br \/>\nPieza n\u00fam. 5: Apertura c\u00e9rvix 7 cm, permeable; altura -1<br \/>\nPieza n\u00fam. 6: Apertura c\u00e9rvix 9 cm, permeable; altura 0<br \/>\nVolumen de entrega:<br \/>\n6 piezas de fases del parto<br \/>\nPlaca de fijaci\u00f3n con 4 tornillos (para su uso opcional con el Simulador de parto P90)<br \/>\nLubricante<br \/>\nBolsa de transporte<\/p>\n","protected":false},"excerpt":{"rendered":"<p>Entrenador de fases del parto para evaluar dilataci\u00f3n cervical y presentaci\u00f3n. [&#8230;]<\/p>\n<p><a class=\"btn btn-secondary understrap-read-more-link\" href=\"https:\/\/delec.com.uy\/en\/product\/p94-entrenador-de-las-fases-del-parto-3b-scientific\/\">Read More&#8230;<span class=\"screen-reader-text\"> from P94 Entrenador de las fases del parto &#8211; 3B Scientific<\/span><\/a><\/p>\n","protected":false},"featured_media":4633,"template":"","meta":{"_acf_changed":false,"_joinchat":[]},"product_brand":[60],"product_cat":[63,47,59],"product_tag":[],"class_list":{"0":"post-4632","1":"product","2":"type-product","3":"status-publish","4":"has-post-thumbnail","6":"product_brand-3b-scientific","7":"product_cat-todos","8":"product_cat-habilidades-quirurgicas","9":"product_cat-modelos-anatomicos","11":"first","12":"instock","13":"shipping-taxable","14":"purchasable","15":"product-type-simple"},"acf":[],"jetpack_sharing_enabled":true,"_links":{"self":[{"href":"https:\/\/delec.com.uy\/en\/wp-json\/wp\/v2\/product\/4632","targetHints":{"allow":["GET"]}}],"collection":[{"href":"https:\/\/delec.com.uy\/en\/wp-json\/wp\/v2\/product"}],"about":[{"href":"https:\/\/delec.com.uy\/en\/wp-json\/wp\/v2\/types\/product"}],"wp:featuredmedia":[{"embeddable":true,"href":"https:\/\/delec.com.uy\/en\/wp-json\/wp\/v2\/media\/4633"}],"wp:attachment":[{"href":"https:\/\/delec.com.uy\/en\/wp-json\/wp\/v2\/media?parent=4632"}],"wp:term":[{"taxonomy":"product_brand","embeddable":true,"href":"https:\/\/delec.com.uy\/en\/wp-json\/wp\/v2\/product_brand?post=4632"},{"taxonomy":"product_cat","embeddable":true,"href":"https:\/\/delec.com.uy\/en\/wp-json\/wp\/v2\/product_cat?post=4632"},{"taxonomy":"product_tag","embeddable":true,"href":"https:\/\/delec.com.uy\/en\/wp-json\/wp\/v2\/product_tag?post=4632"}],"curies":[{"name":"wp","href":"https:\/\/api.w.org\/{rel}","templated":true}]}}