{"id":4613,"date":"2025-03-06T17:03:47","date_gmt":"2025-03-06T20:03:47","guid":{"rendered":"https:\/\/delec.com.uy\/?post_type=product&#038;p=4613"},"modified":"2025-03-06T17:05:20","modified_gmt":"2025-03-06T20:05:20","slug":"l30-pelvis-de-demostracion-del-parto-3b-scientific","status":"publish","type":"product","link":"https:\/\/delec.com.uy\/en\/product\/l30-pelvis-de-demostracion-del-parto-3b-scientific\/","title":{"rendered":"L30 P\u00e9lvis de demostraci\u00f3n del parto &#8211; 3B Scientific"},"content":{"rendered":"<p>Este modelo demuestra el progreso de la cabeza del feto durante el nacimiento. El simulador consiste de un esqueleto de la pelvis femenina con una s\u00ednfisis desmontable, el hueso de la cadera, el sacro, el coxis y dos v\u00e9rtebras lumbares articuladas para acomodar el pasaje de un cerebro fetal montado sobre un soporte omniposicional de cuello de ganso flexible. Sobre tablero.<br \/>\nCada modelo anat\u00f3mico original de 3B Scientific\u00ae le proporciona acceso directo a su gemelo digital en un smartphone, tablet o dispositivo de sobremesa.<\/p>\n<p>Disfrute de contenido anat\u00f3mico virtual exclusivo con las siguientes caracter\u00edsticas:<\/p>\n<p>Rotaci\u00f3n libre, aumento y reducci\u00f3n del modelo digital<br \/>\nVisualizaci\u00f3n de las zonas activas y sus estructuras anat\u00f3micas<br \/>\nInicio del modelo de anatom\u00eda virtual mediante realidad aumentada (AR)<br \/>\nCuestionarios de anatom\u00eda para probar y mejorar su nivel de conocimientos anat\u00f3micos con resultados instant\u00e1neos y puntuaci\u00f3n final de evaluaci\u00f3n<br \/>\nFunci\u00f3n de dibujo para personalizar, guardar y compartir im\u00e1genes<br \/>\nFunci\u00f3n de notas \u00fatiles para ayudarlo con su aprendizaje personal<br \/>\nAprendizaje de anatom\u00eda masculina y femenina<br \/>\nF\u00e1cil acceso a contenido 3D con y sin conexi\u00f3n<br \/>\nDisponible en 11 idiomas<\/p>\n","protected":false},"excerpt":{"rendered":"<p>Modelo anat\u00f3mico del parto con realidad aumentada para aprendizaje anat\u00f3mico. [&#8230;]<\/p>\n<p><a class=\"btn btn-secondary understrap-read-more-link\" href=\"https:\/\/delec.com.uy\/en\/product\/l30-pelvis-de-demostracion-del-parto-3b-scientific\/\">Read More&#8230;<span class=\"screen-reader-text\"> from L30 P\u00e9lvis de demostraci\u00f3n del parto &#8211; 3B Scientific<\/span><\/a><\/p>\n","protected":false},"featured_media":4615,"template":"","meta":{"_acf_changed":false,"_joinchat":[]},"product_brand":[60],"product_cat":[63,59],"product_tag":[],"class_list":{"0":"post-4613","1":"product","2":"type-product","3":"status-publish","4":"has-post-thumbnail","6":"product_brand-3b-scientific","7":"product_cat-todos","8":"product_cat-modelos-anatomicos","10":"first","11":"instock","12":"shipping-taxable","13":"purchasable","14":"product-type-simple"},"acf":[],"jetpack_sharing_enabled":true,"_links":{"self":[{"href":"https:\/\/delec.com.uy\/en\/wp-json\/wp\/v2\/product\/4613","targetHints":{"allow":["GET"]}}],"collection":[{"href":"https:\/\/delec.com.uy\/en\/wp-json\/wp\/v2\/product"}],"about":[{"href":"https:\/\/delec.com.uy\/en\/wp-json\/wp\/v2\/types\/product"}],"wp:featuredmedia":[{"embeddable":true,"href":"https:\/\/delec.com.uy\/en\/wp-json\/wp\/v2\/media\/4615"}],"wp:attachment":[{"href":"https:\/\/delec.com.uy\/en\/wp-json\/wp\/v2\/media?parent=4613"}],"wp:term":[{"taxonomy":"product_brand","embeddable":true,"href":"https:\/\/delec.com.uy\/en\/wp-json\/wp\/v2\/product_brand?post=4613"},{"taxonomy":"product_cat","embeddable":true,"href":"https:\/\/delec.com.uy\/en\/wp-json\/wp\/v2\/product_cat?post=4613"},{"taxonomy":"product_tag","embeddable":true,"href":"https:\/\/delec.com.uy\/en\/wp-json\/wp\/v2\/product_tag?post=4613"}],"curies":[{"name":"wp","href":"https:\/\/api.w.org\/{rel}","templated":true}]}}