{"id":4587,"date":"2025-03-06T16:33:50","date_gmt":"2025-03-06T19:33:50","guid":{"rendered":"https:\/\/delec.com.uy\/?post_type=product&#038;p=4587"},"modified":"2025-03-06T16:34:25","modified_gmt":"2025-03-06T19:34:25","slug":"perfusionsim-entrenador-de-tareas-para-nrp-y-reboa-accurate","status":"publish","type":"product","link":"https:\/\/delec.com.uy\/en\/product\/perfusionsim-entrenador-de-tareas-para-nrp-y-reboa-accurate\/","title":{"rendered":"PERFUSIONSIM\u2122 \u2013 Entrenador de tareas para NRP y REBOA. &#8211; Accurate"},"content":{"rendered":"<p>PERFUSIONSIM\u2122 es un entrenador de tareas para la perfusi\u00f3n regional normot\u00e9rmica (NPR) en el trasplante de \u00f3rganos por donaci\u00f3n despu\u00e9s de muerte circulatoria (DCD) y la oclusi\u00f3n endovascular con bal\u00f3n de reanimaci\u00f3n de la aorta (REBOA)<\/p>\n<p>Basado en el entrenador de tareas Medalus REBOA, este entrenador de tareas permite la colocaci\u00f3n de c\u00e1nulas venosas y arteriales para adultos para NPR en donantes DCD, as\u00ed como para VA-ECMO en pacientes con paro card\u00edaco y shock cardiog\u00e9nico refractario.<\/p>\n<p>La punci\u00f3n y la canulaci\u00f3n se pueden realizar con dispositivos reales en el inserto de dos vasos (sitio de punci\u00f3n femoral derecho). La almohadilla de punci\u00f3n de dos vasos reemplazable permite m\u00faltiples intentos de acceso, as\u00ed como un acceso y corte guiados por ecograf\u00eda.<\/p>\n<p>El PERFUSIONSIM\u2122 incluye:<\/p>\n<p>Maniqu\u00ed de torso adulto de tama\u00f1o natural en color blanco opaco con pecho extra\u00edble.<br \/>\nColumna vertebral, costillas, ri\u00f1ones, h\u00edgado, diafragma, pulmones y coraz\u00f3n representados de forma realista y posicionados dentro del torso.<br \/>\nCantidad 1 inserto canulable de dos vasos VA ya instalado en el maniqu\u00ed y cantidad 1 inserto de repuesto adicional<br \/>\nVena cava entrando a una aur\u00edcula derecha transparente<br \/>\nLa aur\u00edcula card\u00edaca transparente permite la visualizaci\u00f3n de la entrada de la c\u00e1nula (una vez retirado el t\u00f3rax)<br \/>\nBolsas para la recolecci\u00f3n de sangre arterial simulada<br \/>\nBomba manual para cargar sangre simulada en la vena femoral<br \/>\nCaja de transporte<br \/>\n1 a\u00f1o de garant\u00eda de hardware<\/p>\n","protected":false},"excerpt":{"rendered":"<p>Entrenador de tareas para perfusi\u00f3n regional normot\u00e9rmica y REBOA en trasplante. [&#8230;]<\/p>\n<p><a class=\"btn btn-secondary understrap-read-more-link\" href=\"https:\/\/delec.com.uy\/en\/product\/perfusionsim-entrenador-de-tareas-para-nrp-y-reboa-accurate\/\">Read More&#8230;<span class=\"screen-reader-text\"> from PERFUSIONSIM\u2122 \u2013 Entrenador de tareas para NRP y REBOA. &#8211; Accurate<\/span><\/a><\/p>\n","protected":false},"featured_media":4592,"template":"","meta":{"_acf_changed":false,"_joinchat":[]},"product_brand":[71],"product_cat":[63,48,47,44],"product_tag":[],"class_list":{"0":"post-4587","1":"product","2":"type-product","3":"status-publish","4":"has-post-thumbnail","6":"product_brand-accurate","7":"product_cat-todos","8":"product_cat-habilidades-clinicas","9":"product_cat-habilidades-quirurgicas","10":"product_cat-intervencionismo","12":"first","13":"instock","14":"shipping-taxable","15":"purchasable","16":"product-type-simple"},"acf":[],"jetpack_sharing_enabled":true,"_links":{"self":[{"href":"https:\/\/delec.com.uy\/en\/wp-json\/wp\/v2\/product\/4587","targetHints":{"allow":["GET"]}}],"collection":[{"href":"https:\/\/delec.com.uy\/en\/wp-json\/wp\/v2\/product"}],"about":[{"href":"https:\/\/delec.com.uy\/en\/wp-json\/wp\/v2\/types\/product"}],"wp:featuredmedia":[{"embeddable":true,"href":"https:\/\/delec.com.uy\/en\/wp-json\/wp\/v2\/media\/4592"}],"wp:attachment":[{"href":"https:\/\/delec.com.uy\/en\/wp-json\/wp\/v2\/media?parent=4587"}],"wp:term":[{"taxonomy":"product_brand","embeddable":true,"href":"https:\/\/delec.com.uy\/en\/wp-json\/wp\/v2\/product_brand?post=4587"},{"taxonomy":"product_cat","embeddable":true,"href":"https:\/\/delec.com.uy\/en\/wp-json\/wp\/v2\/product_cat?post=4587"},{"taxonomy":"product_tag","embeddable":true,"href":"https:\/\/delec.com.uy\/en\/wp-json\/wp\/v2\/product_tag?post=4587"}],"curies":[{"name":"wp","href":"https:\/\/api.w.org\/{rel}","templated":true}]}}