{"id":4577,"date":"2025-03-06T16:26:07","date_gmt":"2025-03-06T19:26:07","guid":{"rendered":"https:\/\/delec.com.uy\/?post_type=product&#038;p=4577"},"modified":"2025-03-06T16:26:18","modified_gmt":"2025-03-06T19:26:18","slug":"lungsim-ventilador-simulado-compatible-con-el-simulador-de-paciente-accurate","status":"publish","type":"product","link":"https:\/\/delec.com.uy\/en\/product\/lungsim-ventilador-simulado-compatible-con-el-simulador-de-paciente-accurate\/","title":{"rendered":"LungSim\u2122 Ventilador simulado compatible con el simulador de paciente &#8211; Accurate"},"content":{"rendered":"<p>LungSim\u2122 es un simulador de ventilador mec\u00e1nico \u00fanico e inmersivo que le permite interactuar con su simulador de paciente humano.<\/p>\n<p>Este software basado en modelos permite al usuario, en modo aut\u00f3nomo, entrenarse en los mecanismos respiratorios y, gracias al modo simulaci\u00f3n, crear escenarios de simulaci\u00f3n avanzados sobre diversos casos de enfermedades pulmonares o insuficiencias respiratorias agudas estando conectado de forma inal\u00e1mbrica a un simulador de paciente (modo simulaci\u00f3n).<\/p>\n<p>LungSim\u2122 incorpora la modificaci\u00f3n de signos vitales, par\u00e1metros ventilatorios y muchas otras funciones. El alumno puede desarrollar la capacidad de interpretar los datos del respirador, formular diagn\u00f3sticos y adaptar el tratamiento al caso patol\u00f3gico del paciente. Adem\u00e1s, permite a los instructores simular diversas condiciones del paciente, por ejemplo, enfermedades pulmonares obstructivas cr\u00f3nicas o s\u00edndromes de dificultad respiratoria grave, simplemente modificando los par\u00e1metros del paciente y los valores del respirador.<\/p>\n","protected":false},"excerpt":{"rendered":"<p>Simulador de ventilador mec\u00e1nico para entrenar en enfermedades pulmonares y insuficiencias respiratorias. [&#8230;]<\/p>\n<p><a class=\"btn btn-secondary understrap-read-more-link\" href=\"https:\/\/delec.com.uy\/en\/product\/lungsim-ventilador-simulado-compatible-con-el-simulador-de-paciente-accurate\/\">Read More&#8230;<span class=\"screen-reader-text\"> from LungSim\u2122 Ventilador simulado compatible con el simulador de paciente &#8211; Accurate<\/span><\/a><\/p>\n","protected":false},"featured_media":4585,"template":"","meta":{"_acf_changed":false,"_joinchat":[]},"product_brand":[71],"product_cat":[63,45],"product_tag":[],"class_list":{"0":"post-4577","1":"product","2":"type-product","3":"status-publish","4":"has-post-thumbnail","6":"product_brand-accurate","7":"product_cat-todos","8":"product_cat-softwares-interactivos","10":"first","11":"instock","12":"shipping-taxable","13":"purchasable","14":"product-type-simple"},"acf":[],"jetpack_sharing_enabled":true,"_links":{"self":[{"href":"https:\/\/delec.com.uy\/en\/wp-json\/wp\/v2\/product\/4577","targetHints":{"allow":["GET"]}}],"collection":[{"href":"https:\/\/delec.com.uy\/en\/wp-json\/wp\/v2\/product"}],"about":[{"href":"https:\/\/delec.com.uy\/en\/wp-json\/wp\/v2\/types\/product"}],"wp:featuredmedia":[{"embeddable":true,"href":"https:\/\/delec.com.uy\/en\/wp-json\/wp\/v2\/media\/4585"}],"wp:attachment":[{"href":"https:\/\/delec.com.uy\/en\/wp-json\/wp\/v2\/media?parent=4577"}],"wp:term":[{"taxonomy":"product_brand","embeddable":true,"href":"https:\/\/delec.com.uy\/en\/wp-json\/wp\/v2\/product_brand?post=4577"},{"taxonomy":"product_cat","embeddable":true,"href":"https:\/\/delec.com.uy\/en\/wp-json\/wp\/v2\/product_cat?post=4577"},{"taxonomy":"product_tag","embeddable":true,"href":"https:\/\/delec.com.uy\/en\/wp-json\/wp\/v2\/product_tag?post=4577"}],"curies":[{"name":"wp","href":"https:\/\/api.w.org\/{rel}","templated":true}]}}