{"id":4535,"date":"2025-03-06T15:39:59","date_gmt":"2025-03-06T18:39:59","guid":{"rendered":"https:\/\/delec.com.uy\/?post_type=product&#038;p=4535"},"modified":"2025-03-06T15:39:59","modified_gmt":"2025-03-06T18:39:59","slug":"blocksim-simulador-avanzado-para-el-entrenamiento-en-anestesia-loco-regional-accurate","status":"publish","type":"product","link":"https:\/\/delec.com.uy\/en\/product\/blocksim-simulador-avanzado-para-el-entrenamiento-en-anestesia-loco-regional-accurate\/","title":{"rendered":"BLOCKSIM\u2122 \u2013 Simulador avanzado para el  entrenamiento en anestesia loco-regional &#8211; Accurate"},"content":{"rendered":"<p>BlockSim\u2122 es un sistema innovador de alta fidelidad para simular bloqueos interfasciales planos guiados por ultrasonido y bloqueos de nervios perif\u00e9ricos para anestesia regional.<\/p>\n<p>BlockSim\u2122 fue dise\u00f1ado para satisfacer las necesidades educativas en el campo de la anestesia regional guiada por ultrasonido al permitir la visualizaci\u00f3n de la anatom\u00eda de la regi\u00f3n de inter\u00e9s, brindar informaci\u00f3n sobre la trayectoria de la aguja hasta el objetivo y evaluar la capacidad del usuario para identificar estructuras. Este simulador permite la visualizaci\u00f3n de la punta de la aguja a medida que pasa a trav\u00e9s del tejido, la confirmaci\u00f3n de la alineaci\u00f3n con la trayectoria deseada y la visualizaci\u00f3n continua de la administraci\u00f3n de la soluci\u00f3n anest\u00e9sica local para optimizar su distribuci\u00f3n.<\/p>\n<p>El simulador est\u00e1 equipado con 3 insertos de tejido ultraduraderos y muy realistas, que incluyen marcas de tierra anat\u00f3micas tradicionales y capas de fascia que brindan una respuesta t\u00e1ctil precisa al usuario mientras inserta la aguja, as\u00ed como la sensaci\u00f3n de los t\u00edpicos &#8220;pops&#8221; fasciales.<\/p>\n<p>BlockSim\u2122 est\u00e1 compuesto por una caja negra ligera, compacta y f\u00e1cil de almacenar equipada con sensores de alta fidelidad que permiten la colocaci\u00f3n del tejido deseado seg\u00fan las necesidades del caso cl\u00ednico seleccionado. La caja negra tambi\u00e9n se conecta con una sonda de ultrasonido lineal simulada y una aguja de anestesia regional real de un solo disparo que se puede mover libremente en diferentes direcciones, lo que permite al usuario investigar el objetivo y elegir el plano de entrada adecuado para la aguja. Tambi\u00e9n se permite la inyecci\u00f3n simulada del anest\u00e9sico local mediante una jeringa real, as\u00ed como la visualizaci\u00f3n de la administraci\u00f3n de la soluci\u00f3n anest\u00e9sica local para garantizar una distribuci\u00f3n adecuada.<\/p>\n","protected":false},"excerpt":{"rendered":"<p>Simulador avanzado para entrenar bloqueos nerviosos y anestesia regional guiada por ultrasonido. [&#8230;]<\/p>\n<p><a class=\"btn btn-secondary understrap-read-more-link\" href=\"https:\/\/delec.com.uy\/en\/product\/blocksim-simulador-avanzado-para-el-entrenamiento-en-anestesia-loco-regional-accurate\/\">Read More&#8230;<span class=\"screen-reader-text\"> from BLOCKSIM\u2122 \u2013 Simulador avanzado para el  entrenamiento en anestesia loco-regional &#8211; Accurate<\/span><\/a><\/p>\n","protected":false},"featured_media":4538,"template":"","meta":{"_acf_changed":false,"_joinchat":[]},"product_brand":[71],"product_cat":[63,45],"product_tag":[],"class_list":{"0":"post-4535","1":"product","2":"type-product","3":"status-publish","4":"has-post-thumbnail","6":"product_brand-accurate","7":"product_cat-todos","8":"product_cat-softwares-interactivos","10":"first","11":"instock","12":"shipping-taxable","13":"purchasable","14":"product-type-simple"},"acf":[],"jetpack_sharing_enabled":true,"_links":{"self":[{"href":"https:\/\/delec.com.uy\/en\/wp-json\/wp\/v2\/product\/4535","targetHints":{"allow":["GET"]}}],"collection":[{"href":"https:\/\/delec.com.uy\/en\/wp-json\/wp\/v2\/product"}],"about":[{"href":"https:\/\/delec.com.uy\/en\/wp-json\/wp\/v2\/types\/product"}],"wp:featuredmedia":[{"embeddable":true,"href":"https:\/\/delec.com.uy\/en\/wp-json\/wp\/v2\/media\/4538"}],"wp:attachment":[{"href":"https:\/\/delec.com.uy\/en\/wp-json\/wp\/v2\/media?parent=4535"}],"wp:term":[{"taxonomy":"product_brand","embeddable":true,"href":"https:\/\/delec.com.uy\/en\/wp-json\/wp\/v2\/product_brand?post=4535"},{"taxonomy":"product_cat","embeddable":true,"href":"https:\/\/delec.com.uy\/en\/wp-json\/wp\/v2\/product_cat?post=4535"},{"taxonomy":"product_tag","embeddable":true,"href":"https:\/\/delec.com.uy\/en\/wp-json\/wp\/v2\/product_tag?post=4535"}],"curies":[{"name":"wp","href":"https:\/\/api.w.org\/{rel}","templated":true}]}}