{"id":4517,"date":"2025-03-06T15:00:10","date_gmt":"2025-03-06T18:00:10","guid":{"rendered":"https:\/\/delec.com.uy\/?post_type=product&#038;p=4517"},"modified":"2025-03-06T15:00:10","modified_gmt":"2025-03-06T18:00:10","slug":"vaussim-simulador-de-ultrasonido-accurate","status":"publish","type":"product","link":"https:\/\/delec.com.uy\/en\/product\/vaussim-simulador-de-ultrasonido-accurate\/","title":{"rendered":"VausSim\u2122  simulador de ultrasonido &#8211; Accurate"},"content":{"rendered":"<p>VausSim\u2122 es un simulador de ultrasonido avanzado y vers\u00e1til, dise\u00f1ado para realizar diagn\u00f3sticos durante el movimiento.<\/p>\n<p>El simulador de ecograf\u00eda VausSim\u2122 , gracias a una red de sensores de alta fidelidad, permite escanear la piel de cualquier simulador o maniqu\u00ed tambi\u00e9n en entornos m\u00f3viles. Este simulador permite al instructor crear de forma independiente, mediante el uso de un potente editor, un libro de casos personalizado y exclusivo de im\u00e1genes\/v\u00eddeos\/vol\u00famenes ecogr\u00e1ficos reales sin ning\u00fan coste adicional.<\/p>\n<p>Gracias a una tecnolog\u00eda innovadora, el simulador permite cambiar el estado ecogr\u00e1fico patol\u00f3gico del paciente en tiempo real durante los escenarios. VausSim\u2122 tambi\u00e9n es completamente independiente y no es sensible a los ruidos del campo magn\u00e9tico y garantiza un funcionamiento continuo incluso durante el transporte y el movimiento del paciente.<br \/>\nEl m\u00f3dulo OB\/GYN le permite entrenarse en ecograf\u00eda ginecol\u00f3gica y obst\u00e9trica observando las caracter\u00edsticas de la hemorragia posparto y la distocia de hombros en su plataforma VAUSSIM.<br \/>\nEste nuevo m\u00f3dulo ampl\u00eda la aplicaci\u00f3n de VAUSSIM en el campo de la ginecolog\u00eda: durante las simulaciones de alta fidelidad para gestionar casos cl\u00ednicos obst\u00e9tricos y ginecol\u00f3gicos, el alumno desarrolla y refina su confianza en el manejo de estas complicaciones.<\/p>\n","protected":false},"excerpt":{"rendered":"<p>Simulador de ultrasonido avanzado para diagn\u00f3sticos en movimiento y entrenamiento ginecol\u00f3gico. [&#8230;]<\/p>\n<p><a class=\"btn btn-secondary understrap-read-more-link\" href=\"https:\/\/delec.com.uy\/en\/product\/vaussim-simulador-de-ultrasonido-accurate\/\">Read More&#8230;<span class=\"screen-reader-text\"> from VausSim\u2122  simulador de ultrasonido &#8211; Accurate<\/span><\/a><\/p>\n","protected":false},"featured_media":4520,"template":"","meta":{"_acf_changed":false,"_joinchat":[]},"product_brand":[71],"product_cat":[63,45],"product_tag":[],"class_list":{"0":"post-4517","1":"product","2":"type-product","3":"status-publish","4":"has-post-thumbnail","6":"product_brand-accurate","7":"product_cat-todos","8":"product_cat-softwares-interactivos","10":"first","11":"instock","12":"shipping-taxable","13":"purchasable","14":"product-type-simple"},"acf":[],"jetpack_sharing_enabled":true,"_links":{"self":[{"href":"https:\/\/delec.com.uy\/en\/wp-json\/wp\/v2\/product\/4517","targetHints":{"allow":["GET"]}}],"collection":[{"href":"https:\/\/delec.com.uy\/en\/wp-json\/wp\/v2\/product"}],"about":[{"href":"https:\/\/delec.com.uy\/en\/wp-json\/wp\/v2\/types\/product"}],"wp:featuredmedia":[{"embeddable":true,"href":"https:\/\/delec.com.uy\/en\/wp-json\/wp\/v2\/media\/4520"}],"wp:attachment":[{"href":"https:\/\/delec.com.uy\/en\/wp-json\/wp\/v2\/media?parent=4517"}],"wp:term":[{"taxonomy":"product_brand","embeddable":true,"href":"https:\/\/delec.com.uy\/en\/wp-json\/wp\/v2\/product_brand?post=4517"},{"taxonomy":"product_cat","embeddable":true,"href":"https:\/\/delec.com.uy\/en\/wp-json\/wp\/v2\/product_cat?post=4517"},{"taxonomy":"product_tag","embeddable":true,"href":"https:\/\/delec.com.uy\/en\/wp-json\/wp\/v2\/product_tag?post=4517"}],"curies":[{"name":"wp","href":"https:\/\/api.w.org\/{rel}","templated":true}]}}