{"id":4512,"date":"2025-03-06T14:55:00","date_gmt":"2025-03-06T17:55:00","guid":{"rendered":"https:\/\/delec.com.uy\/?post_type=product&#038;p=4512"},"modified":"2025-03-06T14:55:01","modified_gmt":"2025-03-06T17:55:01","slug":"eclsim-simulador-de-soporte-vital-extracorporeo-accurate","status":"publish","type":"product","link":"https:\/\/delec.com.uy\/en\/product\/eclsim-simulador-de-soporte-vital-extracorporeo-accurate\/","title":{"rendered":"ECLSim\u2122 \u2013 Simulador de soporte vital extracorp\u00f3reo &#8211; Accurate"},"content":{"rendered":"<p>ECLSim\u2122 es un simulador \u00fanico basado en pantalla que permite al usuario entrenar en escenarios avanzados que involucran oxigenaci\u00f3n por membrana extracorp\u00f3rea y soporte vital extracorp\u00f3reo.<\/p>\n<p>ECLSim\u2122 incluye interfaces de usuario e instructor multifuncionales basadas en navegador capaces de replicar sistemas de soporte cardiopulmonar para asistencia cardiopulmonar. El alumno puede desarrollar la capacidad de interpretar par\u00e1metros del sistema de soporte cardiopulmonar, formular diagn\u00f3sticos y adaptar el tratamiento a pacientes que requieren asistencia respiratoria y\/o circulatoria. Adem\u00e1s, permite a los instructores simular varios escenarios, por ejemplo, insuficiencia respiratoria con deterioro card\u00edaco o insuficiencia circulatoria con deterioro respiratorio, reanimaci\u00f3n, puente a trasplante, as\u00ed como falla del oxigenador, obstrucci\u00f3n de entrada o salida, desconexi\u00f3n de gas fresco o p\u00e9rdida masiva de sangre.<\/p>\n<p>ECLSim\u2122 se compone de una interfaz de usuario realista con controles integrados que simulan un sistema de asistencia cardiopulmonar real. Adem\u00e1s, el instructor puede visualizar la interfaz del instructor en PC, tabletas y tel\u00e9fonos inteligentes conectados a trav\u00e9s de la red, lo que respalda a ECLSim\u2122 durante escenarios de simulaci\u00f3n avanzados.<\/p>\n<p>La interfaz del alumno muestra mensajes de alarma, par\u00e1metros del sistema (como presi\u00f3n arterial, presi\u00f3n venosa, flujo, SvO2, etc.) y el usuario puede cambiar principalmente las \u201crevoluciones por minuto\u201d como en el dispositivo real. Tambi\u00e9n muestra variables del mezclador de gases para simular la posibilidad de variar la oxigenaci\u00f3n de la sangre durante el escenario. El instructor puede cambiar el valor de los par\u00e1metros del sistema para simular varios escenarios y seguir las acciones del usuario durante la simulaci\u00f3n.<\/p>\n","protected":false},"excerpt":{"rendered":"<p>Simulador basado en pantalla para entrenamiento en soporte vital extracorp\u00f3reo avanzado. [&#8230;]<\/p>\n<p><a class=\"btn btn-secondary understrap-read-more-link\" href=\"https:\/\/delec.com.uy\/en\/product\/eclsim-simulador-de-soporte-vital-extracorporeo-accurate\/\">Read More&#8230;<span class=\"screen-reader-text\"> from ECLSim\u2122 \u2013 Simulador de soporte vital extracorp\u00f3reo &#8211; Accurate<\/span><\/a><\/p>\n","protected":false},"featured_media":4515,"template":"","meta":{"_acf_changed":false,"_joinchat":[]},"product_brand":[71],"product_cat":[63,45],"product_tag":[],"class_list":{"0":"post-4512","1":"product","2":"type-product","3":"status-publish","4":"has-post-thumbnail","6":"product_brand-accurate","7":"product_cat-todos","8":"product_cat-softwares-interactivos","10":"first","11":"instock","12":"shipping-taxable","13":"purchasable","14":"product-type-simple"},"acf":[],"jetpack_sharing_enabled":true,"_links":{"self":[{"href":"https:\/\/delec.com.uy\/en\/wp-json\/wp\/v2\/product\/4512","targetHints":{"allow":["GET"]}}],"collection":[{"href":"https:\/\/delec.com.uy\/en\/wp-json\/wp\/v2\/product"}],"about":[{"href":"https:\/\/delec.com.uy\/en\/wp-json\/wp\/v2\/types\/product"}],"wp:featuredmedia":[{"embeddable":true,"href":"https:\/\/delec.com.uy\/en\/wp-json\/wp\/v2\/media\/4515"}],"wp:attachment":[{"href":"https:\/\/delec.com.uy\/en\/wp-json\/wp\/v2\/media?parent=4512"}],"wp:term":[{"taxonomy":"product_brand","embeddable":true,"href":"https:\/\/delec.com.uy\/en\/wp-json\/wp\/v2\/product_brand?post=4512"},{"taxonomy":"product_cat","embeddable":true,"href":"https:\/\/delec.com.uy\/en\/wp-json\/wp\/v2\/product_cat?post=4512"},{"taxonomy":"product_tag","embeddable":true,"href":"https:\/\/delec.com.uy\/en\/wp-json\/wp\/v2\/product_tag?post=4512"}],"curies":[{"name":"wp","href":"https:\/\/api.w.org\/{rel}","templated":true}]}}