{"id":4496,"date":"2025-03-06T12:56:08","date_gmt":"2025-03-06T15:56:08","guid":{"rendered":"https:\/\/delec.com.uy\/?post_type=product&#038;p=4496"},"modified":"2025-03-06T12:56:08","modified_gmt":"2025-03-06T15:56:08","slug":"eegsim-simulador-de-electroencefalogramas-accurate","status":"publish","type":"product","link":"https:\/\/delec.com.uy\/en\/product\/eegsim-simulador-de-electroencefalogramas-accurate\/","title":{"rendered":"EEGSIM\u2122 \u2013 Simulador de electroencefalogramas &#8211; Accurate"},"content":{"rendered":"<p>EEGSim\u2122 es un innovador simulador basado en navegador dise\u00f1ado para proporcionar una capacitaci\u00f3n integral en electroencefalograf\u00eda (EEG).<br \/>\nEEGSim\u2122 ofrece aplicaciones de entrenamiento espec\u00edficas para \u00e1reas cr\u00edticas como la epilepsia, la narcolepsia, los traumatismos, los trastornos neurodegenerativos, las enfermedades psiqui\u00e1tricas e inflamatorias y las infecciones cerebrales. Al incorporar estas condiciones clave, el software permite un entrenamiento avanzado para todas las patolog\u00edas que requieren un an\u00e1lisis de la actividad el\u00e9ctrica del cerebro, preparando a los alumnos para una variedad de desaf\u00edos cl\u00ednicos.<\/p>\n<p>Para los instructores, EEGSim\u2122 ofrece una s\u00f3lida plataforma de ense\u00f1anza que permite una amplia interacci\u00f3n con el modelo matem\u00e1tico subyacente. Los instructores pueden ajustar la amplitud de las ondas \u03b1, \u03b2, \u03b3, \u03b4 y \u03b8 para crear escenarios espec\u00edficos, as\u00ed como generar anomal\u00edas de ondas agudas o de ondas puntiagudas. Este alto nivel de interactividad permite a los educadores simular una gran variedad de presentaciones cl\u00ednicas, lo que fomenta una experiencia educativa atractiva e informativa.<\/p>\n<p>EEGSim\u2122 empodera tanto a educadores como a estudiantes al proporcionar una plataforma interactiva para explorar las complejidades de la interpretaci\u00f3n del EEG y la din\u00e1mica cerebral.<\/p>\n","protected":false},"excerpt":{"rendered":"<p>Simulador de EEG basado en navegador para entrenamiento interactivo en neurodiagn\u00f3stico. [&#8230;]<\/p>\n<p><a class=\"btn btn-secondary understrap-read-more-link\" href=\"https:\/\/delec.com.uy\/en\/product\/eegsim-simulador-de-electroencefalogramas-accurate\/\">Read More&#8230;<span class=\"screen-reader-text\"> from EEGSIM\u2122 \u2013 Simulador de electroencefalogramas &#8211; Accurate<\/span><\/a><\/p>\n","protected":false},"featured_media":4497,"template":"","meta":{"_acf_changed":false,"_joinchat":[]},"product_brand":[71],"product_cat":[63,45],"product_tag":[],"class_list":{"0":"post-4496","1":"product","2":"type-product","3":"status-publish","4":"has-post-thumbnail","6":"product_brand-accurate","7":"product_cat-todos","8":"product_cat-softwares-interactivos","10":"first","11":"instock","12":"shipping-taxable","13":"purchasable","14":"product-type-simple"},"acf":[],"jetpack_sharing_enabled":true,"_links":{"self":[{"href":"https:\/\/delec.com.uy\/en\/wp-json\/wp\/v2\/product\/4496","targetHints":{"allow":["GET"]}}],"collection":[{"href":"https:\/\/delec.com.uy\/en\/wp-json\/wp\/v2\/product"}],"about":[{"href":"https:\/\/delec.com.uy\/en\/wp-json\/wp\/v2\/types\/product"}],"wp:featuredmedia":[{"embeddable":true,"href":"https:\/\/delec.com.uy\/en\/wp-json\/wp\/v2\/media\/4497"}],"wp:attachment":[{"href":"https:\/\/delec.com.uy\/en\/wp-json\/wp\/v2\/media?parent=4496"}],"wp:term":[{"taxonomy":"product_brand","embeddable":true,"href":"https:\/\/delec.com.uy\/en\/wp-json\/wp\/v2\/product_brand?post=4496"},{"taxonomy":"product_cat","embeddable":true,"href":"https:\/\/delec.com.uy\/en\/wp-json\/wp\/v2\/product_cat?post=4496"},{"taxonomy":"product_tag","embeddable":true,"href":"https:\/\/delec.com.uy\/en\/wp-json\/wp\/v2\/product_tag?post=4496"}],"curies":[{"name":"wp","href":"https:\/\/api.w.org\/{rel}","templated":true}]}}