{"id":4360,"date":"2025-03-05T13:22:57","date_gmt":"2025-03-05T16:22:57","guid":{"rendered":"https:\/\/delec.com.uy\/?post_type=product&#038;p=4360"},"modified":"2025-03-05T13:24:34","modified_gmt":"2025-03-05T16:24:34","slug":"vist-g7-and-g7","status":"publish","type":"product","link":"https:\/\/delec.com.uy\/en\/product\/vist-g7-and-g7\/","title":{"rendered":"Mentice &#8211; VIST\u00ae G7 and G7+"},"content":{"rendered":"<p>Gama VIST\u00ae \u2013 Simulaci\u00f3n Endovascular<br \/>\nSimuladores de alta fidelidad para entrenamiento en terapia endovascular y procedimientos intervencionistas.<\/p>\n<p>Caracter\u00edsticas principales:<br \/>\n\u2714 M\u00e1s de 20 a\u00f1os optimizando la formaci\u00f3n m\u00e9dica y mejorando resultados.<br \/>\n\u2714 Simuladores cient\u00edficamente validados para intervenciones, ecocardiograf\u00eda y seguridad radiol\u00f3gica.<br \/>\n\u2714 Modelos port\u00e1tiles de alta fidelidad con m\u00f3dulos de software especializados.<br \/>\n\u2714 VIST\u00ae G7 &amp; G7+: permite manipular hasta cinco dispositivos simult\u00e1neamente para t\u00e9cnicas avanzadas.<br \/>\n\u2714 VIST\u00ae G5: simulador port\u00e1til con escenarios para desarrollar habilidades t\u00e9cnicas y toma de decisiones.<\/p>\n","protected":false},"excerpt":{"rendered":"<p>Simuladores endovasculares avanzados con validaci\u00f3n cient\u00edfica, m\u00f3dulos interactivos y alta fidelidad. [&#8230;]<\/p>\n<p><a class=\"btn btn-secondary understrap-read-more-link\" href=\"https:\/\/delec.com.uy\/en\/product\/vist-g7-and-g7\/\">Read More&#8230;<span class=\"screen-reader-text\"> from Mentice &#8211; VIST\u00ae G7 and G7+<\/span><\/a><\/p>\n","protected":false},"featured_media":4361,"template":"","meta":{"_acf_changed":false,"_joinchat":[]},"product_brand":[70],"product_cat":[63,44],"product_tag":[],"class_list":{"0":"post-4360","1":"product","2":"type-product","3":"status-publish","4":"has-post-thumbnail","6":"product_brand-gama-vist","7":"product_cat-todos","8":"product_cat-intervencionismo","10":"first","11":"instock","12":"shipping-taxable","13":"purchasable","14":"product-type-simple"},"acf":[],"jetpack_sharing_enabled":true,"_links":{"self":[{"href":"https:\/\/delec.com.uy\/en\/wp-json\/wp\/v2\/product\/4360","targetHints":{"allow":["GET"]}}],"collection":[{"href":"https:\/\/delec.com.uy\/en\/wp-json\/wp\/v2\/product"}],"about":[{"href":"https:\/\/delec.com.uy\/en\/wp-json\/wp\/v2\/types\/product"}],"wp:featuredmedia":[{"embeddable":true,"href":"https:\/\/delec.com.uy\/en\/wp-json\/wp\/v2\/media\/4361"}],"wp:attachment":[{"href":"https:\/\/delec.com.uy\/en\/wp-json\/wp\/v2\/media?parent=4360"}],"wp:term":[{"taxonomy":"product_brand","embeddable":true,"href":"https:\/\/delec.com.uy\/en\/wp-json\/wp\/v2\/product_brand?post=4360"},{"taxonomy":"product_cat","embeddable":true,"href":"https:\/\/delec.com.uy\/en\/wp-json\/wp\/v2\/product_cat?post=4360"},{"taxonomy":"product_tag","embeddable":true,"href":"https:\/\/delec.com.uy\/en\/wp-json\/wp\/v2\/product_tag?post=4360"}],"curies":[{"name":"wp","href":"https:\/\/api.w.org\/{rel}","templated":true}]}}