{"id":4336,"date":"2025-03-05T12:54:38","date_gmt":"2025-03-05T15:54:38","guid":{"rendered":"https:\/\/delec.com.uy\/?post_type=product&#038;p=4336"},"modified":"2025-03-05T12:54:38","modified_gmt":"2025-03-05T15:54:38","slug":"elevate-healthcare-learningspace","status":"publish","type":"product","link":"https:\/\/delec.com.uy\/en\/product\/elevate-healthcare-learningspace\/","title":{"rendered":"Elevate Healthcare Learningspace"},"content":{"rendered":"<p>Elevate LearningSpace es un sistema online y escalable que facilita la grabaci\u00f3n y el an\u00e1lisis de simulaciones m\u00e9dicas. Permite a los instructores registrar se\u00f1ales fisiol\u00f3gicas, hacer anotaciones y evaluar el desempe\u00f1o de los alumnos. Es accesible desde cualquier dispositivo con una sola licencia y ofrece seguridad mediante autenticaci\u00f3n centralizada y cifrado de datos. Su flexibilidad permite expandir el sistema sin cambiar equipos. No requiere instalaci\u00f3n de software adicional y brinda soporte t\u00e9cnico, formaci\u00f3n continua y monitorizaci\u00f3n remota para garantizar un servicio eficiente.La soluci\u00f3n con mejor definici\u00f3n y robustez en<br \/>\nsoluciones audiovisuales.<\/p>\n","protected":false},"excerpt":{"rendered":"<p>La soluci\u00f3n con mejor definici\u00f3n y robustez en soluciones audiovisuales. [&#8230;]<\/p>\n<p><a class=\"btn btn-secondary understrap-read-more-link\" href=\"https:\/\/delec.com.uy\/en\/product\/elevate-healthcare-learningspace\/\">Read More&#8230;<span class=\"screen-reader-text\"> from Elevate Healthcare Learningspace<\/span><\/a><\/p>\n","protected":false},"featured_media":4337,"template":"","meta":{"_acf_changed":false,"_joinchat":[]},"product_brand":[62],"product_cat":[63,41],"product_tag":[],"class_list":{"0":"post-4336","1":"product","2":"type-product","3":"status-publish","4":"has-post-thumbnail","6":"product_brand-elevate-heathcare","7":"product_cat-todos","8":"product_cat-debriefing","10":"first","11":"instock","12":"shipping-taxable","13":"purchasable","14":"product-type-simple"},"acf":[],"jetpack_sharing_enabled":true,"_links":{"self":[{"href":"https:\/\/delec.com.uy\/en\/wp-json\/wp\/v2\/product\/4336","targetHints":{"allow":["GET"]}}],"collection":[{"href":"https:\/\/delec.com.uy\/en\/wp-json\/wp\/v2\/product"}],"about":[{"href":"https:\/\/delec.com.uy\/en\/wp-json\/wp\/v2\/types\/product"}],"wp:featuredmedia":[{"embeddable":true,"href":"https:\/\/delec.com.uy\/en\/wp-json\/wp\/v2\/media\/4337"}],"wp:attachment":[{"href":"https:\/\/delec.com.uy\/en\/wp-json\/wp\/v2\/media?parent=4336"}],"wp:term":[{"taxonomy":"product_brand","embeddable":true,"href":"https:\/\/delec.com.uy\/en\/wp-json\/wp\/v2\/product_brand?post=4336"},{"taxonomy":"product_cat","embeddable":true,"href":"https:\/\/delec.com.uy\/en\/wp-json\/wp\/v2\/product_cat?post=4336"},{"taxonomy":"product_tag","embeddable":true,"href":"https:\/\/delec.com.uy\/en\/wp-json\/wp\/v2\/product_tag?post=4336"}],"curies":[{"name":"wp","href":"https:\/\/api.w.org\/{rel}","templated":true}]}}