{"id":4323,"date":"2025-03-05T12:30:21","date_gmt":"2025-03-05T15:30:21","guid":{"rendered":"https:\/\/delec.com.uy\/?post_type=product&#038;p=4323"},"modified":"2025-03-05T13:09:24","modified_gmt":"2025-03-05T16:09:24","slug":"simulador-de-paciente-luna","status":"publish","type":"product","link":"https:\/\/delec.com.uy\/en\/product\/simulador-de-paciente-luna\/","title":{"rendered":"Simulador de paciente &#8211; LUNA"},"content":{"rendered":"<p>Descripci\u00f3n<br \/>\nEste avanzado simulador neonatal permite entrenar en cuidados para reci\u00e9n nacidos, desde procedimientos de enfermer\u00eda hasta t\u00e9cnicas de reanimaci\u00f3n.<\/p>\n<p>Luna es un modelo realista que representa a un beb\u00e9 desde el nacimiento hasta los 28 d\u00edas de vida, dise\u00f1ado para que los profesionales practiquen el manejo de neonatos en situaciones cr\u00edticas.<\/p>\n<p>Caracter\u00edsticas principales<br \/>\n\u2705 Entrenamiento integral en cuidados neonatales<br \/>\nLuna es una soluci\u00f3n completa para la formaci\u00f3n en enfermer\u00eda pedi\u00e1trica, Soporte Vital Avanzado Pedi\u00e1trico, el Programa S.T.A.B.L.E. y Reanimaci\u00f3n Neonatal\u00ae.<\/p>\n<p>\u2705 Simulaci\u00f3n inal\u00e1mbrica y sin restricciones<br \/>\nEste simulador neonatal avanzado permite practicar:<\/p>\n<p>Evaluaci\u00f3n del reci\u00e9n nacido<br \/>\nReanimaci\u00f3n neonatal<br \/>\nTraqueotom\u00eda y manejo respiratorio<br \/>\nControl de v\u00edas respiratorias<br \/>\nSimulaci\u00f3n de respiraci\u00f3n espont\u00e1nea<br \/>\n\u2705 Dise\u00f1o realista y funcional<br \/>\nLuna es liviano, con g\u00e9neros intercambiables y detalles anat\u00f3micos precisos para una experiencia inmersiva.<\/p>\n<p>Articulaci\u00f3n completa: movilidad realista en cuello, hombros, codos, caderas y rodillas.<br \/>\nPupilas ajustables: permite simular distintos estados cl\u00ednicos con opciones de pupilas normales, puntiformes y dilatadas.<br \/>\nV\u00edas respiratorias avanzadas: su puerto de traqueotom\u00eda facilita el entrenamiento en ventilaci\u00f3n y mantenimiento del procedimiento.<br \/>\nAdem\u00e1s, se puede complementar con productos Medicor para mejorar la simulaci\u00f3n y extender la durabilidad del equipo.<\/p>\n","protected":false},"excerpt":{"rendered":"<p>Luna es un simulador neonatal avanzado que permite practicar cuidados, reanimaci\u00f3n y manejo respiratorio con realismo, movilidad articulada y v\u00edas a\u00e9reas funcionales.<\/p>\n<p>&nbsp;<\/p>\n<p>&nbsp; [&#8230;]<\/p>\n<p><a class=\"btn btn-secondary understrap-read-more-link\" href=\"https:\/\/delec.com.uy\/en\/product\/simulador-de-paciente-luna\/\">Read More&#8230;<span class=\"screen-reader-text\"> from Simulador de paciente &#8211; LUNA<\/span><\/a><\/p>\n","protected":false},"featured_media":4332,"template":"","meta":{"_acf_changed":false,"_joinchat":[]},"product_brand":[64],"product_cat":[63,39],"product_tag":[],"class_list":{"0":"post-4323","1":"product","2":"type-product","3":"status-publish","4":"has-post-thumbnail","6":"product_brand-elevate","7":"product_cat-todos","8":"product_cat-pacientes-de-alta-fidelidad","10":"first","11":"instock","12":"shipping-taxable","13":"purchasable","14":"product-type-simple"},"acf":[],"jetpack_sharing_enabled":true,"_links":{"self":[{"href":"https:\/\/delec.com.uy\/en\/wp-json\/wp\/v2\/product\/4323","targetHints":{"allow":["GET"]}}],"collection":[{"href":"https:\/\/delec.com.uy\/en\/wp-json\/wp\/v2\/product"}],"about":[{"href":"https:\/\/delec.com.uy\/en\/wp-json\/wp\/v2\/types\/product"}],"wp:featuredmedia":[{"embeddable":true,"href":"https:\/\/delec.com.uy\/en\/wp-json\/wp\/v2\/media\/4332"}],"wp:attachment":[{"href":"https:\/\/delec.com.uy\/en\/wp-json\/wp\/v2\/media?parent=4323"}],"wp:term":[{"taxonomy":"product_brand","embeddable":true,"href":"https:\/\/delec.com.uy\/en\/wp-json\/wp\/v2\/product_brand?post=4323"},{"taxonomy":"product_cat","embeddable":true,"href":"https:\/\/delec.com.uy\/en\/wp-json\/wp\/v2\/product_cat?post=4323"},{"taxonomy":"product_tag","embeddable":true,"href":"https:\/\/delec.com.uy\/en\/wp-json\/wp\/v2\/product_tag?post=4323"}],"curies":[{"name":"wp","href":"https:\/\/api.w.org\/{rel}","templated":true}]}}