{"id":4313,"date":"2025-03-05T12:25:27","date_gmt":"2025-03-05T15:25:27","guid":{"rendered":"https:\/\/delec.com.uy\/?post_type=product&#038;p=4313"},"modified":"2025-03-05T12:25:39","modified_gmt":"2025-03-05T15:25:39","slug":"tcvc100-trucvc","status":"publish","type":"product","link":"https:\/\/delec.com.uy\/en\/product\/tcvc100-trucvc\/","title":{"rendered":"TCVC100 TruCVC"},"content":{"rendered":"<p>TruCVC es un simulador de torso superior para entrenar la inserci\u00f3n de cat\u00e9teres venosos centrales con gu\u00eda ecogr\u00e1fica. Presenta una anatom\u00eda vascular realista y permite practicar t\u00e9cnicas como Seldinger, manipulaci\u00f3n de cables y colocaci\u00f3n de cat\u00e9teres. Su dise\u00f1o optimiza la ergonom\u00eda con la cabeza en posici\u00f3n ideal y ajuste a Trendelenburg. Ofrece realismo en la punci\u00f3n venosa, simulaci\u00f3n de pulso arterial y capacidad de inyecci\u00f3n\/extracci\u00f3n de l\u00edquidos. Fabricado con material TruUltra, permite m\u00faltiples inserciones sin degradarse. Incluye una almohadilla para practicar suturas y mantener la durabilidad del inserto de ultrasonido.<\/p>\n","protected":false},"excerpt":{"rendered":"<p>TruCVC es un simulador avanzado para entrenar la inserci\u00f3n de cat\u00e9teres venosos centrales con gu\u00eda ecogr\u00e1fica realista. [&#8230;]<\/p>\n<p><a class=\"btn btn-secondary understrap-read-more-link\" href=\"https:\/\/delec.com.uy\/en\/product\/tcvc100-trucvc\/\">Read More&#8230;<span class=\"screen-reader-text\"> from TCVC100 TruCVC<\/span><\/a><\/p>\n","protected":false},"featured_media":4321,"template":"","meta":{"_acf_changed":false,"_joinchat":[]},"product_brand":[65],"product_cat":[63,48],"product_tag":[],"class_list":{"0":"post-4313","1":"product","2":"type-product","3":"status-publish","4":"has-post-thumbnail","6":"product_brand-trucorp","7":"product_cat-todos","8":"product_cat-habilidades-clinicas","10":"first","11":"instock","12":"shipping-taxable","13":"purchasable","14":"product-type-simple"},"acf":[],"jetpack_sharing_enabled":true,"_links":{"self":[{"href":"https:\/\/delec.com.uy\/en\/wp-json\/wp\/v2\/product\/4313","targetHints":{"allow":["GET"]}}],"collection":[{"href":"https:\/\/delec.com.uy\/en\/wp-json\/wp\/v2\/product"}],"about":[{"href":"https:\/\/delec.com.uy\/en\/wp-json\/wp\/v2\/types\/product"}],"wp:featuredmedia":[{"embeddable":true,"href":"https:\/\/delec.com.uy\/en\/wp-json\/wp\/v2\/media\/4321"}],"wp:attachment":[{"href":"https:\/\/delec.com.uy\/en\/wp-json\/wp\/v2\/media?parent=4313"}],"wp:term":[{"taxonomy":"product_brand","embeddable":true,"href":"https:\/\/delec.com.uy\/en\/wp-json\/wp\/v2\/product_brand?post=4313"},{"taxonomy":"product_cat","embeddable":true,"href":"https:\/\/delec.com.uy\/en\/wp-json\/wp\/v2\/product_cat?post=4313"},{"taxonomy":"product_tag","embeddable":true,"href":"https:\/\/delec.com.uy\/en\/wp-json\/wp\/v2\/product_tag?post=4313"}],"curies":[{"name":"wp","href":"https:\/\/api.w.org\/{rel}","templated":true}]}}