{"id":4293,"date":"2025-03-05T12:06:18","date_gmt":"2025-03-05T15:06:18","guid":{"rendered":"https:\/\/delec.com.uy\/?post_type=product&#038;p=4293"},"modified":"2025-03-05T12:17:48","modified_gmt":"2025-03-05T15:17:48","slug":"tbl10001x-trubaby-x-lite","status":"publish","type":"product","link":"https:\/\/delec.com.uy\/en\/product\/tbl10001x-trubaby-x-lite\/","title":{"rendered":"TBL10001X TruBaby X Lite"},"content":{"rendered":"<p>El Smart Airway Child es un avanzado modelo de entrenamiento pedi\u00e1trico dise\u00f1ado para mejorar las habilidades en el manejo de las v\u00edas respiratorias de los profesionales de la salud. Basado en un ni\u00f1o de 6 a\u00f1os, incorpora tecnolog\u00eda de sensores para monitorear m\u00e9tricas clave en tiempo real, como la fuerza del incisivo, la posici\u00f3n de la cabeza, el empuje de mand\u00edbula, la intubaci\u00f3n esof\u00e1gica, la visualizaci\u00f3n de las v\u00edas respiratorias y la ventilaci\u00f3n pulmonar. A trav\u00e9s de la aplicaci\u00f3n Smart Airway, los usuarios pueden interactuar con el modelo y obtener retroalimentaci\u00f3n detallada sobre su desempe\u00f1o, con informes personalizables.<\/p>\n<p>El sistema permite a los profesionales practicar habilidades como la laringoscopia directa, la intubaci\u00f3n y la ventilaci\u00f3n con bolsa-mascarilla, mejorando la precisi\u00f3n y la t\u00e9cnica. Adem\u00e1s, incluye tutoriales en v\u00eddeo y sesiones informativas para optimizar el aprendizaje te\u00f3rico y pr\u00e1ctico. La soluci\u00f3n tambi\u00e9n ofrece la posibilidad de almacenar y seguir el progreso de las habilidades mediante registros de correo electr\u00f3nico, permitiendo a los usuarios revisar y analizar su desempe\u00f1o en cualquier momento. Con una amplia variabilidad de escenarios, el Smart Airway Child garantiza una experiencia de aprendizaje realista, inmersiva y adaptable a las necesidades de cada profesional.<\/p>\n","protected":false},"excerpt":{"rendered":"<p>El Smart Airway Child es un simulador pedi\u00e1trico avanzado con sensores y entrenamiento interactivo para mejorar habilidades en manejo respiratorio. [&#8230;]<\/p>\n<p><a class=\"btn btn-secondary understrap-read-more-link\" href=\"https:\/\/delec.com.uy\/en\/product\/tbl10001x-trubaby-x-lite\/\">Read More&#8230;<span class=\"screen-reader-text\"> from TBL10001X TruBaby X Lite<\/span><\/a><\/p>\n","protected":false},"featured_media":4302,"template":"","meta":{"_acf_changed":false,"_joinchat":[]},"product_brand":[65],"product_cat":[63,48],"product_tag":[],"class_list":{"0":"post-4293","1":"product","2":"type-product","3":"status-publish","4":"has-post-thumbnail","6":"product_brand-trucorp","7":"product_cat-todos","8":"product_cat-habilidades-clinicas","10":"first","11":"instock","12":"shipping-taxable","13":"purchasable","14":"product-type-simple"},"acf":[],"jetpack_sharing_enabled":true,"_links":{"self":[{"href":"https:\/\/delec.com.uy\/en\/wp-json\/wp\/v2\/product\/4293","targetHints":{"allow":["GET"]}}],"collection":[{"href":"https:\/\/delec.com.uy\/en\/wp-json\/wp\/v2\/product"}],"about":[{"href":"https:\/\/delec.com.uy\/en\/wp-json\/wp\/v2\/types\/product"}],"wp:featuredmedia":[{"embeddable":true,"href":"https:\/\/delec.com.uy\/en\/wp-json\/wp\/v2\/media\/4302"}],"wp:attachment":[{"href":"https:\/\/delec.com.uy\/en\/wp-json\/wp\/v2\/media?parent=4293"}],"wp:term":[{"taxonomy":"product_brand","embeddable":true,"href":"https:\/\/delec.com.uy\/en\/wp-json\/wp\/v2\/product_brand?post=4293"},{"taxonomy":"product_cat","embeddable":true,"href":"https:\/\/delec.com.uy\/en\/wp-json\/wp\/v2\/product_cat?post=4293"},{"taxonomy":"product_tag","embeddable":true,"href":"https:\/\/delec.com.uy\/en\/wp-json\/wp\/v2\/product_tag?post=4293"}],"curies":[{"name":"wp","href":"https:\/\/api.w.org\/{rel}","templated":true}]}}