{"id":4079,"date":"2025-02-24T17:45:51","date_gmt":"2025-02-24T20:45:51","guid":{"rendered":"https:\/\/delec.com.uy\/?post_type=product&#038;p=4079"},"modified":"2025-03-06T12:30:06","modified_gmt":"2025-03-06T15:30:06","slug":"pelvis-femenina","status":"publish","type":"product","link":"https:\/\/delec.com.uy\/en\/product\/pelvis-femenina\/","title":{"rendered":"H20\/4 Modelo Anat\u00f3mico Humano &#8211; Pelvis Femenina con Ligamentos, vasos, nervios, piso pelvi y \u00f3rganos &#8211; 3B Scientific"},"content":{"rendered":"<p>Este modelo original de una pelvis femenina representa informaci\u00f3n detallada acerca de la topograf\u00eda de los huesos, ligamentos, vasos, nervios, m\u00fasculos del piso p\u00e9lvico y \u00f3rganos p\u00e9lvicos femeninos. La totalidad del piso p\u00e9lvico est\u00e1 representado con una secci\u00f3n del esf\u00ednter anal externo con secci\u00f3n media sagital parcialmente extra\u00edble, esf\u00ednter uretral externo y los m\u00fasculos transversos profundo y superficial del perin\u00e9, y bulboesponjoso. El recto, el \u00fatero con las trompas de Falopio, los ovarios y la vagina tambi\u00e9n son desprendibles y pueden desmontarse en dos mitades por su secci\u00f3n media sagital. La mitad p\u00e9lvica derecha muestra las divisiones y la anatom\u00eda topogr\u00e1fica de la arteria il\u00edaca com\u00fan, las arterias externa e interna y tambi\u00e9n de la vena il\u00edaca com\u00fan y la vena il\u00edaca externa. Tambi\u00e9n muestra el plexo sacro derecho, el nervio ci\u00e1tico derecho y el nervio pudendo. Huesos y ligamentos mostrados: dos huesos il\u00edacos, la s\u00ednfisis p\u00fabica, el sacro y el coxis, la quinta v\u00e9rtebra lumbar con el disco intervertebral. Una secci\u00f3n media sagital a trav\u00e9s de la quinta v\u00e9rtebra lumbar, sacro y coxis, permite desmontar las dos mitades de la pelvis, mostrando una parte de la cauda equina en el canal vertebral. La mitad izquierda de la quinta v\u00e9rtebra lumbar es extra\u00edble. La mitad derecha del modelo muestra los siguientes ligamentos p\u00e9lvicos: ligamento inguinal, ligamento sacrotuberoso, ligamento sacroespinoso, ligamentos sacroil\u00edacos anteriores, ligamento iliolumbar, ligamento longitudinal anterior, ligamento sacroil\u00edaco inter\u00f3seo, ligamento sacroil\u00edaco posterior y membrana obturadora.<\/p>\n<p>Cada modelo anat\u00f3mico original de 3B Scientific\u00ae le proporciona acceso directo a su gemelo digital en un smartphone, tablet o dispositivo de sobremesa.<\/p>\n<p>Disfrute de contenido anat\u00f3mico virtual exclusivo con las siguientes caracter\u00edsticas:<\/p>\n<ol>\n<li>Rotaci\u00f3n libre, aumento y reducci\u00f3n del modelo digital<\/li>\n<li>Visualizaci\u00f3n de las zonas activas y sus estructuras anat\u00f3micas<\/li>\n<li>Inicio del modelo de anatom\u00eda virtual mediante realidad aumentada (AR)<\/li>\n<li>Cuestionarios de anatom\u00eda para probar y mejorar su nivel de conocimientos anat\u00f3micos con resultados instant\u00e1neos y puntuaci\u00f3n final de evaluaci\u00f3n<\/li>\n<li>Funci\u00f3n de dibujo para personalizar, guardar y compartir im\u00e1genes<\/li>\n<li>Funci\u00f3n de notas \u00fatiles para ayudarlo con su aprendizaje personal<\/li>\n<li>Aprendizaje de anatom\u00eda masculina y femenina<\/li>\n<li>F\u00e1cil acceso a contenido 3D con y sin conexi\u00f3n<\/li>\n<li>Disponible en 11 idiomas<\/li>\n<\/ol>\n","protected":false},"excerpt":{"rendered":"<p>Este modelo original de una pelvis femenina representa informaci\u00f3n detallada acerca de la topograf\u00eda de los huesos, ligamentos, vasos, nervios, m\u00fasculos del piso p\u00e9lvico y \u00f3rganos p\u00e9lvicos femeninos. [&#8230;]<\/p>\n<p><a class=\"btn btn-secondary understrap-read-more-link\" href=\"https:\/\/delec.com.uy\/en\/product\/pelvis-femenina\/\">Read More&#8230;<span class=\"screen-reader-text\"> from H20\/4 Modelo Anat\u00f3mico Humano &#8211; Pelvis Femenina con Ligamentos, vasos, nervios, piso pelvi y \u00f3rganos &#8211; 3B Scientific<\/span><\/a><\/p>\n","protected":false},"featured_media":4469,"template":"","meta":{"_acf_changed":false,"_joinchat":[]},"product_brand":[60],"product_cat":[63,59],"product_tag":[],"class_list":{"0":"post-4079","1":"product","2":"type-product","3":"status-publish","4":"has-post-thumbnail","6":"product_brand-3b-scientific","7":"product_cat-todos","8":"product_cat-modelos-anatomicos","10":"first","11":"instock","12":"shipping-taxable","13":"purchasable","14":"product-type-simple"},"acf":[],"jetpack_sharing_enabled":true,"_links":{"self":[{"href":"https:\/\/delec.com.uy\/en\/wp-json\/wp\/v2\/product\/4079","targetHints":{"allow":["GET"]}}],"collection":[{"href":"https:\/\/delec.com.uy\/en\/wp-json\/wp\/v2\/product"}],"about":[{"href":"https:\/\/delec.com.uy\/en\/wp-json\/wp\/v2\/types\/product"}],"wp:featuredmedia":[{"embeddable":true,"href":"https:\/\/delec.com.uy\/en\/wp-json\/wp\/v2\/media\/4469"}],"wp:attachment":[{"href":"https:\/\/delec.com.uy\/en\/wp-json\/wp\/v2\/media?parent=4079"}],"wp:term":[{"taxonomy":"product_brand","embeddable":true,"href":"https:\/\/delec.com.uy\/en\/wp-json\/wp\/v2\/product_brand?post=4079"},{"taxonomy":"product_cat","embeddable":true,"href":"https:\/\/delec.com.uy\/en\/wp-json\/wp\/v2\/product_cat?post=4079"},{"taxonomy":"product_tag","embeddable":true,"href":"https:\/\/delec.com.uy\/en\/wp-json\/wp\/v2\/product_tag?post=4079"}],"curies":[{"name":"wp","href":"https:\/\/api.w.org\/{rel}","templated":true}]}}