{"id":4078,"date":"2025-02-24T17:43:16","date_gmt":"2025-02-24T20:43:16","guid":{"rendered":"https:\/\/delec.com.uy\/?post_type=product&#038;p=4078"},"modified":"2025-03-06T12:32:41","modified_gmt":"2025-03-06T15:32:41","slug":"simulador-ginecologico-gyn-aid","status":"publish","type":"product","link":"https:\/\/delec.com.uy\/en\/product\/simulador-ginecologico-gyn-aid\/","title":{"rendered":"Simulador ginecol\u00f3gico GYN\/AID &#8211; 3B Scientific"},"content":{"rendered":"<p>El simulador ginecol\u00f3gico a tama\u00f1o real de la parte inferior del cuerpo femenino adulto proporciona a estudiantes y formadores la experiencia gr\u00e1fica del examen vaginal mediante esp\u00e9culo, palpaci\u00f3n p\u00e9lvica bimanual, t\u00e9cnicas de inserci\u00f3n de DIU, determinaci\u00f3n del tama\u00f1o y colocaci\u00f3n del diafragma, sondaje uterino y observaci\u00f3n de c\u00e9rvix normal y anormal.<\/p>\n<p>Funciones del Simulador ginecol\u00f3gico GYN\/AID\u00ae para la pr\u00e1ctica:<\/p>\n<div>\n<ul>\n<li>Parte inferior del cuerpo femenino adulto a tama\u00f1o real con piel externa suave desmontable.<\/li>\n<li>Un \u00fatero normal anteverso con parte superior transparente y ligamentos redondos.<\/li>\n<li>Siete \u00fateros, de los cuales uno normal de &#8220;control&#8221; y seis con anomal\u00edas uterinas externas.<\/li>\n<\/ul>\n<\/div>\n<div>\n<ul>\n<li>Dos c\u00e9rvix normales con orificio cervical evidente para inserci\u00f3n\/extracci\u00f3n de DIU<\/li>\n<\/ul>\n<\/div>\n<div>\n<ul>\n<li>El \u00fatero y la c\u00e9rvix presentan un dise\u00f1o patentado de &#8220;tornillo&#8221; para una sustituci\u00f3n r\u00e1pida y sencilla.<\/li>\n<li>Inserci\u00f3n y extracci\u00f3n de esponja anticonceptiva.<\/li>\n<li>Inserci\u00f3n y extracci\u00f3n de preservativo femenino.<\/li>\n<li>Inserci\u00f3n y extracci\u00f3n de diafragma y capuch\u00f3n cervical.<\/li>\n<li>Fimbrias anat\u00f3micamente precisas.<\/li>\n<\/ul>\n<\/div>\n<div>Contenido de la entrega:<\/div>\n<div>\n<ul>\n<li>Polvo de talco.<\/li>\n<li>Manual de instrucciones.<\/li>\n<li>Bolsa de transporte blanda.<\/li>\n<li>6 c\u00e9rvix con anomal\u00edas cervicales.<\/li>\n<\/ul>\n<\/div>\n","protected":false},"excerpt":{"rendered":"<p>El simulador ginecol\u00f3gico a tama\u00f1o real de la parte inferior del cuerpo femenino adulto proporciona a estudiantes y formadores la experiencia gr\u00e1fica del examen vaginal mediante esp\u00e9culo, palpaci\u00f3n p\u00e9lvica bimanual, t\u00e9cnicas de inserci\u00f3n de DIU, determinaci\u00f3n del tama\u00f1o y colocaci\u00f3n del diafragma, sondaje uterino y observaci\u00f3n de c\u00e9rvix normal y anormal. [&#8230;]<\/p>\n<p><a class=\"btn btn-secondary understrap-read-more-link\" href=\"https:\/\/delec.com.uy\/en\/product\/simulador-ginecologico-gyn-aid\/\">Read More&#8230;<span class=\"screen-reader-text\"> from Simulador ginecol\u00f3gico GYN\/AID &#8211; 3B Scientific<\/span><\/a><\/p>\n","protected":false},"featured_media":4480,"template":"","meta":{"_acf_changed":false,"_joinchat":[]},"product_brand":[60],"product_cat":[63,48,59],"product_tag":[],"class_list":{"0":"post-4078","1":"product","2":"type-product","3":"status-publish","4":"has-post-thumbnail","6":"product_brand-3b-scientific","7":"product_cat-todos","8":"product_cat-habilidades-clinicas","9":"product_cat-modelos-anatomicos","11":"first","12":"instock","13":"shipping-taxable","14":"purchasable","15":"product-type-simple"},"acf":[],"jetpack_sharing_enabled":true,"_links":{"self":[{"href":"https:\/\/delec.com.uy\/en\/wp-json\/wp\/v2\/product\/4078","targetHints":{"allow":["GET"]}}],"collection":[{"href":"https:\/\/delec.com.uy\/en\/wp-json\/wp\/v2\/product"}],"about":[{"href":"https:\/\/delec.com.uy\/en\/wp-json\/wp\/v2\/types\/product"}],"wp:featuredmedia":[{"embeddable":true,"href":"https:\/\/delec.com.uy\/en\/wp-json\/wp\/v2\/media\/4480"}],"wp:attachment":[{"href":"https:\/\/delec.com.uy\/en\/wp-json\/wp\/v2\/media?parent=4078"}],"wp:term":[{"taxonomy":"product_brand","embeddable":true,"href":"https:\/\/delec.com.uy\/en\/wp-json\/wp\/v2\/product_brand?post=4078"},{"taxonomy":"product_cat","embeddable":true,"href":"https:\/\/delec.com.uy\/en\/wp-json\/wp\/v2\/product_cat?post=4078"},{"taxonomy":"product_tag","embeddable":true,"href":"https:\/\/delec.com.uy\/en\/wp-json\/wp\/v2\/product_tag?post=4078"}],"curies":[{"name":"wp","href":"https:\/\/api.w.org\/{rel}","templated":true}]}}