{"id":3095,"date":"2025-02-11T10:37:00","date_gmt":"2025-02-11T13:37:00","guid":{"rendered":"https:\/\/delec.com.uy\/?post_type=product&#038;p=3095"},"modified":"2025-02-24T17:15:57","modified_gmt":"2025-02-24T20:15:57","slug":"a882-articulacion-de-rodilla-con-musculos-extraibles","status":"publish","type":"product","link":"https:\/\/delec.com.uy\/en\/product\/a882-articulacion-de-rodilla-con-musculos-extraibles\/","title":{"rendered":"A882 Articulaci\u00f3n de rodilla"},"content":{"rendered":"<p>Modelo de rodilla en 12 partes.<br \/>\nLa articulaci\u00f3n de la rodilla muestra diferentes m\u00fasculos extra\u00edbles y porciones musculares del \u00e1rea de la rodilla<br \/>\nLas \u00e1reas codificadas por colores y elevadas indican el origen muscular y los puntos de inserci\u00f3n en el f\u00e9mur, la tibia y el peron\u00e9 asociados con la articulaci\u00f3n de la rodilla<br \/>\nAdem\u00e1s, partes de los ligamentos colaterales fibulares y tibiales est\u00e1n representadas en este modelo de articulaci\u00f3n de rodilla<br \/>\nTodos los m\u00fasculos de la pierna son f\u00e1cilmente extra\u00edbles para permitir el estudio de las capas anat\u00f3micas m\u00e1s profundas de la articulaci\u00f3n de la rodilla<br \/>\nExtensi\u00f3n de garant\u00eda gratuita de 3 a 5 a\u00f1os con 3B Smart Anatomy y acceso gratuito a los cursos 3B Smart Anatomy en la galardonada aplicaci\u00f3n Complete Anatomy. Esto incluye 11 cursos con 23 conferencias, 117 vistas diferentes de modelos virtuales interactivos y 39 cuestionarios.<\/p>\n","protected":false},"excerpt":{"rendered":"<p>La articulaci\u00f3n de la rodilla muestra diferentes m\u00fasculos extra\u00edbles y porciones musculares. [&#8230;]<\/p>\n<p><a class=\"btn btn-secondary understrap-read-more-link\" href=\"https:\/\/delec.com.uy\/en\/product\/a882-articulacion-de-rodilla-con-musculos-extraibles\/\">Read More&#8230;<span class=\"screen-reader-text\"> from A882 Articulaci\u00f3n de rodilla<\/span><\/a><\/p>\n","protected":false},"featured_media":2972,"template":"","meta":{"_acf_changed":false,"_joinchat":[]},"product_brand":[60],"product_cat":[63,59],"product_tag":[],"class_list":{"0":"post-3095","1":"product","2":"type-product","3":"status-publish","4":"has-post-thumbnail","6":"product_brand-3b-scientific","7":"product_cat-todos","8":"product_cat-modelos-anatomicos","10":"first","11":"instock","12":"shipping-taxable","13":"purchasable","14":"product-type-simple"},"acf":[],"jetpack_sharing_enabled":true,"_links":{"self":[{"href":"https:\/\/delec.com.uy\/en\/wp-json\/wp\/v2\/product\/3095","targetHints":{"allow":["GET"]}}],"collection":[{"href":"https:\/\/delec.com.uy\/en\/wp-json\/wp\/v2\/product"}],"about":[{"href":"https:\/\/delec.com.uy\/en\/wp-json\/wp\/v2\/types\/product"}],"wp:featuredmedia":[{"embeddable":true,"href":"https:\/\/delec.com.uy\/en\/wp-json\/wp\/v2\/media\/2972"}],"wp:attachment":[{"href":"https:\/\/delec.com.uy\/en\/wp-json\/wp\/v2\/media?parent=3095"}],"wp:term":[{"taxonomy":"product_brand","embeddable":true,"href":"https:\/\/delec.com.uy\/en\/wp-json\/wp\/v2\/product_brand?post=3095"},{"taxonomy":"product_cat","embeddable":true,"href":"https:\/\/delec.com.uy\/en\/wp-json\/wp\/v2\/product_cat?post=3095"},{"taxonomy":"product_tag","embeddable":true,"href":"https:\/\/delec.com.uy\/en\/wp-json\/wp\/v2\/product_tag?post=3095"}],"curies":[{"name":"wp","href":"https:\/\/api.w.org\/{rel}","templated":true}]}}