{"id":3070,"date":"2025-02-11T10:25:12","date_gmt":"2025-02-11T13:25:12","guid":{"rendered":"https:\/\/delec.com.uy\/?post_type=product&#038;p=3070"},"modified":"2025-02-24T17:21:59","modified_gmt":"2025-02-24T20:21:59","slug":"m34-modelo-de-esqueleto-de-pie-con-ligamentos","status":"publish","type":"product","link":"https:\/\/delec.com.uy\/en\/product\/m34-modelo-de-esqueleto-de-pie-con-ligamentos\/","title":{"rendered":"M34 Modelo de esqueleto de pie con ligamentos"},"content":{"rendered":"<p>Este detallado modelo de esqueleto del pie muestra numerosos ligamentos y tendones importantes, incluidos los tendones de Aquiles y peroneus longus del tobillo.<br \/>\nEl esqueleto del pie consiste en el hueso del pie y las porciones inferiores de la tibia y el peron\u00e9, incluida la membrana introsea que se encuentra entre ellos<br \/>\nSe muestran todos los ligamentos y tendones anat\u00f3micamente importantes del pie, grandes y peque\u00f1os<br \/>\nEsta es una r\u00e9plica anat\u00f3mica de alta calidad del pie y tobillo humanos<br \/>\nMedidas: 9.1 x 7.1 x 11.8 pulgadas<br \/>\nExtensi\u00f3n de garant\u00eda gratuita de 3 a 5 a\u00f1os con 3B Smart Anatomy y acceso gratuito a los cursos 3B Smart Anatomy en la galardonada aplicaci\u00f3n Complete Anatomy. Esto incluye 11 cursos con 23 conferencias, 117 vistas diferentes de modelos virtuales interactivos y 39 cuestionarios.<\/p>\n","protected":false},"excerpt":{"rendered":"<p>Este detallado modelo de esqueleto del pie muestra numerosos ligamentos y tendones importantes, incluidos los tendones de Aquiles y peroneus longus del tobillo. [&#8230;]<\/p>\n<p><a class=\"btn btn-secondary understrap-read-more-link\" href=\"https:\/\/delec.com.uy\/en\/product\/m34-modelo-de-esqueleto-de-pie-con-ligamentos\/\">Read More&#8230;<span class=\"screen-reader-text\"> from M34 Modelo de esqueleto de pie con ligamentos<\/span><\/a><\/p>\n","protected":false},"featured_media":3072,"template":"","meta":{"_acf_changed":false,"_joinchat":[]},"product_brand":[60],"product_cat":[63,59],"product_tag":[],"class_list":{"0":"post-3070","1":"product","2":"type-product","3":"status-publish","4":"has-post-thumbnail","6":"product_brand-3b-scientific","7":"product_cat-todos","8":"product_cat-modelos-anatomicos","10":"first","11":"instock","12":"shipping-taxable","13":"purchasable","14":"product-type-simple"},"acf":[],"jetpack_sharing_enabled":true,"_links":{"self":[{"href":"https:\/\/delec.com.uy\/en\/wp-json\/wp\/v2\/product\/3070","targetHints":{"allow":["GET"]}}],"collection":[{"href":"https:\/\/delec.com.uy\/en\/wp-json\/wp\/v2\/product"}],"about":[{"href":"https:\/\/delec.com.uy\/en\/wp-json\/wp\/v2\/types\/product"}],"wp:featuredmedia":[{"embeddable":true,"href":"https:\/\/delec.com.uy\/en\/wp-json\/wp\/v2\/media\/3072"}],"wp:attachment":[{"href":"https:\/\/delec.com.uy\/en\/wp-json\/wp\/v2\/media?parent=3070"}],"wp:term":[{"taxonomy":"product_brand","embeddable":true,"href":"https:\/\/delec.com.uy\/en\/wp-json\/wp\/v2\/product_brand?post=3070"},{"taxonomy":"product_cat","embeddable":true,"href":"https:\/\/delec.com.uy\/en\/wp-json\/wp\/v2\/product_cat?post=3070"},{"taxonomy":"product_tag","embeddable":true,"href":"https:\/\/delec.com.uy\/en\/wp-json\/wp\/v2\/product_tag?post=3070"}],"curies":[{"name":"wp","href":"https:\/\/api.w.org\/{rel}","templated":true}]}}