{"id":2960,"date":"2025-02-10T16:41:05","date_gmt":"2025-02-10T19:41:05","guid":{"rendered":"https:\/\/delec.com.uy\/?post_type=product&#038;p=2960"},"modified":"2025-02-24T17:27:54","modified_gmt":"2025-02-24T20:27:54","slug":"m18-modelo-de-estructura-de-mano-interna-de-3-partes","status":"publish","type":"product","link":"https:\/\/delec.com.uy\/en\/product\/m18-modelo-de-estructura-de-mano-interna-de-3-partes\/","title":{"rendered":"M18 Modelo de estructura de mano interna de 3 partes"},"content":{"rendered":"<p>Este modelo de mano de tama\u00f1o real muestra las estructuras superficiales e internas de la mano humana, incluidos huesos, m\u00fasculos, tendones, ligamentos, nervios y arterias (arcos palmares superficiales y profundos)<br \/>\nLa aponeurosis palmar y la placa de los tendones superficiales son extra\u00edbles de este modelo de mano de alta calidad<br \/>\nEsta mano es ideal para el estudio de la anatom\u00eda de la mano humana<br \/>\n3 piezas<br \/>\nMedidas: 11.2 x 5.1 x 2.6 pulgadas<br \/>\nExtensi\u00f3n de garant\u00eda gratuita de 3 a 5 a\u00f1os con 3B Smart Anatomy y acceso gratuito a los cursos 3B Smart Anatomy en la galardonada aplicaci\u00f3n Complete Anatomy. Esto incluye 11 cursos con 23 conferencias, 117 vistas diferentes de modelos virtuales interactivos y 39 cuestionarios.<\/p>\n","protected":false},"excerpt":{"rendered":"<p>Este modelo de mano de tama\u00f1o real muestra las estructuras superficiales e internas de la mano humana. [&#8230;]<\/p>\n<p><a class=\"btn btn-secondary understrap-read-more-link\" href=\"https:\/\/delec.com.uy\/en\/product\/m18-modelo-de-estructura-de-mano-interna-de-3-partes\/\">Read More&#8230;<span class=\"screen-reader-text\"> from M18 Modelo de estructura de mano interna de 3 partes<\/span><\/a><\/p>\n","protected":false},"featured_media":2943,"template":"","meta":{"_acf_changed":false,"_joinchat":[]},"product_brand":[60],"product_cat":[63,59],"product_tag":[],"class_list":{"0":"post-2960","1":"product","2":"type-product","3":"status-publish","4":"has-post-thumbnail","6":"product_brand-3b-scientific","7":"product_cat-todos","8":"product_cat-modelos-anatomicos","10":"first","11":"instock","12":"shipping-taxable","13":"purchasable","14":"product-type-simple"},"acf":[],"jetpack_sharing_enabled":true,"_links":{"self":[{"href":"https:\/\/delec.com.uy\/en\/wp-json\/wp\/v2\/product\/2960","targetHints":{"allow":["GET"]}}],"collection":[{"href":"https:\/\/delec.com.uy\/en\/wp-json\/wp\/v2\/product"}],"about":[{"href":"https:\/\/delec.com.uy\/en\/wp-json\/wp\/v2\/types\/product"}],"wp:featuredmedia":[{"embeddable":true,"href":"https:\/\/delec.com.uy\/en\/wp-json\/wp\/v2\/media\/2943"}],"wp:attachment":[{"href":"https:\/\/delec.com.uy\/en\/wp-json\/wp\/v2\/media?parent=2960"}],"wp:term":[{"taxonomy":"product_brand","embeddable":true,"href":"https:\/\/delec.com.uy\/en\/wp-json\/wp\/v2\/product_brand?post=2960"},{"taxonomy":"product_cat","embeddable":true,"href":"https:\/\/delec.com.uy\/en\/wp-json\/wp\/v2\/product_cat?post=2960"},{"taxonomy":"product_tag","embeddable":true,"href":"https:\/\/delec.com.uy\/en\/wp-json\/wp\/v2\/product_tag?post=2960"}],"curies":[{"name":"wp","href":"https:\/\/api.w.org\/{rel}","templated":true}]}}