{"id":2959,"date":"2025-02-10T16:39:55","date_gmt":"2025-02-10T19:39:55","guid":{"rendered":"https:\/\/delec.com.uy\/?post_type=product&#038;p=2959"},"modified":"2025-02-24T17:30:47","modified_gmt":"2025-02-24T20:30:47","slug":"k55-modelo-de-enfermedades-intestinales","status":"publish","type":"product","link":"https:\/\/delec.com.uy\/en\/product\/k55-modelo-de-enfermedades-intestinales\/","title":{"rendered":"K55 Modelo de Enfermedades intestinales"},"content":{"rendered":"<p>K55 muestra los cambios benignos y malignos habituales en el colon y el recto.<br \/>\nAs\u00ed como el c\u00e1ncer intestinal en varias etapas<br \/>\nEste K55 es muy adecuado como herramienta para explicar el dispositivo a los pacientes<br \/>\nExtensi\u00f3n de garant\u00eda gratuita de 3 a 5 a\u00f1os con 3B Smart Anatomy y acceso gratuito a los cursos 3B Smart Anatomy en la galardonada aplicaci\u00f3n Complete Anatomy. Esto incluye 11 cursos con 23 conferencias, 117 vistas diferentes de modelos virtuales interactivos y 39 cuestionarios.<\/p>\n","protected":false},"excerpt":{"rendered":"<p>El modelo muestra los cambios benignos y malignos habituales en el colon y el recto. [&#8230;]<\/p>\n<p><a class=\"btn btn-secondary understrap-read-more-link\" href=\"https:\/\/delec.com.uy\/en\/product\/k55-modelo-de-enfermedades-intestinales\/\">Read More&#8230;<span class=\"screen-reader-text\"> from K55 Modelo de Enfermedades intestinales<\/span><\/a><\/p>\n","protected":false},"featured_media":2933,"template":"","meta":{"_acf_changed":false,"_joinchat":[]},"product_brand":[60],"product_cat":[63,59],"product_tag":[],"class_list":{"0":"post-2959","1":"product","2":"type-product","3":"status-publish","4":"has-post-thumbnail","6":"product_brand-3b-scientific","7":"product_cat-todos","8":"product_cat-modelos-anatomicos","10":"first","11":"instock","12":"shipping-taxable","13":"purchasable","14":"product-type-simple"},"acf":[],"jetpack_sharing_enabled":true,"_links":{"self":[{"href":"https:\/\/delec.com.uy\/en\/wp-json\/wp\/v2\/product\/2959","targetHints":{"allow":["GET"]}}],"collection":[{"href":"https:\/\/delec.com.uy\/en\/wp-json\/wp\/v2\/product"}],"about":[{"href":"https:\/\/delec.com.uy\/en\/wp-json\/wp\/v2\/types\/product"}],"wp:featuredmedia":[{"embeddable":true,"href":"https:\/\/delec.com.uy\/en\/wp-json\/wp\/v2\/media\/2933"}],"wp:attachment":[{"href":"https:\/\/delec.com.uy\/en\/wp-json\/wp\/v2\/media?parent=2959"}],"wp:term":[{"taxonomy":"product_brand","embeddable":true,"href":"https:\/\/delec.com.uy\/en\/wp-json\/wp\/v2\/product_brand?post=2959"},{"taxonomy":"product_cat","embeddable":true,"href":"https:\/\/delec.com.uy\/en\/wp-json\/wp\/v2\/product_cat?post=2959"},{"taxonomy":"product_tag","embeddable":true,"href":"https:\/\/delec.com.uy\/en\/wp-json\/wp\/v2\/product_tag?post=2959"}],"curies":[{"name":"wp","href":"https:\/\/api.w.org\/{rel}","templated":true}]}}