{"id":2924,"date":"2025-02-10T16:37:50","date_gmt":"2025-02-10T19:37:50","guid":{"rendered":"https:\/\/delec.com.uy\/?post_type=product&#038;p=2924"},"modified":"2025-02-24T17:35:57","modified_gmt":"2025-02-24T20:35:57","slug":"k13-3b-microanatomia-rinon","status":"publish","type":"product","link":"https:\/\/delec.com.uy\/en\/product\/k13-3b-microanatomia-rinon\/","title":{"rendered":"K13 3B MICROanatom\u00eda Ri\u00f1\u00f3n"},"content":{"rendered":"<p>El ri\u00f1\u00f3n de micro anatom\u00eda 3B es un modelo extremadamente detallado.<br \/>\nLas estructuras renales se magnifican enormemente.<br \/>\nestructuras de tejido fino del ri\u00f1\u00f3n humano que sirven en la producci\u00f3n de orina.<br \/>\n3B Micro anatom\u00eda Ri\u00f1\u00f3n montado sobre una base.<\/p>\n","protected":false},"excerpt":{"rendered":"<p>El ri\u00f1\u00f3n de micro anatom\u00eda 3B es un modelo extremadamente detallado. [&#8230;]<\/p>\n<p><a class=\"btn btn-secondary understrap-read-more-link\" href=\"https:\/\/delec.com.uy\/en\/product\/k13-3b-microanatomia-rinon\/\">Read More&#8230;<span class=\"screen-reader-text\"> from K13 3B MICROanatom\u00eda Ri\u00f1\u00f3n<\/span><\/a><\/p>\n","protected":false},"featured_media":2925,"template":"","meta":{"_acf_changed":false,"_joinchat":[]},"product_brand":[60],"product_cat":[63,59],"product_tag":[],"class_list":{"0":"post-2924","1":"product","2":"type-product","3":"status-publish","4":"has-post-thumbnail","6":"product_brand-3b-scientific","7":"product_cat-todos","8":"product_cat-modelos-anatomicos","10":"first","11":"instock","12":"shipping-taxable","13":"purchasable","14":"product-type-simple"},"acf":[],"jetpack_sharing_enabled":true,"_links":{"self":[{"href":"https:\/\/delec.com.uy\/en\/wp-json\/wp\/v2\/product\/2924","targetHints":{"allow":["GET"]}}],"collection":[{"href":"https:\/\/delec.com.uy\/en\/wp-json\/wp\/v2\/product"}],"about":[{"href":"https:\/\/delec.com.uy\/en\/wp-json\/wp\/v2\/types\/product"}],"wp:featuredmedia":[{"embeddable":true,"href":"https:\/\/delec.com.uy\/en\/wp-json\/wp\/v2\/media\/2925"}],"wp:attachment":[{"href":"https:\/\/delec.com.uy\/en\/wp-json\/wp\/v2\/media?parent=2924"}],"wp:term":[{"taxonomy":"product_brand","embeddable":true,"href":"https:\/\/delec.com.uy\/en\/wp-json\/wp\/v2\/product_brand?post=2924"},{"taxonomy":"product_cat","embeddable":true,"href":"https:\/\/delec.com.uy\/en\/wp-json\/wp\/v2\/product_cat?post=2924"},{"taxonomy":"product_tag","embeddable":true,"href":"https:\/\/delec.com.uy\/en\/wp-json\/wp\/v2\/product_tag?post=2924"}],"curies":[{"name":"wp","href":"https:\/\/api.w.org\/{rel}","templated":true}]}}