{"id":2826,"date":"2025-02-07T17:21:19","date_gmt":"2025-02-07T20:21:19","guid":{"rendered":"https:\/\/delec.com.uy\/?post_type=product&#038;p=2826"},"modified":"2025-02-20T10:43:52","modified_gmt":"2025-02-20T13:43:52","slug":"simequip","status":"publish","type":"product","link":"https:\/\/delec.com.uy\/en\/product\/simequip\/","title":{"rendered":"SimEquip &#8211; Elevate Healthcare"},"content":{"rendered":"<p>Equipos m\u00e9dicos est\u00e1ndar y port\u00e1tiles que ampl\u00edan la formaci\u00f3n cl\u00ednica<\/p>\n<p>Ahorre dinero y mejore la atenci\u00f3n a pacientes cr\u00edticos con SimEquip. Estos dispositivos m\u00e9dicos simulados reflejan equipos m\u00e9dicos reales y brindan a los estudiantes experiencia pr\u00e1ctica para prepararse para situaciones como reanimaci\u00f3n, ventilaci\u00f3n y anestesia.<\/p>\n<p>SimEquip ayuda a ampliar la complejidad de las experiencias cl\u00ednicas simuladas en entornos prehospitalarios y hospitalarios.<\/p>\n<p>Con este equipo m\u00e9dico simulado, los estudiantes pueden:<\/p>\n<p>Configurar y operar m\u00e1quinas m\u00e9dicas<br \/>\nMonitorizar a un paciente<br \/>\nInterpretar datos y solucionar problemas<br \/>\nProporcionar atenci\u00f3n m\u00e9dica eficaz a un paciente con equipo m\u00e9dico.<\/p>\n<p>Herramientas para mejorar los resultados de los pacientes<br \/>\nBrindar una atenci\u00f3n segura y de calidad es una prioridad m\u00e1xima. Por eso, la cartera de productos de SimEquip ofrece opciones para distintos escenarios.<\/p>\n<p>Anestesia SimEquip<br \/>\nAprenda a operar una m\u00e1quina de anestesia y a gestionar la ventilaci\u00f3n de un paciente bajo anestesia.<\/p>\n<p>Ventilador SimEquip<br \/>\nControle la ventilaci\u00f3n de un paciente con mec\u00e1nica pulmonar normal y anormal y otras afecciones respiratorias. Tambi\u00e9n disponible como respirador de transporte para uso port\u00e1til y situaciones de transferencia.<\/p>\n<p>Desfibrilador SimEquip<br \/>\nAdministra terapia el\u00e9ctrica, monitoriza a los pacientes e interpreta datos. Tambi\u00e9n disponible como desfibrilador de transporte para uso port\u00e1til y en diferentes situaciones.<\/p>\n","protected":false},"excerpt":{"rendered":"<p>SimEquip simula equipos m\u00e9dicos reales, ofreciendo formaci\u00f3n pr\u00e1ctica en anestesia, ventilaci\u00f3n y desfibrilaci\u00f3n para mejorar la atenci\u00f3n cl\u00ednica. [&#8230;]<\/p>\n<p><a class=\"btn btn-secondary understrap-read-more-link\" href=\"https:\/\/delec.com.uy\/en\/product\/simequip\/\">Read More&#8230;<span class=\"screen-reader-text\"> from SimEquip &#8211; Elevate Healthcare<\/span><\/a><\/p>\n","protected":false},"featured_media":2808,"template":"","meta":{"_acf_changed":false,"_joinchat":[]},"product_brand":[62],"product_cat":[63,44],"product_tag":[],"class_list":{"0":"post-2826","1":"product","2":"type-product","3":"status-publish","4":"has-post-thumbnail","6":"product_brand-elevate-heathcare","7":"product_cat-todos","8":"product_cat-intervencionismo","10":"first","11":"instock","12":"shipping-taxable","13":"purchasable","14":"product-type-simple"},"acf":[],"jetpack_sharing_enabled":true,"_links":{"self":[{"href":"https:\/\/delec.com.uy\/en\/wp-json\/wp\/v2\/product\/2826","targetHints":{"allow":["GET"]}}],"collection":[{"href":"https:\/\/delec.com.uy\/en\/wp-json\/wp\/v2\/product"}],"about":[{"href":"https:\/\/delec.com.uy\/en\/wp-json\/wp\/v2\/types\/product"}],"wp:featuredmedia":[{"embeddable":true,"href":"https:\/\/delec.com.uy\/en\/wp-json\/wp\/v2\/media\/2808"}],"wp:attachment":[{"href":"https:\/\/delec.com.uy\/en\/wp-json\/wp\/v2\/media?parent=2826"}],"wp:term":[{"taxonomy":"product_brand","embeddable":true,"href":"https:\/\/delec.com.uy\/en\/wp-json\/wp\/v2\/product_brand?post=2826"},{"taxonomy":"product_cat","embeddable":true,"href":"https:\/\/delec.com.uy\/en\/wp-json\/wp\/v2\/product_cat?post=2826"},{"taxonomy":"product_tag","embeddable":true,"href":"https:\/\/delec.com.uy\/en\/wp-json\/wp\/v2\/product_tag?post=2826"}],"curies":[{"name":"wp","href":"https:\/\/api.w.org\/{rel}","templated":true}]}}