{"id":2807,"date":"2025-02-07T17:18:58","date_gmt":"2025-02-07T20:18:58","guid":{"rendered":"https:\/\/delec.com.uy\/?post_type=product&#038;p=2807"},"modified":"2025-11-24T09:59:07","modified_gmt":"2025-11-24T12:59:07","slug":"blue-phantom","status":"publish","type":"product","link":"https:\/\/delec.com.uy\/en\/product\/blue-phantom\/","title":{"rendered":"Blue Phantom &#8211; Elevate Healthcare"},"content":{"rendered":"<p>Instructores de habilidades en ultrasonido que reducen la brecha entre la teor\u00eda y la pr\u00e1ctica mediante el uso de im\u00e1genes diagn\u00f3sticas<br \/>\nConoce a Blue Phantom<br \/>\nFabricados con materiales patentados para que se parezcan al tejido humano, nuestros entrenadores de ultrasonido funcionan a la perfecci\u00f3n con cualquier sistema de ultrasonido para lograr un mayor realismo. Blue Phantom cuenta con m\u00e1s de 50 modelos de entrenamiento dise\u00f1ados para ayudar a los estudiantes a comprender y practicar el diagn\u00f3stico y la direcci\u00f3n del tratamiento para una amplia variedad de afecciones.<\/p>\n<p>Cada modelo, que utiliza tejido autocurativo Simulex\u2122, puede soportar al menos 1000 pinchazos de aguja. Con un modelo para cada especialidad, los profesionales sanitarios pueden incorporar Blue Phantom a sus programas de formaci\u00f3n para mejorar su experiencia.<\/p>\n<p>Blue Phantom abarca muchas especialidades de ultrasonido<br \/>\nBlue Phantom abarca muchas especialidades de ultrasonido, entre ellas:<\/p>\n<p>Im\u00e1genes abdominales<br \/>\nCardiolog\u00eda<br \/>\nMedicina de emergencia<br \/>\nProcedimientos intervencionistas<br \/>\nM\u00fasculoesquel\u00e9tico<br \/>\nObstetricia y ginecolog\u00eda<br \/>\nIm\u00e1genes de partes peque\u00f1as (mama, tiroides)<br \/>\nAcceso vascular y anestesia regional<\/p>\n","protected":false},"excerpt":{"rendered":"<p>Blue Phantom ofrece entrenadores de ultrasonido realistas con tejido autocurativo, ideales para formaci\u00f3n en diversas especialidades m\u00e9dicas, mejorando diagn\u00f3stico y tratamiento. [&#8230;]<\/p>\n<p><a class=\"btn btn-secondary understrap-read-more-link\" href=\"https:\/\/delec.com.uy\/en\/product\/blue-phantom\/\">Read More&#8230;<span class=\"screen-reader-text\"> from Blue Phantom &#8211; Elevate Healthcare<\/span><\/a><\/p>\n","protected":false},"featured_media":2816,"template":"","meta":{"_acf_changed":false,"_joinchat":[]},"product_brand":[62],"product_cat":[63,43],"product_tag":[],"class_list":{"0":"post-2807","1":"product","2":"type-product","3":"status-publish","4":"has-post-thumbnail","6":"product_brand-elevate-heathcare","7":"product_cat-todos","8":"product_cat-diagnostico-por-imagenes","10":"first","11":"instock","12":"shipping-taxable","13":"purchasable","14":"product-type-simple"},"acf":[],"jetpack_sharing_enabled":true,"_links":{"self":[{"href":"https:\/\/delec.com.uy\/en\/wp-json\/wp\/v2\/product\/2807","targetHints":{"allow":["GET"]}}],"collection":[{"href":"https:\/\/delec.com.uy\/en\/wp-json\/wp\/v2\/product"}],"about":[{"href":"https:\/\/delec.com.uy\/en\/wp-json\/wp\/v2\/types\/product"}],"wp:featuredmedia":[{"embeddable":true,"href":"https:\/\/delec.com.uy\/en\/wp-json\/wp\/v2\/media\/2816"}],"wp:attachment":[{"href":"https:\/\/delec.com.uy\/en\/wp-json\/wp\/v2\/media?parent=2807"}],"wp:term":[{"taxonomy":"product_brand","embeddable":true,"href":"https:\/\/delec.com.uy\/en\/wp-json\/wp\/v2\/product_brand?post=2807"},{"taxonomy":"product_cat","embeddable":true,"href":"https:\/\/delec.com.uy\/en\/wp-json\/wp\/v2\/product_cat?post=2807"},{"taxonomy":"product_tag","embeddable":true,"href":"https:\/\/delec.com.uy\/en\/wp-json\/wp\/v2\/product_tag?post=2807"}],"curies":[{"name":"wp","href":"https:\/\/api.w.org\/{rel}","templated":true}]}}