{"id":2747,"date":"2025-02-07T16:41:20","date_gmt":"2025-02-07T19:41:20","guid":{"rendered":"https:\/\/delec.com.uy\/?post_type=product&#038;p=2747"},"modified":"2025-02-20T10:48:19","modified_gmt":"2025-02-20T13:48:19","slug":"simulador-de-paciente-aria","status":"publish","type":"product","link":"https:\/\/delec.com.uy\/en\/product\/simulador-de-paciente-aria\/","title":{"rendered":"Aria &#8211; Elevate Healthcare"},"content":{"rendered":"<p>Aria, nuestro maniqu\u00ed pedi\u00e1trico de alta fidelidad, aborda los desaf\u00edos especiales de la atenci\u00f3n al paciente pedi\u00e1trico. Refresque los reflejos de los estudiantes y mejore sus tiempos de respuesta con un maniqu\u00ed dise\u00f1ado para desarrollar habilidades cr\u00edticas de toma de decisiones y respaldar las certificaciones pedi\u00e1tricas que salvan vidas. El uso de Aria puede reducir los errores m\u00e9dicos, mejorar el desempe\u00f1o y optimizar la prestaci\u00f3n de atenci\u00f3n.<\/p>\n<p>Brindar atenci\u00f3n pedi\u00e1trica aguda, cr\u00edtica y cr\u00f3nica.<br \/>\nCon 10 experiencias cl\u00ednicas simuladas incluidas, Aria apoya la capacitaci\u00f3n para algunas de las emergencias pedi\u00e1tricas m\u00e1s comunes y cargadas de emociones, desde una sobredosis accidental hasta una herida de bala. Los estudiantes y los profesionales en ejercicio pueden realizar evaluaciones, aplicar la toma de decisiones cl\u00ednicas y brindar intervenciones m\u00e9dicas en un entorno libre de riesgos, de modo que est\u00e9n listos para la situaci\u00f3n real.<\/p>\n<p>Aria simula un ni\u00f1o de 7 a\u00f1os y ofrece g\u00e9nero intercambiable, 60 expresiones vocales y sonidos, funciones avanzadas de v\u00edas respiratorias y neurol\u00f3gicas, todo lo cual permite a los estudiantes y m\u00e9dicos:<\/p>\n<p>\ud83d\udfe2Eval\u00fae las se\u00f1ales verbales, como la confusi\u00f3n, la ansiedad, el estr\u00e9s y el dolor.<\/p>\n<p>\ud83d\udfe2Aprenda t\u00e9cnicas de manejo de las v\u00edas respiratorias<\/p>\n<p>\ud83d\udfe2Realizar evaluaciones neurol\u00f3gicas<\/p>\n<p>Entr\u00e9nate para emergencias pedi\u00e1tricas como si realmente estuvieran sucediendo<\/p>\n","protected":false},"excerpt":{"rendered":"<p>Aria, el maniqu\u00ed pedi\u00e1trico avanzado, simula emergencias reales para mejorar la toma de decisiones y la capacitaci\u00f3n en atenci\u00f3n pedi\u00e1trica cr\u00edtica. [&#8230;]<\/p>\n<p><a class=\"btn btn-secondary understrap-read-more-link\" href=\"https:\/\/delec.com.uy\/en\/product\/simulador-de-paciente-aria\/\">Read More&#8230;<span class=\"screen-reader-text\"> from Aria &#8211; Elevate Healthcare<\/span><\/a><\/p>\n","protected":false},"featured_media":2756,"template":"","meta":{"_acf_changed":false,"_joinchat":[]},"product_brand":[62],"product_cat":[63,39,61],"product_tag":[],"class_list":{"0":"post-2747","1":"product","2":"type-product","3":"status-publish","4":"has-post-thumbnail","6":"product_brand-elevate-heathcare","7":"product_cat-todos","8":"product_cat-pacientes-de-alta-fidelidad","9":"product_cat-simulador-de-paciente","11":"first","12":"instock","13":"shipping-taxable","14":"purchasable","15":"product-type-simple"},"acf":[],"jetpack_sharing_enabled":true,"_links":{"self":[{"href":"https:\/\/delec.com.uy\/en\/wp-json\/wp\/v2\/product\/2747","targetHints":{"allow":["GET"]}}],"collection":[{"href":"https:\/\/delec.com.uy\/en\/wp-json\/wp\/v2\/product"}],"about":[{"href":"https:\/\/delec.com.uy\/en\/wp-json\/wp\/v2\/types\/product"}],"wp:featuredmedia":[{"embeddable":true,"href":"https:\/\/delec.com.uy\/en\/wp-json\/wp\/v2\/media\/2756"}],"wp:attachment":[{"href":"https:\/\/delec.com.uy\/en\/wp-json\/wp\/v2\/media?parent=2747"}],"wp:term":[{"taxonomy":"product_brand","embeddable":true,"href":"https:\/\/delec.com.uy\/en\/wp-json\/wp\/v2\/product_brand?post=2747"},{"taxonomy":"product_cat","embeddable":true,"href":"https:\/\/delec.com.uy\/en\/wp-json\/wp\/v2\/product_cat?post=2747"},{"taxonomy":"product_tag","embeddable":true,"href":"https:\/\/delec.com.uy\/en\/wp-json\/wp\/v2\/product_tag?post=2747"}],"curies":[{"name":"wp","href":"https:\/\/api.w.org\/{rel}","templated":true}]}}