{"id":2745,"date":"2025-02-07T16:15:34","date_gmt":"2025-02-07T19:15:34","guid":{"rendered":"https:\/\/delec.com.uy\/?post_type=product&#038;p=2745"},"modified":"2025-02-20T10:55:13","modified_gmt":"2025-02-20T13:55:13","slug":"simulador-de-paciente-apollo","status":"publish","type":"product","link":"https:\/\/delec.com.uy\/en\/product\/simulador-de-paciente-apollo\/","title":{"rendered":"Apollo &#8211; Elevate Healthcare"},"content":{"rendered":"<p>Descubra un espectro completo de escenarios de atenci\u00f3n m\u00e9dica con Apollo. Disponible en dos configuraciones (prehospitalaria y de enfermer\u00eda), este simulador de pacientes adultos de alta fidelidad acelera el aprendizaje, reduce el tiempo de adquisici\u00f3n de competencias y aumenta la eficacia de las sesiones informativas a trav\u00e9s de respuestas automatizadas y relevantes para los pacientes.<br \/>\nLlevar la atenci\u00f3n prehospitalaria y de enfermer\u00eda a niveles sin precedentes.<br \/>\nDise\u00f1ado con potentes funciones para mejorar la capacitaci\u00f3n m\u00e9dica, este maniqu\u00ed adulto inal\u00e1mbrico y sin ataduras utiliza la fisiolog\u00eda modelada de Elevate Healthcare para activar autom\u00e1ticamente comportamientos y acciones del paciente, que incluyen:<\/p>\n<p>\ud83d\udfe2Parpadeo<\/p>\n<p>\ud83d\udfe2Pupilas reactivas<\/p>\n<p>\ud83d\udfe2Hinchaz\u00f3n de la lengua<\/p>\n<p>\ud83d\udfe2Sangrado y drenaje de l\u00edquido<\/p>\n<p>\ud83d\udfe2Pulsos bilaterales<\/p>\n<p>\ud83d\udfe2Expansi\u00f3n tor\u00e1cica uni y bilateral<\/p>\n<p>\ud83d\udfe2Sonidos pulmonares y card\u00edacos<\/p>\n<p>\ud83d\udfe2Distensi\u00f3n abdominal<\/p>\n","protected":false},"excerpt":{"rendered":"<p>Apollo es un simulador de paciente adulto de alta fidelidad que mejora la formaci\u00f3n en atenci\u00f3n prehospitalaria y enfermer\u00eda con respuestas fisiol\u00f3gicas realistas. [&#8230;]<\/p>\n<p><a class=\"btn btn-secondary understrap-read-more-link\" href=\"https:\/\/delec.com.uy\/en\/product\/simulador-de-paciente-apollo\/\">Read More&#8230;<span class=\"screen-reader-text\"> from Apollo &#8211; Elevate Healthcare<\/span><\/a><\/p>\n","protected":false},"featured_media":2732,"template":"","meta":{"_acf_changed":false,"_joinchat":[]},"product_brand":[62],"product_cat":[63,61],"product_tag":[],"class_list":{"0":"post-2745","1":"product","2":"type-product","3":"status-publish","4":"has-post-thumbnail","6":"product_brand-elevate-heathcare","7":"product_cat-todos","8":"product_cat-simulador-de-paciente","10":"first","11":"instock","12":"shipping-taxable","13":"purchasable","14":"product-type-simple"},"acf":[],"jetpack_sharing_enabled":true,"_links":{"self":[{"href":"https:\/\/delec.com.uy\/en\/wp-json\/wp\/v2\/product\/2745","targetHints":{"allow":["GET"]}}],"collection":[{"href":"https:\/\/delec.com.uy\/en\/wp-json\/wp\/v2\/product"}],"about":[{"href":"https:\/\/delec.com.uy\/en\/wp-json\/wp\/v2\/types\/product"}],"wp:featuredmedia":[{"embeddable":true,"href":"https:\/\/delec.com.uy\/en\/wp-json\/wp\/v2\/media\/2732"}],"wp:attachment":[{"href":"https:\/\/delec.com.uy\/en\/wp-json\/wp\/v2\/media?parent=2745"}],"wp:term":[{"taxonomy":"product_brand","embeddable":true,"href":"https:\/\/delec.com.uy\/en\/wp-json\/wp\/v2\/product_brand?post=2745"},{"taxonomy":"product_cat","embeddable":true,"href":"https:\/\/delec.com.uy\/en\/wp-json\/wp\/v2\/product_cat?post=2745"},{"taxonomy":"product_tag","embeddable":true,"href":"https:\/\/delec.com.uy\/en\/wp-json\/wp\/v2\/product_tag?post=2745"}],"curies":[{"name":"wp","href":"https:\/\/api.w.org\/{rel}","templated":true}]}}