{"id":2709,"date":"2025-02-07T15:04:03","date_gmt":"2025-02-07T18:04:03","guid":{"rendered":"https:\/\/delec.com.uy\/?post_type=product&#038;p=2709"},"modified":"2025-02-21T13:26:17","modified_gmt":"2025-02-21T16:26:17","slug":"a881-modelo-de-anatomia-humana-articulacion-de-la-cadera","status":"publish","type":"product","link":"https:\/\/delec.com.uy\/en\/product\/a881-modelo-de-anatomia-humana-articulacion-de-la-cadera\/","title":{"rendered":"A881  Articulaci\u00f3n de la Cadera &#8211; 3B Scientific"},"content":{"rendered":"<p>Modelo de articulaci\u00f3n de cadera masculina humana a escala real para el estudio anat\u00f3mico del f\u00e9mur y la musculatura de la cadera<br \/>\nDesmontable en siete partes para una demostraci\u00f3n efectiva<br \/>\nM\u00fasculos extra\u00edbles para su examen detallado<br \/>\nOr\u00edgenes e inserciones musculares levantadas y coloreadas para una identificaci\u00f3n precisa<br \/>\nAcceso gratuito a la app de aprendizaje de anatom\u00eda: 3B Smart Anatomy.<\/p>\n","protected":false},"excerpt":{"rendered":"<p>Modelo anat\u00f3mico de cadera masculina a escala real, desmontable en siete partes, con m\u00fasculos extra\u00edbles y marcas detalladas para estudio preciso. [&#8230;]<\/p>\n<p><a class=\"btn btn-secondary understrap-read-more-link\" href=\"https:\/\/delec.com.uy\/en\/product\/a881-modelo-de-anatomia-humana-articulacion-de-la-cadera\/\">Read More&#8230;<span class=\"screen-reader-text\"> from A881  Articulaci\u00f3n de la Cadera &#8211; 3B Scientific<\/span><\/a><\/p>\n","protected":false},"featured_media":2692,"template":"","meta":{"_acf_changed":false,"_joinchat":[]},"product_brand":[60],"product_cat":[63,59],"product_tag":[],"class_list":{"0":"post-2709","1":"product","2":"type-product","3":"status-publish","4":"has-post-thumbnail","6":"product_brand-3b-scientific","7":"product_cat-todos","8":"product_cat-modelos-anatomicos","10":"first","11":"instock","12":"shipping-taxable","13":"purchasable","14":"product-type-simple"},"acf":[],"jetpack_sharing_enabled":true,"_links":{"self":[{"href":"https:\/\/delec.com.uy\/en\/wp-json\/wp\/v2\/product\/2709","targetHints":{"allow":["GET"]}}],"collection":[{"href":"https:\/\/delec.com.uy\/en\/wp-json\/wp\/v2\/product"}],"about":[{"href":"https:\/\/delec.com.uy\/en\/wp-json\/wp\/v2\/types\/product"}],"wp:featuredmedia":[{"embeddable":true,"href":"https:\/\/delec.com.uy\/en\/wp-json\/wp\/v2\/media\/2692"}],"wp:attachment":[{"href":"https:\/\/delec.com.uy\/en\/wp-json\/wp\/v2\/media?parent=2709"}],"wp:term":[{"taxonomy":"product_brand","embeddable":true,"href":"https:\/\/delec.com.uy\/en\/wp-json\/wp\/v2\/product_brand?post=2709"},{"taxonomy":"product_cat","embeddable":true,"href":"https:\/\/delec.com.uy\/en\/wp-json\/wp\/v2\/product_cat?post=2709"},{"taxonomy":"product_tag","embeddable":true,"href":"https:\/\/delec.com.uy\/en\/wp-json\/wp\/v2\/product_tag?post=2709"}],"curies":[{"name":"wp","href":"https:\/\/api.w.org\/{rel}","templated":true}]}}