{"id":2707,"date":"2025-02-07T15:01:04","date_gmt":"2025-02-07T18:01:04","guid":{"rendered":"https:\/\/delec.com.uy\/?post_type=product&#038;p=2707"},"modified":"2025-02-21T13:26:30","modified_gmt":"2025-02-21T16:26:30","slug":"a300-modelo-anatomico-humano-modelo-de-craneo-con-musculos-faciales-con-conexiones-magneticas","status":"publish","type":"product","link":"https:\/\/delec.com.uy\/en\/product\/a300-modelo-anatomico-humano-modelo-de-craneo-con-musculos-faciales-con-conexiones-magneticas\/","title":{"rendered":"A300 &#8211; Modelo de Cr\u00e1neo con M\u00fasculos Faciales con Conexiones Magn\u00e9ticas &#8211; 3B Scientific"},"content":{"rendered":"<p>Modelo b\u00e1sico del cr\u00e1neo con musculatura facial<br \/>\nEn la mitad derecha del cr\u00e1neo de este modelo est\u00e1n representadas la musculatura de la cara y de la masticaci\u00f3n<br \/>\nGracias a que se han empleado dos tonalidades diferentes podemos diferencial f\u00e1cilmente la musculatura de la cara de la de la masticaci\u00f3n<br \/>\nEn la mitad izquierda del cr\u00e1neo se han marcado de forma evidente los or\u00edgenes e inserciones musculares, origen: rojo, inserci\u00f3n: azul<br \/>\nLa mand\u00edbula es m\u00f3vil y gracias a que la musculatura es flexible se pueden mostrar los movimientos de la masticaci\u00f3n; la parte superior del cr\u00e1neo y el m\u00fasculo masetero son de quita y pon<br \/>\nAcceso gratuito a la app de aprendizaje de anatom\u00eda: 3B Smart Anatomy.<\/p>\n","protected":false},"excerpt":{"rendered":"<p>Cr\u00e1neo con musculatura facial, mand\u00edbula m\u00f3vil, colores diferenciados y acceso a 3B Smart Anatomy. [&#8230;]<\/p>\n<p><a class=\"btn btn-secondary understrap-read-more-link\" href=\"https:\/\/delec.com.uy\/en\/product\/a300-modelo-anatomico-humano-modelo-de-craneo-con-musculos-faciales-con-conexiones-magneticas\/\">Read More&#8230;<span class=\"screen-reader-text\"> from A300 &#8211; Modelo de Cr\u00e1neo con M\u00fasculos Faciales con Conexiones Magn\u00e9ticas &#8211; 3B Scientific<\/span><\/a><\/p>\n","protected":false},"featured_media":2674,"template":"","meta":{"_acf_changed":false,"_joinchat":[]},"product_brand":[60],"product_cat":[63,59],"product_tag":[],"class_list":{"0":"post-2707","1":"product","2":"type-product","3":"status-publish","4":"has-post-thumbnail","6":"product_brand-3b-scientific","7":"product_cat-todos","8":"product_cat-modelos-anatomicos","10":"first","11":"instock","12":"shipping-taxable","13":"purchasable","14":"product-type-simple"},"acf":[],"jetpack_sharing_enabled":true,"_links":{"self":[{"href":"https:\/\/delec.com.uy\/en\/wp-json\/wp\/v2\/product\/2707","targetHints":{"allow":["GET"]}}],"collection":[{"href":"https:\/\/delec.com.uy\/en\/wp-json\/wp\/v2\/product"}],"about":[{"href":"https:\/\/delec.com.uy\/en\/wp-json\/wp\/v2\/types\/product"}],"wp:featuredmedia":[{"embeddable":true,"href":"https:\/\/delec.com.uy\/en\/wp-json\/wp\/v2\/media\/2674"}],"wp:attachment":[{"href":"https:\/\/delec.com.uy\/en\/wp-json\/wp\/v2\/media?parent=2707"}],"wp:term":[{"taxonomy":"product_brand","embeddable":true,"href":"https:\/\/delec.com.uy\/en\/wp-json\/wp\/v2\/product_brand?post=2707"},{"taxonomy":"product_cat","embeddable":true,"href":"https:\/\/delec.com.uy\/en\/wp-json\/wp\/v2\/product_cat?post=2707"},{"taxonomy":"product_tag","embeddable":true,"href":"https:\/\/delec.com.uy\/en\/wp-json\/wp\/v2\/product_tag?post=2707"}],"curies":[{"name":"wp","href":"https:\/\/api.w.org\/{rel}","templated":true}]}}