{"id":2650,"date":"2025-02-07T12:33:31","date_gmt":"2025-02-07T15:33:31","guid":{"rendered":"https:\/\/delec.com.uy\/?post_type=product&#038;p=2650"},"modified":"2025-03-05T16:25:24","modified_gmt":"2025-03-05T19:25:24","slug":"m34-1-modelo-anatomico-humano-esqueleto-del-pie-con-ligamentos-y-musculos","status":"publish","type":"product","link":"https:\/\/delec.com.uy\/en\/product\/m34-1-modelo-anatomico-humano-esqueleto-del-pie-con-ligamentos-y-musculos\/","title":{"rendered":"M34\/1 &#8211; Esqueleto del Pie con Ligamentos y M\u00fasculos &#8211; 3B Scientific"},"content":{"rendered":"<p>Modelo anat\u00f3micamente detallado del pie y de la parte inferior de la pierna puede desmontarse en 6 partes extra\u00edbles para realizar un estudio detallado de la zona<br \/>\nEl modelo no incluye solamente los huesos, sino que tambi\u00e9n incorpora los m\u00fasculos, tendones, ligamentos, nervios, arterias y venas<br \/>\nLa vista frontal muestra los m\u00fasculos extensores de la parte inferior de la pierna; puede seguirse el discurrir de los tendones bajo el ligamento crural transversal y crural crucial hasta sus puntos de inserci\u00f3n; adem\u00e1s, todas las fundas de los tendones son visibles<br \/>\nLa parte dorsal del modelo permite extraer el m\u00fasculo gemelo para revelar los elementos anat\u00f3micos que se hayan debajo; la planta del pie est\u00e1 representada en tres capas, la primera de las cuales muestra el flexor corto de los dedos; este m\u00fasculo puede extraerse, mostrando el cuadrado plantar, el tend\u00f3n del flexor largo de los dedos y el m\u00fasculo flexor del dedo gordo del pie; esta segunda capa es a su vez extra\u00edble para mostrar detalles anat\u00f3micos situados todav\u00eda a \u00f3ptima profundidad<br \/>\nAcceso gratuito a la app de aprendizaje de anatom\u00eda: 3B Smart Anatomy.<\/p>\n","protected":false},"excerpt":{"rendered":"<p>Modelo anat\u00f3mico detallado del pie y parte inferior de la pierna, desmontable en 6 partes. Incluye huesos, m\u00fasculos, tendones, ligamentos, nervios y vasos. [&#8230;]<\/p>\n<p><a class=\"btn btn-secondary understrap-read-more-link\" href=\"https:\/\/delec.com.uy\/en\/product\/m34-1-modelo-anatomico-humano-esqueleto-del-pie-con-ligamentos-y-musculos\/\">Read More&#8230;<span class=\"screen-reader-text\"> from M34\/1 &#8211; Esqueleto del Pie con Ligamentos y M\u00fasculos &#8211; 3B Scientific<\/span><\/a><\/p>\n","protected":false},"featured_media":2587,"template":"","meta":{"_acf_changed":false,"_joinchat":[]},"product_brand":[60],"product_cat":[63,59],"product_tag":[],"class_list":{"0":"post-2650","1":"product","2":"type-product","3":"status-publish","4":"has-post-thumbnail","6":"product_brand-3b-scientific","7":"product_cat-todos","8":"product_cat-modelos-anatomicos","10":"first","11":"instock","12":"shipping-taxable","13":"purchasable","14":"product-type-simple"},"acf":[],"jetpack_sharing_enabled":true,"_links":{"self":[{"href":"https:\/\/delec.com.uy\/en\/wp-json\/wp\/v2\/product\/2650","targetHints":{"allow":["GET"]}}],"collection":[{"href":"https:\/\/delec.com.uy\/en\/wp-json\/wp\/v2\/product"}],"about":[{"href":"https:\/\/delec.com.uy\/en\/wp-json\/wp\/v2\/types\/product"}],"wp:featuredmedia":[{"embeddable":true,"href":"https:\/\/delec.com.uy\/en\/wp-json\/wp\/v2\/media\/2587"}],"wp:attachment":[{"href":"https:\/\/delec.com.uy\/en\/wp-json\/wp\/v2\/media?parent=2650"}],"wp:term":[{"taxonomy":"product_brand","embeddable":true,"href":"https:\/\/delec.com.uy\/en\/wp-json\/wp\/v2\/product_brand?post=2650"},{"taxonomy":"product_cat","embeddable":true,"href":"https:\/\/delec.com.uy\/en\/wp-json\/wp\/v2\/product_cat?post=2650"},{"taxonomy":"product_tag","embeddable":true,"href":"https:\/\/delec.com.uy\/en\/wp-json\/wp\/v2\/product_tag?post=2650"}],"curies":[{"name":"wp","href":"https:\/\/api.w.org\/{rel}","templated":true}]}}