{"id":2631,"date":"2025-02-07T10:49:59","date_gmt":"2025-02-07T13:49:59","guid":{"rendered":"https:\/\/delec.com.uy\/?post_type=product&#038;p=2631"},"modified":"2025-02-21T13:27:09","modified_gmt":"2025-02-21T16:27:09","slug":"m33-1-modelo-anatomico-humano-modelo-del-esqueleto-de-la-mano-con-ligamentos-y-musculos","status":"publish","type":"product","link":"https:\/\/delec.com.uy\/en\/product\/m33-1-modelo-anatomico-humano-modelo-del-esqueleto-de-la-mano-con-ligamentos-y-musculos\/","title":{"rendered":"M33\/1  Modelo del Esqueleto de la Mano Con Ligamentos y M\u00fasculos &#8211; 3B Scientific"},"content":{"rendered":"<p>Este modelo de calidad consta de 4 partes y muestra todos los huesos, m\u00fasculos, tendones, ligamentos, nervios, arterias y venas de la mano y el antebrazo inferior<br \/>\nEl lado dorsal muestra los m\u00fasculos extensores as\u00ed como partes de los tendones de la mu\u00f1eca en su paso bajo el retin\u00e1culo de los extensores<br \/>\nEl lado palmar de la mano est\u00e1 representado en tres capas, las dos primeras extra\u00edbles, para permitir un estudio detallado de la capa anat\u00f3mica m\u00e1s profunda<br \/>\nAsimismo permite explorar estructuras cl\u00ednicamente relevantes como el nervio mediano y el arco arterial superficial de la palma de la mano<br \/>\nLa capa anat\u00f3mica profunda permite estudiar los m\u00fasculos intr\u00ednsecos y el arco arterial profundo palmar junto con otros detalles<br \/>\nAcceso gratuito a la app de aprendizaje de anatom\u00eda: 3B Smart Anatomy; Descargue la app gratuita 3B Smart Anatomy para empezar enseguida a probar sus conocimientos, ver su propio modelo en RA (realidad aumentada) y usar las zonas activas de la estructura anat\u00f3mica para estudiarla a fondo<\/p>\n","protected":false},"excerpt":{"rendered":"<p>Modelo de mano y antebrazo desmontable, detallado, con app educativa. [&#8230;]<\/p>\n<p><a class=\"btn btn-secondary understrap-read-more-link\" href=\"https:\/\/delec.com.uy\/en\/product\/m33-1-modelo-anatomico-humano-modelo-del-esqueleto-de-la-mano-con-ligamentos-y-musculos\/\">Read More&#8230;<span class=\"screen-reader-text\"> from M33\/1  Modelo del Esqueleto de la Mano Con Ligamentos y M\u00fasculos &#8211; 3B Scientific<\/span><\/a><\/p>\n","protected":false},"featured_media":2619,"template":"","meta":{"_acf_changed":false,"_joinchat":[]},"product_brand":[60],"product_cat":[63,59],"product_tag":[],"class_list":{"0":"post-2631","1":"product","2":"type-product","3":"status-publish","4":"has-post-thumbnail","6":"product_brand-3b-scientific","7":"product_cat-todos","8":"product_cat-modelos-anatomicos","10":"first","11":"instock","12":"shipping-taxable","13":"purchasable","14":"product-type-simple"},"acf":[],"jetpack_sharing_enabled":true,"_links":{"self":[{"href":"https:\/\/delec.com.uy\/en\/wp-json\/wp\/v2\/product\/2631","targetHints":{"allow":["GET"]}}],"collection":[{"href":"https:\/\/delec.com.uy\/en\/wp-json\/wp\/v2\/product"}],"about":[{"href":"https:\/\/delec.com.uy\/en\/wp-json\/wp\/v2\/types\/product"}],"wp:featuredmedia":[{"embeddable":true,"href":"https:\/\/delec.com.uy\/en\/wp-json\/wp\/v2\/media\/2619"}],"wp:attachment":[{"href":"https:\/\/delec.com.uy\/en\/wp-json\/wp\/v2\/media?parent=2631"}],"wp:term":[{"taxonomy":"product_brand","embeddable":true,"href":"https:\/\/delec.com.uy\/en\/wp-json\/wp\/v2\/product_brand?post=2631"},{"taxonomy":"product_cat","embeddable":true,"href":"https:\/\/delec.com.uy\/en\/wp-json\/wp\/v2\/product_cat?post=2631"},{"taxonomy":"product_tag","embeddable":true,"href":"https:\/\/delec.com.uy\/en\/wp-json\/wp\/v2\/product_tag?post=2631"}],"curies":[{"name":"wp","href":"https:\/\/api.w.org\/{rel}","templated":true}]}}