{"id":2578,"date":"2025-02-07T10:40:35","date_gmt":"2025-02-07T13:40:35","guid":{"rendered":"https:\/\/delec.com.uy\/?post_type=product&#038;p=2578"},"modified":"2025-02-21T13:25:37","modified_gmt":"2025-02-21T16:25:37","slug":"a62-modelo-anatomico-humano-esqueleto-de-la-pelvis-femenino-con-cabezas-de-femur-moviles","status":"publish","type":"product","link":"https:\/\/delec.com.uy\/en\/product\/a62-modelo-anatomico-humano-esqueleto-de-la-pelvis-femenino-con-cabezas-de-femur-moviles\/","title":{"rendered":"A62  Esqueleto de la Pelvis, Femenino, con cabezas de f\u00e9mur m\u00f3viles &#8211; 3B Scientific"},"content":{"rendered":"<p>Modelo de esqueleto p\u00e9lvico femenino humano para el estudio anat\u00f3mico de los huesos de la pelvis femenina<br \/>\nCabezas femorales movibles y s\u00ednfisis para una demostraci\u00f3n efectiva; fabricado de pl\u00e1stico de cloruro de polivinilo, PVC, duradero y resistente a la corrosi\u00f3n<br \/>\nConsta de hueso de cadera, sacro con coxis, dos v\u00e9rtebras lumbrales y s\u00ednfisis para un examen detallado<br \/>\nConsta de los huesos de la cadera, el sacro con coxis y 2 discos lumbares, con s\u00ednfisis m\u00f3vil<br \/>\nAcceso gratuito a la app de aprendizaje de anatom\u00eda: 3B Smart Anatomy.<br \/>\nDescargue la app gratuita 3B Smart Anatomy para empezar enseguida a probar sus conocimientos, ver su propio modelo en RA (realidad aumentada)<br \/>\ny usar las zonas activas de la estructura anat\u00f3mica para estudiarla a fondo<\/p>\n","protected":false},"excerpt":{"rendered":"<p>Modelo de pelvis femenina desmontable, m\u00f3vil, resistente, con app educativa interactiva. [&#8230;]<\/p>\n<p><a class=\"btn btn-secondary understrap-read-more-link\" href=\"https:\/\/delec.com.uy\/en\/product\/a62-modelo-anatomico-humano-esqueleto-de-la-pelvis-femenino-con-cabezas-de-femur-moviles\/\">Read More&#8230;<span class=\"screen-reader-text\"> from A62  Esqueleto de la Pelvis, Femenino, con cabezas de f\u00e9mur m\u00f3viles &#8211; 3B Scientific<\/span><\/a><\/p>\n","protected":false},"featured_media":2603,"template":"","meta":{"_acf_changed":false,"_joinchat":[]},"product_brand":[60],"product_cat":[63,59],"product_tag":[],"class_list":{"0":"post-2578","1":"product","2":"type-product","3":"status-publish","4":"has-post-thumbnail","6":"product_brand-3b-scientific","7":"product_cat-todos","8":"product_cat-modelos-anatomicos","10":"first","11":"instock","12":"shipping-taxable","13":"purchasable","14":"product-type-simple"},"acf":[],"jetpack_sharing_enabled":true,"_links":{"self":[{"href":"https:\/\/delec.com.uy\/en\/wp-json\/wp\/v2\/product\/2578","targetHints":{"allow":["GET"]}}],"collection":[{"href":"https:\/\/delec.com.uy\/en\/wp-json\/wp\/v2\/product"}],"about":[{"href":"https:\/\/delec.com.uy\/en\/wp-json\/wp\/v2\/types\/product"}],"wp:featuredmedia":[{"embeddable":true,"href":"https:\/\/delec.com.uy\/en\/wp-json\/wp\/v2\/media\/2603"}],"wp:attachment":[{"href":"https:\/\/delec.com.uy\/en\/wp-json\/wp\/v2\/media?parent=2578"}],"wp:term":[{"taxonomy":"product_brand","embeddable":true,"href":"https:\/\/delec.com.uy\/en\/wp-json\/wp\/v2\/product_brand?post=2578"},{"taxonomy":"product_cat","embeddable":true,"href":"https:\/\/delec.com.uy\/en\/wp-json\/wp\/v2\/product_cat?post=2578"},{"taxonomy":"product_tag","embeddable":true,"href":"https:\/\/delec.com.uy\/en\/wp-json\/wp\/v2\/product_tag?post=2578"}],"curies":[{"name":"wp","href":"https:\/\/api.w.org\/{rel}","templated":true}]}}