{"id":2531,"date":"2025-02-06T17:10:18","date_gmt":"2025-02-06T20:10:18","guid":{"rendered":"https:\/\/delec.com.uy\/?post_type=product&#038;p=2531"},"modified":"2025-11-24T09:54:56","modified_gmt":"2025-11-24T12:54:56","slug":"a58-1-modelo-anatomico-humano-columna-vertebral-humana-flexible-version-clasica","status":"publish","type":"product","link":"https:\/\/delec.com.uy\/en\/product\/a58-1-modelo-anatomico-humano-columna-vertebral-humana-flexible-version-clasica\/","title":{"rendered":"A58\/1  Columna Vertebral Humana Flexible, Versi\u00f3n Cl\u00e1sica &#8211; 3B Scientific"},"content":{"rendered":"<p>Modelo de columna vertebral humana para el estudio anat\u00f3mico<br \/>\nMontaje totalmente flexible para demostraciones expl\u00edcitas<br \/>\nPelvis masculina completa, placa occipital y estructuras adicionales para un examen detallado<br \/>\nHernia de disco entre la 3a y 4a v\u00e9rtebra lumbar<br \/>\nSalida de las ra\u00edces nerviosas; arterias vertebrales<br \/>\nTama\u00f1o: 74 cm<br \/>\nAcceso gratuito a la app de aprendizaje de anatom\u00eda: 3B Smart Anatomy; Descargue la app gratuita 3B Smart Anatomy para empezar enseguida a probar sus conocimientos, ver su propio modelo en RA (realidad aumentada) y usar las zonas activas de la estructura anat\u00f3mica para estudiarla a fondo<\/p>\n","protected":false},"excerpt":{"rendered":"<p>Modelo de columna vertebral flexible de 74 cm con pelvis masculina, hernia discal y acceso a app educativa. [&#8230;]<\/p>\n<p><a class=\"btn btn-secondary understrap-read-more-link\" href=\"https:\/\/delec.com.uy\/en\/product\/a58-1-modelo-anatomico-humano-columna-vertebral-humana-flexible-version-clasica\/\">Read More&#8230;<span class=\"screen-reader-text\"> from A58\/1  Columna Vertebral Humana Flexible, Versi\u00f3n Cl\u00e1sica &#8211; 3B Scientific<\/span><\/a><\/p>\n","protected":false},"featured_media":2519,"template":"","meta":{"_acf_changed":false,"_joinchat":[]},"product_brand":[60],"product_cat":[63,59],"product_tag":[],"class_list":{"0":"post-2531","1":"product","2":"type-product","3":"status-publish","4":"has-post-thumbnail","6":"product_brand-3b-scientific","7":"product_cat-todos","8":"product_cat-modelos-anatomicos","10":"first","11":"instock","12":"shipping-taxable","13":"purchasable","14":"product-type-simple"},"acf":[],"jetpack_sharing_enabled":true,"_links":{"self":[{"href":"https:\/\/delec.com.uy\/en\/wp-json\/wp\/v2\/product\/2531","targetHints":{"allow":["GET"]}}],"collection":[{"href":"https:\/\/delec.com.uy\/en\/wp-json\/wp\/v2\/product"}],"about":[{"href":"https:\/\/delec.com.uy\/en\/wp-json\/wp\/v2\/types\/product"}],"wp:featuredmedia":[{"embeddable":true,"href":"https:\/\/delec.com.uy\/en\/wp-json\/wp\/v2\/media\/2519"}],"wp:attachment":[{"href":"https:\/\/delec.com.uy\/en\/wp-json\/wp\/v2\/media?parent=2531"}],"wp:term":[{"taxonomy":"product_brand","embeddable":true,"href":"https:\/\/delec.com.uy\/en\/wp-json\/wp\/v2\/product_brand?post=2531"},{"taxonomy":"product_cat","embeddable":true,"href":"https:\/\/delec.com.uy\/en\/wp-json\/wp\/v2\/product_cat?post=2531"},{"taxonomy":"product_tag","embeddable":true,"href":"https:\/\/delec.com.uy\/en\/wp-json\/wp\/v2\/product_tag?post=2531"}],"curies":[{"name":"wp","href":"https:\/\/api.w.org\/{rel}","templated":true}]}}