{"id":2530,"date":"2025-02-06T17:09:16","date_gmt":"2025-02-06T20:09:16","guid":{"rendered":"https:\/\/delec.com.uy\/?post_type=product&#038;p=2530"},"modified":"2025-02-21T13:32:00","modified_gmt":"2025-02-21T16:32:00","slug":"h20-4-modelo-anatomico-humano-pelvis-femenina-con-ligamentos-vasos-nervios-piso-pelvi-y-organos","status":"publish","type":"product","link":"https:\/\/delec.com.uy\/en\/product\/h20-4-modelo-anatomico-humano-pelvis-femenina-con-ligamentos-vasos-nervios-piso-pelvi-y-organos\/","title":{"rendered":"H20\/4 Pelvis Femenina Con Ligamentos, Vasos, Nervios, Piso P\u00e9lvi y \u00d3rganos. &#8211; 3B Scientific"},"content":{"rendered":"<p>Modelo de pelvis femenina humana a escala real para el estudio anat\u00f3mico de la topograf\u00eda de los huesos, ligamentos, vasos, nervios, m\u00fasculos del piso p\u00e9lvico y \u00f3rganos p\u00e9lvicos femeninos<br \/>\nDesmontable en seis partes para una demostraci\u00f3n efectiva<br \/>\nLa totalidad del piso p\u00e9lvico est\u00e1 representado con una secci\u00f3n del esf\u00ednter anal externo con secci\u00f3n media sagital parcialmente extra\u00edble, esf\u00ednter uretral externo y los m\u00fasculos transversos profundo y superficial del perin\u00e9, y bulboesponjoso<br \/>\nEl recto, el \u00fatero con las trompas de Falopio, los ovarios y la vagina tambi\u00e9n son desprendibles y pueden desmontarse en dos mitades por su secci\u00f3n media sagital; la mitad p\u00e9lvica derecha muestra las divisiones y la anatom\u00eda topogr\u00e1fica de la arteria il\u00edaca com\u00fan, las arterias externa e interna y tambi\u00e9n de la vena il\u00edaca com\u00fan y la vena il\u00edaca externa<br \/>\nMuestra el plexo sacro derecho, el nervio ci\u00e1tico derecho y el nervio pudendo; dos huesos il\u00edacos, la s\u00ednfisis p\u00fabica, el sacro y el coxis, la quinta v\u00e9rtebra lumbar con el disco intervertebral; una secci\u00f3n media sagital a trav\u00e9s de la quinta v\u00e9rtebra lumbar, sacro y coxis, permite desmontar las dos mitades de la pelvis, mostrando una parte de la cauda equina en el canal vertebral; la mitad izquierda de la quinta v\u00e9rtebra lumbar es extra\u00edble; la mitad derecha del modelo muestra los siguientes ligamentos p\u00e9lvicos: ligamento inguinal, sacrotuberoso, sacroespinoso, sacroil\u00edacos anteriores, iliolumbar, longitudinal anterior, sacroil\u00edaco inter\u00f3seo, sacroil\u00edaco posterior y membrana obturadora<br \/>\nAcceso gratuito a la app de aprendizaje de anatom\u00eda: 3B Smart Anatomy; Descargue la app gratuita 3B Smart Anatomy para empezar enseguida a probar sus conocimientos, ver su propio modelo en RA (realidad aumentada) y usar las zonas activas de la estructura anat\u00f3mica para estudiarla a fondo<\/p>\n","protected":false},"excerpt":{"rendered":"<p>Modelo de pelvis femenina desmontable en seis partes, mostrando huesos, m\u00fasculos, \u00f3rganos y nervios. Incluye acceso a app 3B Smart Anatomy. [&#8230;]<\/p>\n<p><a class=\"btn btn-secondary understrap-read-more-link\" href=\"https:\/\/delec.com.uy\/en\/product\/h20-4-modelo-anatomico-humano-pelvis-femenina-con-ligamentos-vasos-nervios-piso-pelvi-y-organos\/\">Read More&#8230;<span class=\"screen-reader-text\"> from H20\/4 Pelvis Femenina Con Ligamentos, Vasos, Nervios, Piso P\u00e9lvi y \u00d3rganos. &#8211; 3B Scientific<\/span><\/a><\/p>\n","protected":false},"featured_media":2511,"template":"","meta":{"_acf_changed":false,"_joinchat":[]},"product_brand":[60],"product_cat":[63,59],"product_tag":[],"class_list":{"0":"post-2530","1":"product","2":"type-product","3":"status-publish","4":"has-post-thumbnail","6":"product_brand-3b-scientific","7":"product_cat-todos","8":"product_cat-modelos-anatomicos","10":"first","11":"instock","12":"shipping-taxable","13":"purchasable","14":"product-type-simple"},"acf":[],"jetpack_sharing_enabled":true,"_links":{"self":[{"href":"https:\/\/delec.com.uy\/en\/wp-json\/wp\/v2\/product\/2530","targetHints":{"allow":["GET"]}}],"collection":[{"href":"https:\/\/delec.com.uy\/en\/wp-json\/wp\/v2\/product"}],"about":[{"href":"https:\/\/delec.com.uy\/en\/wp-json\/wp\/v2\/types\/product"}],"wp:featuredmedia":[{"embeddable":true,"href":"https:\/\/delec.com.uy\/en\/wp-json\/wp\/v2\/media\/2511"}],"wp:attachment":[{"href":"https:\/\/delec.com.uy\/en\/wp-json\/wp\/v2\/media?parent=2530"}],"wp:term":[{"taxonomy":"product_brand","embeddable":true,"href":"https:\/\/delec.com.uy\/en\/wp-json\/wp\/v2\/product_brand?post=2530"},{"taxonomy":"product_cat","embeddable":true,"href":"https:\/\/delec.com.uy\/en\/wp-json\/wp\/v2\/product_cat?post=2530"},{"taxonomy":"product_tag","embeddable":true,"href":"https:\/\/delec.com.uy\/en\/wp-json\/wp\/v2\/product_tag?post=2530"}],"curies":[{"name":"wp","href":"https:\/\/api.w.org\/{rel}","templated":true}]}}