{"id":2529,"date":"2025-02-06T17:08:01","date_gmt":"2025-02-06T20:08:01","guid":{"rendered":"https:\/\/delec.com.uy\/?post_type=product&#038;p=2529"},"modified":"2025-03-06T17:10:49","modified_gmt":"2025-03-06T20:10:49","slug":"a11-modelo-anatomico-humano-esqueleto-max-con-musculos-numerados-tamano-natural","status":"publish","type":"product","link":"https:\/\/delec.com.uy\/en\/product\/a11-modelo-anatomico-humano-esqueleto-max-con-musculos-numerados-tamano-natural\/","title":{"rendered":"A11 Esqueleto Max con m\u00fasculos numerados &#8211; Tama\u00f1o natural &#8211; 3B Scientific"},"content":{"rendered":"<p>En el lado izquierdo del esqueleto se muestran m\u00e1s de 600 estructuras anat\u00f3micas y cl\u00ednicas importantes<br \/>\nEn su lado izquierdo se designan hasta 600 estructura anat\u00f3micas m\u00e9dicamente relevantes, como los nacimientos de los m\u00fasculos, rojo, las inserciones musculares, azul, as\u00ed c\u00f3mo los huesos numerados a mano, fisuras y orificios sobre la mitad derecha<br \/>\nSuministrado con sobre un soporte firme con 5 ruedas y una funda guardapolvo transparente<br \/>\nLas ventajas del esqueleto Max son: relaci\u00f3n calidad precio \u00f3ptima; adecuada calidad; montaje final manual; fabricado con material pl\u00e1stico irrompible; sobre pie met\u00e1lico con 5 ruedas, lacado en blanco; peso similar al natural de los aproximadamente 200 huesos; esqueleto de tama\u00f1o natural; anat\u00f3micamente correcto; cr\u00e1neo de tres piezas; dientes montados cada uno por separado; los diferentes miembros pueden desmontarse de manera f\u00e1cil y r\u00e1pida<br \/>\nAcceso gratuito a la app de aprendizaje de anatom\u00eda: 3B Smart Anatomy; Descargue la app gratuita 3B Smart Anatomy para empezar enseguida a probar sus conocimientos, ver su propio modelo en RA (realidad aumentada) y usar las zonas activas de la estructura anat\u00f3mica para estudiarla a fondo<\/p>\n","protected":false},"excerpt":{"rendered":"<p>Esqueleto Max de tama\u00f1o natural, desmontable, con m\u00e1s de 600 estructuras anat\u00f3micas y acceso a app educativa. [&#8230;]<\/p>\n<p><a class=\"btn btn-secondary understrap-read-more-link\" href=\"https:\/\/delec.com.uy\/en\/product\/a11-modelo-anatomico-humano-esqueleto-max-con-musculos-numerados-tamano-natural\/\">Read More&#8230;<span class=\"screen-reader-text\"> from A11 Esqueleto Max con m\u00fasculos numerados &#8211; Tama\u00f1o natural &#8211; 3B Scientific<\/span><\/a><\/p>\n","protected":false},"featured_media":2503,"template":"","meta":{"_acf_changed":false,"_joinchat":[]},"product_brand":[60],"product_cat":[63,59],"product_tag":[],"class_list":{"0":"post-2529","1":"product","2":"type-product","3":"status-publish","4":"has-post-thumbnail","6":"product_brand-3b-scientific","7":"product_cat-todos","8":"product_cat-modelos-anatomicos","10":"first","11":"instock","12":"shipping-taxable","13":"purchasable","14":"product-type-simple"},"acf":[],"jetpack_sharing_enabled":true,"_links":{"self":[{"href":"https:\/\/delec.com.uy\/en\/wp-json\/wp\/v2\/product\/2529","targetHints":{"allow":["GET"]}}],"collection":[{"href":"https:\/\/delec.com.uy\/en\/wp-json\/wp\/v2\/product"}],"about":[{"href":"https:\/\/delec.com.uy\/en\/wp-json\/wp\/v2\/types\/product"}],"wp:featuredmedia":[{"embeddable":true,"href":"https:\/\/delec.com.uy\/en\/wp-json\/wp\/v2\/media\/2503"}],"wp:attachment":[{"href":"https:\/\/delec.com.uy\/en\/wp-json\/wp\/v2\/media?parent=2529"}],"wp:term":[{"taxonomy":"product_brand","embeddable":true,"href":"https:\/\/delec.com.uy\/en\/wp-json\/wp\/v2\/product_brand?post=2529"},{"taxonomy":"product_cat","embeddable":true,"href":"https:\/\/delec.com.uy\/en\/wp-json\/wp\/v2\/product_cat?post=2529"},{"taxonomy":"product_tag","embeddable":true,"href":"https:\/\/delec.com.uy\/en\/wp-json\/wp\/v2\/product_tag?post=2529"}],"curies":[{"name":"wp","href":"https:\/\/api.w.org\/{rel}","templated":true}]}}