{"id":2496,"date":"2025-02-06T16:59:50","date_gmt":"2025-02-06T19:59:50","guid":{"rendered":"https:\/\/delec.com.uy\/?post_type=product&#038;p=2496"},"modified":"2025-11-24T09:43:16","modified_gmt":"2025-11-24T12:43:16","slug":"a20-modelo-anatomico-humano-modelo-clasico-de-craneo-humano-con-conexiones-magneticas","status":"publish","type":"product","link":"https:\/\/delec.com.uy\/en\/product\/a20-modelo-anatomico-humano-modelo-clasico-de-craneo-humano-con-conexiones-magneticas\/","title":{"rendered":"1020159 [A20] Modelo Anat\u00f3mico Humano &#8211; Modelo cl\u00e1sico de cr\u00e1neo humano con conexiones magn\u00e9ticas &#8211; 3B Scientific"},"content":{"rendered":"<p>Reproducci\u00f3n exacta del cr\u00e1neo humano<br \/>\nFabricado y terminado manualmente con un material resistente e irrompible<br \/>\nRepresentaci\u00f3n altamente precisa de fisuras, orificios, procesos, suturas, etc. Con conexiones magn\u00e9ticas<br \/>\nDesmontable en B\u00f3veda del cr\u00e1neo, Base del cr\u00e1neo y Mand\u00edbula; cada diente es moldeado individualmente para una dentici\u00f3n realista<br \/>\nCon conexiones magn\u00e9ticas<br \/>\nAcceso gratuito a la app de aprendizaje de anatom\u00eda: 3B Smart Anatomy; Descargue la app gratuita 3B Smart Anatomy para empezar enseguida a probar sus conocimientos, ver su propio modelo en RA (realidad aumentada) y usar las zonas activas de la estructura anat\u00f3mica para estudiarla a fondo<\/p>\n","protected":false},"excerpt":{"rendered":"<p>Cr\u00e1neo humano desmontable, detallado, con conexiones magn\u00e9ticas y app educativa. [&#8230;]<\/p>\n<p><a class=\"btn btn-secondary understrap-read-more-link\" href=\"https:\/\/delec.com.uy\/en\/product\/a20-modelo-anatomico-humano-modelo-clasico-de-craneo-humano-con-conexiones-magneticas\/\">Read More&#8230;<span class=\"screen-reader-text\"> from 1020159 [A20] Modelo Anat\u00f3mico Humano &#8211; Modelo cl\u00e1sico de cr\u00e1neo humano con conexiones magn\u00e9ticas &#8211; 3B Scientific<\/span><\/a><\/p>\n","protected":false},"featured_media":2485,"template":"","meta":{"_acf_changed":false,"_joinchat":[]},"product_brand":[60],"product_cat":[63,59],"product_tag":[],"class_list":{"0":"post-2496","1":"product","2":"type-product","3":"status-publish","4":"has-post-thumbnail","6":"product_brand-3b-scientific","7":"product_cat-todos","8":"product_cat-modelos-anatomicos","10":"first","11":"instock","12":"shipping-taxable","13":"purchasable","14":"product-type-simple"},"acf":[],"jetpack_sharing_enabled":true,"_links":{"self":[{"href":"https:\/\/delec.com.uy\/en\/wp-json\/wp\/v2\/product\/2496","targetHints":{"allow":["GET"]}}],"collection":[{"href":"https:\/\/delec.com.uy\/en\/wp-json\/wp\/v2\/product"}],"about":[{"href":"https:\/\/delec.com.uy\/en\/wp-json\/wp\/v2\/types\/product"}],"wp:featuredmedia":[{"embeddable":true,"href":"https:\/\/delec.com.uy\/en\/wp-json\/wp\/v2\/media\/2485"}],"wp:attachment":[{"href":"https:\/\/delec.com.uy\/en\/wp-json\/wp\/v2\/media?parent=2496"}],"wp:term":[{"taxonomy":"product_brand","embeddable":true,"href":"https:\/\/delec.com.uy\/en\/wp-json\/wp\/v2\/product_brand?post=2496"},{"taxonomy":"product_cat","embeddable":true,"href":"https:\/\/delec.com.uy\/en\/wp-json\/wp\/v2\/product_cat?post=2496"},{"taxonomy":"product_tag","embeddable":true,"href":"https:\/\/delec.com.uy\/en\/wp-json\/wp\/v2\/product_tag?post=2496"}],"curies":[{"name":"wp","href":"https:\/\/api.w.org\/{rel}","templated":true}]}}