{"id":2495,"date":"2025-02-06T16:56:39","date_gmt":"2025-02-06T19:56:39","guid":{"rendered":"https:\/\/delec.com.uy\/?post_type=product&#038;p=2495"},"modified":"2025-11-24T09:52:02","modified_gmt":"2025-11-24T12:52:02","slug":"a291-modelo-anatomico-humano-craneo-desmontable","status":"publish","type":"product","link":"https:\/\/delec.com.uy\/en\/product\/a291-modelo-anatomico-humano-craneo-desmontable\/","title":{"rendered":"A291 Cr\u00e1neo desmontable- 22 piezas &#8211; versi\u00f3n did\u00e1ctica &#8211; 3B Scientific"},"content":{"rendered":"<p>Este modelo realista y de gran calidad est\u00e1 hecho de pl\u00e1stico resistente indeformable y permite apreciar f\u00e1cilmente la compleja estructura del cr\u00e1neo humano. Los 22 huesos que lo componen reproducen fielmente los detalles y resultan muy sencillos de montar y desmontar gracias a unas conexiones entre huesos poco visibles y estables. La manipulaci\u00f3n del cr\u00e1neo es segura y sencilla. Adem\u00e1s, este cr\u00e1neo no se desmonta constantemente, como ocurre con los modelos con conexiones magn\u00e9ticas m\u00e1s inestables. Los bordes dentados de las suturas reflejan el grado de soldadura de un cr\u00e1neo humano verdadero con gran realismo.<\/p>\n<p>Los huesos est\u00e1n representados en 9 colores distintos para facilitar la identificaci\u00f3n de cada una de las partes del cr\u00e1neo. Los pares de placas \u00f3seas presentan el mismo color.<\/p>\n<p>Los distintos huesos est\u00e1n unidos entre s\u00ed mediante un ingenioso sistema interno de sujeci\u00f3n que no afecta a la anatom\u00eda natural. Debido a la gran cantidad de huesos (22), la ventaja de dicho sistema es que aporta una mayor estabilidad con respecto a las uniones magn\u00e9ticas.<\/p>\n<p>El cr\u00e1neo consta de los siguientes huesos:<\/p>\n<ul>\n<li>Hueso parietal (izquierdo y derecho)<\/li>\n<li>Hueso occipital<\/li>\n<li>Hueso frontal<\/li>\n<li>Hueso temporal (izquierdo y derecho)<\/li>\n<li>Hueso esfenoides<\/li>\n<li>Hueso etmoides<\/li>\n<li>Hueso v\u00f3mer<\/li>\n<li>Hueso cigom\u00e1tico (izquierdo y derecho)<\/li>\n<li>Maxilar superior con dientes (izquierdo y derecho)<\/li>\n<li>Hueso palatino (izquierdo y derecho)<\/li>\n<li>Cornete nasal (izquierdo y derecho)<\/li>\n<li>Hueso lagrimal (izquierdo y derecho)<\/li>\n<li>Hueso nasal (izquierdo y derecho)<\/li>\n<li>Maxilar inferior con dientes<\/li>\n<\/ul>\n<p>Este apreciado modelo se ha logrado gracias a un moldeado de precisi\u00f3n de cada uno de los huesos de un cr\u00e1neo humano desmontado de origen europeo y es id\u00f3neo para la formaci\u00f3n de oste\u00f3patas, entre otros.<\/p>\n","protected":false},"excerpt":{"rendered":"<p>Modelo anat\u00f3mico de cr\u00e1neo humano con 22 huesos en 9 colores. Pl\u00e1stico resistente, conexiones estables, f\u00e1cil montaje y manipulaci\u00f3n seguro [&#8230;]<\/p>\n<p><a class=\"btn btn-secondary understrap-read-more-link\" href=\"https:\/\/delec.com.uy\/en\/product\/a291-modelo-anatomico-humano-craneo-desmontable\/\">Read More&#8230;<span class=\"screen-reader-text\"> from A291 Cr\u00e1neo desmontable- 22 piezas &#8211; versi\u00f3n did\u00e1ctica &#8211; 3B Scientific<\/span><\/a><\/p>\n","protected":false},"featured_media":2477,"template":"","meta":{"_acf_changed":false,"_joinchat":[]},"product_brand":[60],"product_cat":[63,59],"product_tag":[],"class_list":{"0":"post-2495","1":"product","2":"type-product","3":"status-publish","4":"has-post-thumbnail","6":"product_brand-3b-scientific","7":"product_cat-todos","8":"product_cat-modelos-anatomicos","10":"first","11":"instock","12":"shipping-taxable","13":"purchasable","14":"product-type-simple"},"acf":[],"jetpack_sharing_enabled":true,"_links":{"self":[{"href":"https:\/\/delec.com.uy\/en\/wp-json\/wp\/v2\/product\/2495","targetHints":{"allow":["GET"]}}],"collection":[{"href":"https:\/\/delec.com.uy\/en\/wp-json\/wp\/v2\/product"}],"about":[{"href":"https:\/\/delec.com.uy\/en\/wp-json\/wp\/v2\/types\/product"}],"wp:featuredmedia":[{"embeddable":true,"href":"https:\/\/delec.com.uy\/en\/wp-json\/wp\/v2\/media\/2477"}],"wp:attachment":[{"href":"https:\/\/delec.com.uy\/en\/wp-json\/wp\/v2\/media?parent=2495"}],"wp:term":[{"taxonomy":"product_brand","embeddable":true,"href":"https:\/\/delec.com.uy\/en\/wp-json\/wp\/v2\/product_brand?post=2495"},{"taxonomy":"product_cat","embeddable":true,"href":"https:\/\/delec.com.uy\/en\/wp-json\/wp\/v2\/product_cat?post=2495"},{"taxonomy":"product_tag","embeddable":true,"href":"https:\/\/delec.com.uy\/en\/wp-json\/wp\/v2\/product_tag?post=2495"}],"curies":[{"name":"wp","href":"https:\/\/api.w.org\/{rel}","templated":true}]}}