{"id":2468,"date":"2025-02-06T16:55:17","date_gmt":"2025-02-06T19:55:17","guid":{"rendered":"https:\/\/delec.com.uy\/?post_type=product&#038;p=2468"},"modified":"2025-03-05T15:52:36","modified_gmt":"2025-03-05T18:52:36","slug":"a880-modelo-anatomico-humano-articulacion-del-hombro-con-manguito-rotador","status":"publish","type":"product","link":"https:\/\/delec.com.uy\/en\/product\/a880-modelo-anatomico-humano-articulacion-del-hombro-con-manguito-rotador\/","title":{"rendered":"A880 &#8211; Articulaci\u00f3n del Hombro con manguito rotador &#8211; 3B Scientific"},"content":{"rendered":"<p>Adem\u00e1s de la representaci\u00f3n de la musculatura del manguito rotador se han resaltado en colores diferentes las superficies del origen y de la inserci\u00f3n de los m\u00fasculos del hombro (origen = rojo; inserci\u00f3n = azul). Se encuentran representados y se pueden desprender los siguientes m\u00fasculos:<\/p>\n<p>&#8211; subscapularis<br \/>\n&#8211; supraspinatus<br \/>\n&#8211; infraspinatus<br \/>\n&#8211; teres minor<\/p>\n<p>Al retirar cada uno de los m\u00fasculos, se pueden llevar a cabo todos los movimientos de la articulaci\u00f3n del hombro:<\/p>\n<p>&#8211; abducci\u00f3n<br \/>\n&#8211; aducci\u00f3n<br \/>\n&#8211; rotaci\u00f3n interna<br \/>\n&#8211; rotaci\u00f3n externa<br \/>\n&#8211; levantamiento del brazo hacia adelante<br \/>\n&#8211; levantamiento del brazo hacia atr\u00e1s<br \/>\n&#8211; levantamiento del brazo en posici\u00f3n horizontal y ejecuci\u00f3n de movimientos circulares.<\/p>\n","protected":false},"excerpt":{"rendered":"<p>Modelo anat\u00f3mico del hombro con m\u00fasculos del manguito rotador desmontables. [&#8230;]<\/p>\n<p><a class=\"btn btn-secondary understrap-read-more-link\" href=\"https:\/\/delec.com.uy\/en\/product\/a880-modelo-anatomico-humano-articulacion-del-hombro-con-manguito-rotador\/\">Read More&#8230;<span class=\"screen-reader-text\"> from A880 &#8211; Articulaci\u00f3n del Hombro con manguito rotador &#8211; 3B Scientific<\/span><\/a><\/p>\n","protected":false},"featured_media":2469,"template":"","meta":{"_acf_changed":false,"_joinchat":[]},"product_brand":[60],"product_cat":[63,59],"product_tag":[],"class_list":{"0":"post-2468","1":"product","2":"type-product","3":"status-publish","4":"has-post-thumbnail","6":"product_brand-3b-scientific","7":"product_cat-todos","8":"product_cat-modelos-anatomicos","10":"first","11":"instock","12":"shipping-taxable","13":"purchasable","14":"product-type-simple"},"acf":[],"jetpack_sharing_enabled":true,"_links":{"self":[{"href":"https:\/\/delec.com.uy\/en\/wp-json\/wp\/v2\/product\/2468","targetHints":{"allow":["GET"]}}],"collection":[{"href":"https:\/\/delec.com.uy\/en\/wp-json\/wp\/v2\/product"}],"about":[{"href":"https:\/\/delec.com.uy\/en\/wp-json\/wp\/v2\/types\/product"}],"wp:featuredmedia":[{"embeddable":true,"href":"https:\/\/delec.com.uy\/en\/wp-json\/wp\/v2\/media\/2469"}],"wp:attachment":[{"href":"https:\/\/delec.com.uy\/en\/wp-json\/wp\/v2\/media?parent=2468"}],"wp:term":[{"taxonomy":"product_brand","embeddable":true,"href":"https:\/\/delec.com.uy\/en\/wp-json\/wp\/v2\/product_brand?post=2468"},{"taxonomy":"product_cat","embeddable":true,"href":"https:\/\/delec.com.uy\/en\/wp-json\/wp\/v2\/product_cat?post=2468"},{"taxonomy":"product_tag","embeddable":true,"href":"https:\/\/delec.com.uy\/en\/wp-json\/wp\/v2\/product_tag?post=2468"}],"curies":[{"name":"wp","href":"https:\/\/api.w.org\/{rel}","templated":true}]}}