{"id":2451,"date":"2025-02-06T15:49:02","date_gmt":"2025-02-06T18:49:02","guid":{"rendered":"https:\/\/delec.com.uy\/?post_type=product&#038;p=2451"},"modified":"2025-11-24T09:49:48","modified_gmt":"2025-11-24T12:49:48","slug":"modelo-anatomico-humano-esqueleto-stan-a10-tamano-natural","status":"publish","type":"product","link":"https:\/\/delec.com.uy\/en\/product\/modelo-anatomico-humano-esqueleto-stan-a10-tamano-natural\/","title":{"rendered":"A10 Esqueleto Stan Sobre pie met\u00e1lico con 5 ruedas &#8211; 3B Scientific"},"content":{"rendered":"<p>Calidad demostrada, postura a\u00fan m\u00e1s firme.<br \/>\nStan, el modelo b\u00e1sico de esqueleto humano, es apreciado desde hace d\u00e9cadas en el mundo entero. Gracias a su excelente calidad y resistencia, es ideal para su uso en hospitales, colegios, universidades y laboratorios. Dec\u00eddase por un genuino Stan, el esqueleto artificial original. \u00a1Reeditado sobre un soporte a\u00fan m\u00e1s firme con 5 ruedas!<\/p>\n<p><strong>Otras ventajas del esqueleto de 3B Scientific\u00ae son:<\/strong><\/p>\n<p>\u2022 Relaci\u00f3n calidad-precio \u00fanica<br \/>\n\u2022 Excelente calidad<br \/>\n\u2022 Montaje final manual<br \/>\n\u2022 Fabricado con material pl\u00e1stico irrompible<br \/>\n\u2022 Sobre pie met\u00e1lico con 5 ruedas (lacado en blanco)<br \/>\n\u2022 Peso similar al natural de los aproximadamente 200 huesos<br \/>\n\u2022 Esqueleto de tama\u00f1o natural<br \/>\n\u2022 Cr\u00e1neo de tres piezas<br \/>\n\u2022 Dientes montados cada uno por separado<br \/>\n\u2022 Los diferentes miembros pueden desmontarse de manera f\u00e1cil y r\u00e1pida<\/p>\n<p>Se entrega con el pie incluido y una funda guardapolvo transparente.<\/p>\n","protected":false},"excerpt":{"rendered":"<p>Esqueleto humano Stan, tama\u00f1o natural, durable y desmontable. Pl\u00e1stico irrompible, cr\u00e1neo en tres piezas y base firme con 5 ruedas. [&#8230;]<\/p>\n<p><a class=\"btn btn-secondary understrap-read-more-link\" href=\"https:\/\/delec.com.uy\/en\/product\/modelo-anatomico-humano-esqueleto-stan-a10-tamano-natural\/\">Read More&#8230;<span class=\"screen-reader-text\"> from A10 Esqueleto Stan Sobre pie met\u00e1lico con 5 ruedas &#8211; 3B Scientific<\/span><\/a><\/p>\n","protected":false},"featured_media":2415,"template":"","meta":{"_acf_changed":false,"_joinchat":[]},"product_brand":[60],"product_cat":[63,59],"product_tag":[],"class_list":{"0":"post-2451","1":"product","2":"type-product","3":"status-publish","4":"has-post-thumbnail","6":"product_brand-3b-scientific","7":"product_cat-todos","8":"product_cat-modelos-anatomicos","10":"first","11":"instock","12":"shipping-taxable","13":"purchasable","14":"product-type-simple"},"acf":[],"jetpack_sharing_enabled":true,"_links":{"self":[{"href":"https:\/\/delec.com.uy\/en\/wp-json\/wp\/v2\/product\/2451","targetHints":{"allow":["GET"]}}],"collection":[{"href":"https:\/\/delec.com.uy\/en\/wp-json\/wp\/v2\/product"}],"about":[{"href":"https:\/\/delec.com.uy\/en\/wp-json\/wp\/v2\/types\/product"}],"wp:featuredmedia":[{"embeddable":true,"href":"https:\/\/delec.com.uy\/en\/wp-json\/wp\/v2\/media\/2415"}],"wp:attachment":[{"href":"https:\/\/delec.com.uy\/en\/wp-json\/wp\/v2\/media?parent=2451"}],"wp:term":[{"taxonomy":"product_brand","embeddable":true,"href":"https:\/\/delec.com.uy\/en\/wp-json\/wp\/v2\/product_brand?post=2451"},{"taxonomy":"product_cat","embeddable":true,"href":"https:\/\/delec.com.uy\/en\/wp-json\/wp\/v2\/product_cat?post=2451"},{"taxonomy":"product_tag","embeddable":true,"href":"https:\/\/delec.com.uy\/en\/wp-json\/wp\/v2\/product_tag?post=2451"}],"curies":[{"name":"wp","href":"https:\/\/api.w.org\/{rel}","templated":true}]}}