{"id":2378,"date":"2025-02-06T13:46:23","date_gmt":"2025-02-06T16:46:23","guid":{"rendered":"https:\/\/delec.com.uy\/?post_type=product&#038;p=2378"},"modified":"2025-03-05T16:06:05","modified_gmt":"2025-03-05T19:06:05","slug":"a89-modelo-anatomico-humano-modelo-de-la-articulacion-de-la-rodilla","status":"publish","type":"product","link":"https:\/\/delec.com.uy\/en\/product\/a89-modelo-anatomico-humano-modelo-de-la-articulacion-de-la-rodilla\/","title":{"rendered":"A89 Modelo de la Articulaci\u00f3n de la Rodilla &#8211; 3B Scientific"},"content":{"rendered":"<p>Este modelo ayuda a explicar gr\u00e1ficamente las diversas enfermedades de la articulaci\u00f3n de la rodilla (articulatio genus) humana y tambi\u00e9n las posibles formas de tratamiento. La articulaci\u00f3n de una rodilla derecha sana est\u00e1 representada a tama\u00f1o natural y en posici\u00f3n erecta, incluyendo parte del muslo, de la tibia y del peron\u00e9, as\u00ed como los ligamentos y la r\u00f3tula. Sobre un z\u00f3calo.<\/p>\n<p>Cada modelo anat\u00f3mico original de 3B Scientific\u00ae le proporciona acceso directo a su gemelo digital en un smartphone, tablet o dispositivo de sobremesa.<\/p>\n<p>Disfrute de contenido anat\u00f3mico virtual exclusivo con las siguientes caracter\u00edsticas:<\/p>\n<ol>\n<li>Rotaci\u00f3n libre, aumento y reducci\u00f3n del modelo digital<\/li>\n<li>Visualizaci\u00f3n de las zonas activas y sus estructuras anat\u00f3micas<\/li>\n<li>Inicio del modelo de anatom\u00eda virtual mediante realidad aumentada (AR)<\/li>\n<li>Cuestionarios de anatom\u00eda para probar y mejorar su nivel de conocimientos anat\u00f3micos con resultados instant\u00e1neos y puntuaci\u00f3n final de evaluaci\u00f3n<\/li>\n<li>Funci\u00f3n de dibujo para personalizar, guardar y compartir im\u00e1genes<\/li>\n<li>Funci\u00f3n de notas \u00fatiles para ayudarlo con su aprendizaje personal<\/li>\n<li>Aprendizaje de anatom\u00eda masculina y femenina<\/li>\n<li>F\u00e1cil acceso a contenido 3D con y sin conexi\u00f3n<\/li>\n<li>Disponible en 11 idiomas<\/li>\n<\/ol>\n","protected":false},"excerpt":{"rendered":"<p>Modelo anat\u00f3mico de rodilla derecha con ligamentos y r\u00f3tula. Incluye gemelo digital con AR, 3D, cuestionarios, notas y multiling\u00fce. [&#8230;]<\/p>\n<p><a class=\"btn btn-secondary understrap-read-more-link\" href=\"https:\/\/delec.com.uy\/en\/product\/a89-modelo-anatomico-humano-modelo-de-la-articulacion-de-la-rodilla\/\">Read More&#8230;<span class=\"screen-reader-text\"> from A89 Modelo de la Articulaci\u00f3n de la Rodilla &#8211; 3B Scientific<\/span><\/a><\/p>\n","protected":false},"featured_media":2379,"template":"","meta":{"_acf_changed":false,"_joinchat":[]},"product_brand":[60],"product_cat":[63,59],"product_tag":[],"class_list":{"0":"post-2378","1":"product","2":"type-product","3":"status-publish","4":"has-post-thumbnail","6":"product_brand-3b-scientific","7":"product_cat-todos","8":"product_cat-modelos-anatomicos","10":"first","11":"instock","12":"shipping-taxable","13":"purchasable","14":"product-type-simple"},"acf":[],"jetpack_sharing_enabled":true,"_links":{"self":[{"href":"https:\/\/delec.com.uy\/en\/wp-json\/wp\/v2\/product\/2378","targetHints":{"allow":["GET"]}}],"collection":[{"href":"https:\/\/delec.com.uy\/en\/wp-json\/wp\/v2\/product"}],"about":[{"href":"https:\/\/delec.com.uy\/en\/wp-json\/wp\/v2\/types\/product"}],"wp:featuredmedia":[{"embeddable":true,"href":"https:\/\/delec.com.uy\/en\/wp-json\/wp\/v2\/media\/2379"}],"wp:attachment":[{"href":"https:\/\/delec.com.uy\/en\/wp-json\/wp\/v2\/media?parent=2378"}],"wp:term":[{"taxonomy":"product_brand","embeddable":true,"href":"https:\/\/delec.com.uy\/en\/wp-json\/wp\/v2\/product_brand?post=2378"},{"taxonomy":"product_cat","embeddable":true,"href":"https:\/\/delec.com.uy\/en\/wp-json\/wp\/v2\/product_cat?post=2378"},{"taxonomy":"product_tag","embeddable":true,"href":"https:\/\/delec.com.uy\/en\/wp-json\/wp\/v2\/product_tag?post=2378"}],"curies":[{"name":"wp","href":"https:\/\/api.w.org\/{rel}","templated":true}]}}