{"id":2375,"date":"2025-02-06T13:38:11","date_gmt":"2025-02-06T16:38:11","guid":{"rendered":"https:\/\/delec.com.uy\/?post_type=product&#038;p=2375"},"modified":"2025-02-21T16:24:16","modified_gmt":"2025-02-21T19:24:16","slug":"p31-modelo-masculino-de-cuidado-del-bebe","status":"publish","type":"product","link":"https:\/\/delec.com.uy\/en\/product\/p31-modelo-masculino-de-cuidado-del-bebe\/","title":{"rendered":"P31 Modelo Masculino de cuidado del Beb\u00e9"},"content":{"rendered":"<p>Ideal para cursos de preparaci\u00f3n al parto! Este modelo totalmente realista de un reci\u00e9n nacido de sexo masculino est\u00e1 indicado para distintos procedimientos de formaci\u00f3n:<\/p>\n<p>&#8211; Cambiar los pa\u00f1ales<br \/>\n&#8211; Alimentaci\u00f3n y administraci\u00f3n de medicamentos<br \/>\n&#8211; Extracci\u00f3n de muestras de orina<br \/>\n&#8211; Vestir y desvestir<br \/>\n&#8211; Tomar en brazos, transportar y posicionar al beb\u00e9 (la cabeza se inclina hacia atr\u00e1s cuando no est\u00e1 bien sujeto)<br \/>\n&#8211; Ba\u00f1ar, lavar dientes, ojos, orejas y nariz<br \/>\n&#8211; Toma de temperatura rectal<br \/>\n&#8211; Exploraci\u00f3n de fontanelas y test\u00edculos<\/p>\n","protected":false},"excerpt":{"rendered":"<p>Modelo totalmente realista de un reci\u00e9n nacido. [&#8230;]<\/p>\n<p><a class=\"btn btn-secondary understrap-read-more-link\" href=\"https:\/\/delec.com.uy\/en\/product\/p31-modelo-masculino-de-cuidado-del-bebe\/\">Read More&#8230;<span class=\"screen-reader-text\"> from P31 Modelo Masculino de cuidado del Beb\u00e9<\/span><\/a><\/p>\n","protected":false},"featured_media":2354,"template":"","meta":{"_acf_changed":false,"_joinchat":[]},"product_brand":[60],"product_cat":[63,61],"product_tag":[],"class_list":{"0":"post-2375","1":"product","2":"type-product","3":"status-publish","4":"has-post-thumbnail","6":"product_brand-3b-scientific","7":"product_cat-todos","8":"product_cat-simulador-de-paciente","10":"first","11":"instock","12":"shipping-taxable","13":"purchasable","14":"product-type-simple"},"acf":[],"jetpack_sharing_enabled":true,"_links":{"self":[{"href":"https:\/\/delec.com.uy\/en\/wp-json\/wp\/v2\/product\/2375","targetHints":{"allow":["GET"]}}],"collection":[{"href":"https:\/\/delec.com.uy\/en\/wp-json\/wp\/v2\/product"}],"about":[{"href":"https:\/\/delec.com.uy\/en\/wp-json\/wp\/v2\/types\/product"}],"wp:featuredmedia":[{"embeddable":true,"href":"https:\/\/delec.com.uy\/en\/wp-json\/wp\/v2\/media\/2354"}],"wp:attachment":[{"href":"https:\/\/delec.com.uy\/en\/wp-json\/wp\/v2\/media?parent=2375"}],"wp:term":[{"taxonomy":"product_brand","embeddable":true,"href":"https:\/\/delec.com.uy\/en\/wp-json\/wp\/v2\/product_brand?post=2375"},{"taxonomy":"product_cat","embeddable":true,"href":"https:\/\/delec.com.uy\/en\/wp-json\/wp\/v2\/product_cat?post=2375"},{"taxonomy":"product_tag","embeddable":true,"href":"https:\/\/delec.com.uy\/en\/wp-json\/wp\/v2\/product_tag?post=2375"}],"curies":[{"name":"wp","href":"https:\/\/api.w.org\/{rel}","templated":true}]}}