{"id":2374,"date":"2025-02-06T13:36:21","date_gmt":"2025-02-06T16:36:21","guid":{"rendered":"https:\/\/delec.com.uy\/?post_type=product&#038;p=2374"},"modified":"2025-02-21T16:20:37","modified_gmt":"2025-02-21T19:20:37","slug":"p57-simulador-de-inyeccion-para-los-gluteos","status":"publish","type":"product","link":"https:\/\/delec.com.uy\/en\/product\/p57-simulador-de-inyeccion-para-los-gluteos\/","title":{"rendered":"P57 Simulador de inyecci\u00f3n para gl\u00fateos"},"content":{"rendered":"<p>Este \u00fatil simulador, que se puede abrochar, muestra de forma fiel el gl\u00fateo derecho con todos los puntos anat\u00f3micos t\u00e1ctiles importantes para una inyecci\u00f3n en el tejido muscular e intramuscular: la cresta il\u00edaca, la espina il\u00edaca delantera superior y el troc\u00e1nter mayor.<\/p>\n<p>Gracias a la avanzada electr\u00f3nica incorporada se puede practicar la t\u00e9cnica de inyecci\u00f3n intramuscular: si la inyecci\u00f3n se ha hecho correctamente, se le indica al alumno mediante una se\u00f1al audiovisual. Los modos de ejercicios y control adicionales permiten controlar en el momento del aprendizaje el \u00e9xito de forma inmediata o posteriormente.<\/p>\n<p>En el suministro se incluye una aguja de inyecci\u00f3n 21G\/0,8 y una jeringa de 5 ml.<\/p>\n<p>Importante: No llene la jeringa con l\u00edquido. La unidad s\u00f3lo est\u00e1 destinada a la pr\u00e1ctica en seco.<\/p>\n","protected":false},"excerpt":{"rendered":"<p>Modelo de gl\u00fateo derecho con todos los puntos anat\u00f3micos t\u00e1ctiles para una inyecci\u00f3n en el tejido muscular. [&#8230;]<\/p>\n<p><a class=\"btn btn-secondary understrap-read-more-link\" href=\"https:\/\/delec.com.uy\/en\/product\/p57-simulador-de-inyeccion-para-los-gluteos\/\">Read More&#8230;<span class=\"screen-reader-text\"> from P57 Simulador de inyecci\u00f3n para gl\u00fateos<\/span><\/a><\/p>\n","protected":false},"featured_media":2348,"template":"","meta":{"_acf_changed":false,"_joinchat":[]},"product_brand":[60],"product_cat":[63,44],"product_tag":[],"class_list":{"0":"post-2374","1":"product","2":"type-product","3":"status-publish","4":"has-post-thumbnail","6":"product_brand-3b-scientific","7":"product_cat-todos","8":"product_cat-intervencionismo","10":"first","11":"instock","12":"shipping-taxable","13":"purchasable","14":"product-type-simple"},"acf":[],"jetpack_sharing_enabled":true,"_links":{"self":[{"href":"https:\/\/delec.com.uy\/en\/wp-json\/wp\/v2\/product\/2374","targetHints":{"allow":["GET"]}}],"collection":[{"href":"https:\/\/delec.com.uy\/en\/wp-json\/wp\/v2\/product"}],"about":[{"href":"https:\/\/delec.com.uy\/en\/wp-json\/wp\/v2\/types\/product"}],"wp:featuredmedia":[{"embeddable":true,"href":"https:\/\/delec.com.uy\/en\/wp-json\/wp\/v2\/media\/2348"}],"wp:attachment":[{"href":"https:\/\/delec.com.uy\/en\/wp-json\/wp\/v2\/media?parent=2374"}],"wp:term":[{"taxonomy":"product_brand","embeddable":true,"href":"https:\/\/delec.com.uy\/en\/wp-json\/wp\/v2\/product_brand?post=2374"},{"taxonomy":"product_cat","embeddable":true,"href":"https:\/\/delec.com.uy\/en\/wp-json\/wp\/v2\/product_cat?post=2374"},{"taxonomy":"product_tag","embeddable":true,"href":"https:\/\/delec.com.uy\/en\/wp-json\/wp\/v2\/product_tag?post=2374"}],"curies":[{"name":"wp","href":"https:\/\/api.w.org\/{rel}","templated":true}]}}