{"id":2372,"date":"2025-02-06T13:26:45","date_gmt":"2025-02-06T16:26:45","guid":{"rendered":"https:\/\/delec.com.uy\/?post_type=product&#038;p=2372"},"modified":"2025-02-21T16:55:41","modified_gmt":"2025-02-21T19:55:41","slug":"belonil-w17006-bebe-fisio-con-ropa","status":"publish","type":"product","link":"https:\/\/delec.com.uy\/en\/product\/belonil-w17006-bebe-fisio-con-ropa\/","title":{"rendered":"Belonil W17006 Beb\u00e9 Fisio con ropa."},"content":{"rendered":"<p>Modelo de beb\u00e9 ideal para entrenar los principios principales del cuidado en el colegio y en cursos de preparaci\u00f3n de padres j\u00f3venes.<\/p>\n<p>Permite vestir, desvestir, lavar, cambiar pa\u00f1ales y muchos otros procedimientos. Debido al tama\u00f1o real de un reci\u00e9n nacido, usted puede utilizar ropa para beb\u00e9 normal. La mu\u00f1eca tiene coyuntura m\u00f3vil, los ojos est\u00e1n parcialmente abiertos. Los miembros, la cabeza y la cintura son m\u00f3viles, de forma que tambi\u00e9n puede usted practicar gimnasia para beb\u00e9s y hacer ejercicios de gimnasia terap\u00e9utica. Los ojos se pueden abrir y cerrar.<\/p>\n","protected":false},"excerpt":{"rendered":"<p>Modelo de beb\u00e9 para cuidados b\u00e1sicos. [&#8230;]<\/p>\n<p><a class=\"btn btn-secondary understrap-read-more-link\" href=\"https:\/\/delec.com.uy\/en\/product\/belonil-w17006-bebe-fisio-con-ropa\/\">Read More&#8230;<span class=\"screen-reader-text\"> from Belonil W17006 Beb\u00e9 Fisio con ropa.<\/span><\/a><\/p>\n","protected":false},"featured_media":2342,"template":"","meta":{"_acf_changed":false,"_joinchat":[]},"product_brand":[60],"product_cat":[63,61],"product_tag":[],"class_list":{"0":"post-2372","1":"product","2":"type-product","3":"status-publish","4":"has-post-thumbnail","6":"product_brand-3b-scientific","7":"product_cat-todos","8":"product_cat-simulador-de-paciente","10":"first","11":"instock","12":"shipping-taxable","13":"purchasable","14":"product-type-simple"},"acf":[],"jetpack_sharing_enabled":true,"_links":{"self":[{"href":"https:\/\/delec.com.uy\/en\/wp-json\/wp\/v2\/product\/2372","targetHints":{"allow":["GET"]}}],"collection":[{"href":"https:\/\/delec.com.uy\/en\/wp-json\/wp\/v2\/product"}],"about":[{"href":"https:\/\/delec.com.uy\/en\/wp-json\/wp\/v2\/types\/product"}],"wp:featuredmedia":[{"embeddable":true,"href":"https:\/\/delec.com.uy\/en\/wp-json\/wp\/v2\/media\/2342"}],"wp:attachment":[{"href":"https:\/\/delec.com.uy\/en\/wp-json\/wp\/v2\/media?parent=2372"}],"wp:term":[{"taxonomy":"product_brand","embeddable":true,"href":"https:\/\/delec.com.uy\/en\/wp-json\/wp\/v2\/product_brand?post=2372"},{"taxonomy":"product_cat","embeddable":true,"href":"https:\/\/delec.com.uy\/en\/wp-json\/wp\/v2\/product_cat?post=2372"},{"taxonomy":"product_tag","embeddable":true,"href":"https:\/\/delec.com.uy\/en\/wp-json\/wp\/v2\/product_tag?post=2372"}],"curies":[{"name":"wp","href":"https:\/\/api.w.org\/{rel}","templated":true}]}}