{"id":2211,"date":"2025-02-05T12:10:42","date_gmt":"2025-02-05T15:10:42","guid":{"rendered":"https:\/\/delec.com.uy\/?post_type=product&#038;p=2211"},"modified":"2025-02-24T13:00:54","modified_gmt":"2025-02-24T16:00:54","slug":"otro-pod","status":"publish","type":"product","link":"https:\/\/delec.com.uy\/en\/product\/otro-pod\/","title":{"rendered":"P124 Sonotrain Modelo de Pecho con tumores"},"content":{"rendered":"<p>Modelo realista de pecho fabricado en material apto para ecograf\u00edas, con tres tumores para realizar punciones y extracci\u00f3n de tejidos.<\/p>\n<p>\u2022 F\u00e1cil de usar<br \/>\n\u2022 Econ\u00f3mico<br \/>\n\u2022 Ecogenicidad<\/p>\n<p>Realista &#8211; El material del entrenador SONOtrain simula la sensaci\u00f3n de los tejidos blandos real para llevar a cabo las palpaciones, las inyecciones, la muestra la textura realista y la ecogenicidad en las im\u00e1genes de ultrasonido.<br \/>\nEl entrenador SONOtrain es una excelente herramienta de ense\u00f1anza para la formaci\u00f3n b\u00e1sica, para la mejorar la destreza en la coordinaci\u00f3n de las habilidades de mano-ojo.<\/p>\n","protected":false},"excerpt":{"rendered":"<p>El entrenador SONOtrain simula la sensaci\u00f3n de los tejidos blandos real para llevar a cabo las palpaciones, las inyecciones, la muestra la textura realista y la ecogenicidad en las im\u00e1genes de ultrasonido. [&#8230;]<\/p>\n<p><a class=\"btn btn-secondary understrap-read-more-link\" href=\"https:\/\/delec.com.uy\/en\/product\/otro-pod\/\">Read More&#8230;<span class=\"screen-reader-text\"> from P124 Sonotrain Modelo de Pecho con tumores<\/span><\/a><\/p>\n","protected":false},"featured_media":2307,"template":"","meta":{"_acf_changed":false,"_joinchat":[]},"product_brand":[60],"product_cat":[63,44],"product_tag":[],"class_list":{"0":"post-2211","1":"product","2":"type-product","3":"status-publish","4":"has-post-thumbnail","6":"product_brand-3b-scientific","7":"product_cat-todos","8":"product_cat-intervencionismo","10":"first","11":"instock","12":"shipping-taxable","13":"purchasable","14":"product-type-simple"},"acf":[],"jetpack_sharing_enabled":true,"_links":{"self":[{"href":"https:\/\/delec.com.uy\/en\/wp-json\/wp\/v2\/product\/2211","targetHints":{"allow":["GET"]}}],"collection":[{"href":"https:\/\/delec.com.uy\/en\/wp-json\/wp\/v2\/product"}],"about":[{"href":"https:\/\/delec.com.uy\/en\/wp-json\/wp\/v2\/types\/product"}],"wp:featuredmedia":[{"embeddable":true,"href":"https:\/\/delec.com.uy\/en\/wp-json\/wp\/v2\/media\/2307"}],"wp:attachment":[{"href":"https:\/\/delec.com.uy\/en\/wp-json\/wp\/v2\/media?parent=2211"}],"wp:term":[{"taxonomy":"product_brand","embeddable":true,"href":"https:\/\/delec.com.uy\/en\/wp-json\/wp\/v2\/product_brand?post=2211"},{"taxonomy":"product_cat","embeddable":true,"href":"https:\/\/delec.com.uy\/en\/wp-json\/wp\/v2\/product_cat?post=2211"},{"taxonomy":"product_tag","embeddable":true,"href":"https:\/\/delec.com.uy\/en\/wp-json\/wp\/v2\/product_tag?post=2211"}],"curies":[{"name":"wp","href":"https:\/\/api.w.org\/{rel}","templated":true}]}}